{"id":181,"date":"2024-04-14T19:16:26","date_gmt":"2024-04-14T18:16:26","guid":{"rendered":"https:\/\/earth2.wiki\/?page_id=181"},"modified":"2024-04-15T08:29:56","modified_gmt":"2024-04-15T07:29:56","slug":"trending-regions-earth2","status":"publish","type":"page","link":"https:\/\/earth2.wiki\/it\/regioni-di-tendenza-terra2\/","title":{"rendered":"Regioni di tendenza in Earth2"},"content":{"rendered":"<p>Earth2 Wiki fornisce un'analisi settimanale delle Regioni di tendenza nel Metaverso di Earth2. Esaminare le tendenze mensili delle Regioni di Earth2 aiuta enormemente i nostri membri della Camera a identificare i modelli a lungo termine della domanda dei loro beni virtuali in Earth2.<\/p>\n\n\n\n<p>Il Metaverso di Earth2 \u00e8 un affascinante mondo virtuale in cui \u00e8 possibile possedere terreni basati su localit\u00e0 del mondo reale e, secondo le ultime tendenze, alcune regioni di Earth 2 sono attualmente pi\u00f9 in voga di altre. In questo articolo forniremo una panoramica analitica delle regioni di maggiore tendenza in Earth 2 e delle loro prospettive di investimento.<\/p>\n\n\n\n<p>In Earth 2, le regioni di maggior tendenza sono classificate in due livelli - Tier 2 e Tier 3 - in base alla loro popolarit\u00e0 e al numero di tessere occupate nelle regioni.<\/p>\n\n\n\n<h2 class=\"wp-block-heading\">Piastrelle Trending Earth2 Tier2 (T2)<\/h2>\n\n\n\n<p><strong>Trinidad e Tobago<\/strong> ha un prezzo di E$0,28 per tessera e occupa 11.988 tessere. \u00c8 una localit\u00e0 popolare in Terra2, con le sue bellissime spiagge caraibiche e la sua ricca cultura.<\/p>\n\n\n\n<p><strong>Kiribati <\/strong>ha un prezzo di E$0,23 per tessera e copre 11.687 tessere. Si trova nell'Oceano Pacifico centrale e sta diventando una destinazione popolare in Terra 2 grazie ai suoi paesaggi mozzafiato e alla sua cultura unica.<\/p>\n\n\n\n<p><strong>Etiopia<\/strong> ha un prezzo di E$0,34 per tessera e comprende 9.880 tessere. \u00c8 un Paese senza sbocco sul mare nel Corno d'Africa ed \u00e8 noto per la sua ricca storia, la sua cultura diversificata e i suoi paesaggi mozzafiato.<\/p>\n\n\n\n<p><strong>Isole Cook <\/strong>ha un prezzo di E$0,22 per piastrella e copre 7.258 piastrelle. Questa splendida isola paradisiaca si trova nell'Oceano Pacifico meridionale e sta diventando una localit\u00e0 molto ambita in Earth 2 grazie alla sua bellezza naturale e alle sue spiagge idilliache.CopySaveRemove<\/p>\n\n\n\n<p><strong>Zimbabwe <\/strong>ha un prezzo di E$0,58 per piastrella e si estende per 5.911 piastrelle. Questo bellissimo Paese africano \u00e8 noto per la sua ricca cultura, gli splendidi paesaggi naturali e l'abbondante fauna selvatica.<\/p>\n\n\n\n<h2 class=\"wp-block-heading\">Piastrelle Trending Earth2 Tier3 (T3)<\/h2>\n\n\n\n<p><strong>Jeju-do<\/strong> ha un prezzo di E$0,22 per tessera e occupa ben 116.197 tessere. \u00c8 un'isola situata nella Corea del Sud e sta diventando una location popolare in Earth 2 grazie ai suoi splendidi scenari naturali, tra cui spiagge meravigliose, paesaggi vulcanici e sorgenti termali naturali.CopySaveRemove<\/p>\n\n\n\n<p><strong>Nevada<\/strong> ha un prezzo di E$0,19 per tessera e copre 95.532 tessere. \u00c8 una destinazione popolare in Earth 2 grazie ai suoi splendidi paesaggi naturali e alle sue attrazioni famose in tutto il mondo, come la striscia di Las Vegas e il Grand Canyon.CopySaveRemove<\/p>\n\n\n\n<p><strong>Abu Dhabi<\/strong> ha un prezzo di E$0,17 per piastrella e si estende per 83.273 piastrelle. Questa splendida citt\u00e0 degli Emirati Arabi Uniti \u00e8 nota per la sua splendida architettura, gli hotel di lusso e le infinite possibilit\u00e0 di intrattenimento.<\/p>\n\n\n\n<p><strong>Capo occidentale<\/strong> ha un prezzo di E$0,16 per piastrella e comprende 73.414 piastrelle. Questa regione del Sudafrica sta diventando una localit\u00e0 molto ambita in Earth 2 grazie ai suoi paesaggi naturali mozzafiato, alle bellissime spiagge e al ricco patrimonio culturale.<\/p>\n\n\n\n<p><strong>Attica<\/strong> ha un prezzo di E$0,16 per piastrella e copre 67.222 piastrelle. Questa regione della Grecia sta diventando una destinazione popolare in Earth 2 grazie al suo ricco patrimonio culturale, alle antiche rovine e alle straordinarie bellezze naturali.<\/p>\n\n\n\n<h2 class=\"wp-block-heading\">Prospettiva di investimento<\/h2>\n\n\n\n<p>Dal punto di vista degli investimenti, vale la pena considerare le regioni di Terra 2 con prezzi pi\u00f9 contenuti. Ad esempio, <strong>Trinidad Tobago<\/strong> e <strong>Kiribati <\/strong>in <strong>Livello2 <\/strong>e <strong>Capo occidentale <\/strong>e <strong>Attica <\/strong>in <strong>Livello 3 <\/strong>tutti hanno <strong>un prezzo inferiore per piastrella. <\/strong>Questo potrebbe potenzialmente renderli investimenti pi\u00f9 convenienti e offrire un maggiore ritorno sull'investimento nel lungo periodo. Tuttavia, \u00e8 importante notare che l'investimento in terreni virtuali \u00e8 una <strong>investimenti speculativi,<\/strong> ed \u00e8 fondamentale effettuare una ricerca approfondita prima di investire qualsiasi importo.<\/p>\n\n\n\n<p>Inoltre, se siete alla ricerca dei terreni nuovi pi\u00f9 economici, prendete in considerazione le miniere. <strong>Essence in North Pyongan, Corea (Repubblica Democratica Popolare di) e Grenadine, Saint Vincent e Grenadine. <\/strong>Questi territori hanno guadagnato un'immensa popolarit\u00e0 tra gli investitori grazie alla loro <strong>potenziale minerario <\/strong>e sono gli attuali leader in termini di numero di voti ricevuti.<\/p>","protected":false},"excerpt":{"rendered":"<p>Earth2 Wiki provides weekly Analysis of the Trending Regions in Earth2 Metaverse. Examining the monthly trends of Earth2 Regions, tremendously help our House Members identify the long-term patterns in demand of their virtual assets in Earth2. The Earth2 Metaverse is a fascinating virtual world where you can own land locations that are based on real-world [&hellip;]<\/p>\n","protected":false},"author":1,"featured_media":0,"parent":0,"menu_order":0,"comment_status":"closed","ping_status":"closed","template":"","meta":{"footnotes":""},"_links":{"self":[{"href":"https:\/\/earth2.wiki\/it\/wp-json\/wp\/v2\/pages\/181"}],"collection":[{"href":"https:\/\/earth2.wiki\/it\/wp-json\/wp\/v2\/pages"}],"about":[{"href":"https:\/\/earth2.wiki\/it\/wp-json\/wp\/v2\/types\/page"}],"author":[{"embeddable":true,"href":"https:\/\/earth2.wiki\/it\/wp-json\/wp\/v2\/users\/1"}],"replies":[{"embeddable":true,"href":"https:\/\/earth2.wiki\/it\/wp-json\/wp\/v2\/comments?post=181"}],"version-history":[{"count":6,"href":"https:\/\/earth2.wiki\/it\/wp-json\/wp\/v2\/pages\/181\/revisions"}],"predecessor-version":[{"id":412,"href":"https:\/\/earth2.wiki\/it\/wp-json\/wp\/v2\/pages\/181\/revisions\/412"}],"wp:attachment":[{"href":"https:\/\/earth2.wiki\/it\/wp-json\/wp\/v2\/media?parent=181"}],"curies":[{"name":"wp","href":"https:\/\/api.w.org\/{rel}","templated":true}]}}