{"id":146,"date":"2024-04-14T18:57:19","date_gmt":"2024-04-14T17:57:19","guid":{"rendered":"https:\/\/earth2.wiki\/?page_id=146"},"modified":"2024-04-15T03:38:04","modified_gmt":"2024-04-15T02:38:04","slug":"automate-earth2-mining-with-civilians-ai","status":"publish","type":"page","link":"https:\/\/earth2.wiki\/it\/automatizzare-lestrazione-mineraria-di-earth2-con-i-civili-ai\/","title":{"rendered":"Automatizzare l'estrazione di criptovalute su Earth2 con i civili NFT (feat. A.I.)"},"content":{"rendered":"<p>Earth2 \u00e8 uno dei pi\u00f9 recenti ed entusiasmanti sviluppi nel mondo del mining di criptovalute, che offre agli investitori l'opportunit\u00e0 di investire in appezzamenti di terreno virtuali e di ottenere profitti attraverso una variet\u00e0 di metodi, tra cui il gioco, il commercio elettronico e gli immobili virtuali. Con il recente annuncio della funzione Civilians, \u00e8 ora possibile automatizzare e ottimizzare ulteriormente la routine di mining di criptovalute di Earth2 con l'aiuto di Civilians NFT.<\/p>\n\n\n\n<p>La funzione Civilians \u00e8 un nuovo potente strumento che rende pi\u00f9 facile ed efficiente che mai la gestione dei vostri appezzamenti e investimenti su Earth2. In futuro, i civili si evolveranno in PNG dotati di intelligenza artificiale che riempiranno la vasta e illimitata scala del Metaverso di Earth2.<\/p>\n\n\n\n<p>Con i Civili, non dovrete pi\u00f9 affidarvi a infiniti clic per caricare, lanciare raid o distribuire ricompense. I Civiliani permettono di gestire con facilit\u00e0 i vostri investimenti su Earth2.<\/p>\n\n\n\n<p>Che siate investitori alle prime armi o professionisti esperti, i civili possono aiutarvi a ottimizzare i vostri investimenti nelle risorse di Earth2 e a massimizzare i vostri profitti. Fornendovi intuizioni e raccomandazioni basate sui dati, i civili geologi e futuri analisti di dati possono aiutarvi a prendere decisioni informate su dove acquistare e quando vendere i vostri terreni virtuali, in base alle tendenze e ai modelli di mercato.<\/p>\n\n\n\n<h1 class=\"wp-block-heading\">Fazioni, cio\u00e8 fede, religione in Terra2<\/h1>\n\n\n\n<p>Proprio come l'umanit\u00e0 di Earth1, i civili di Earth2 sono un gruppo di persone molto diverse tra loro, con credenze, valori e culture proprie. Proprio come i loro creatori in Terra1, i civili di Terra2 finiscono in conflitti e disaccordi tra le tre diverse fazioni: Forza Spaziale, Ribelli e Divinit\u00e0 egizie e seguaci.<\/p>\n\n\n\n<p>Diamo un'occhiata pi\u00f9 da vicino a ciascuna di queste fazioni per comprendere meglio le loro convinzioni e i loro valori.<\/p>\n\n\n\n<h2 class=\"wp-block-heading\">Impero della forza spaziale<\/h2>\n\n\n\n<p>Fermezza e controllo (la MBTI \"J\" prospera qui),<\/p>\n\n\n\n<h5 class=\"wp-block-heading\">TAG: #Grifondoro, #Democratici, #BlueTeam, #Biden2024, #\uc815\ud30c, #<strong><strong>\u6b63\u6d3e<\/strong><\/strong>, #<strong><strong>\u305b\u3044\u3068\u3046<\/strong><\/strong>, <strong>\u0627\u0644\u0635\u0641\u0627\u0621<\/strong>,\u00a0<strong>ortodosso<\/strong>, &#8230;<\/h5>\n\n\n\n<p>Questa fazione \u00e8 la maggioranza e domina tradizionalmente il mercato. Credono fermamente nel mantenimento dell'ordine e della disciplina nella societ\u00e0 e investono molto nell'esplorazione spaziale e nella tecnologia. Molti di loro sono altamente qualificati in campo scientifico e ingegneristico e credono che, attraverso l'uso della tecnologia, possano rendere Terra2 un mondo prospero e fiorente.<\/p>\n\n\n\n<h2 class=\"wp-block-heading\">Mercenari ribelli<\/h2>\n\n\n\n<p>Creativit\u00e0 e rottura (maggioranza MBTI 'N\/P')<\/p>\n\n\n\n<h5 class=\"wp-block-heading\">TAG: #Slytherin, #Republicans, #RedTeam, #Trump2024, #\uc0ac\ud30c, #<strong>\u90aa\u6d3e<\/strong>, \u063a\u064a\u0631 \u062a\u0642\u0644\u064a\u062f\u064a, non ortodosso, ...<\/h5>\n\n\n\n<p>I Ribelli, invece, si oppongono all'orribile uniformit\u00e0 dell'Impero della Forza Spaziale. Credono che la Forza Spaziale stia sopprimendo la loro libert\u00e0 e creativit\u00e0 e vogliono creare un mondo in cui tutti abbiano la libert\u00e0 di esprimersi senza alcuna restrizione. I ribelli sono spesso visti come provocatori e ribelli, ma sono molto appassionati delle loro convinzioni e dei loro valori.<\/p>\n\n\n\n<h2 class=\"wp-block-heading\">Divinit\u00e0 e seguaci egizi<\/h2>\n\n\n\n<p>Tradizione e intuizione (maggioranza MBTI 'S')<\/p>\n\n\n\n<h5 class=\"wp-block-heading\">TAG: #Primative, #Sigma, #NeutralNot, #ElvishDwarf, #Psycho, #RavenClaw, #\ub3c4\uc778, #\u5c0e\u5f15, #\u0633\u0627\u062d\u0631, #Magician<\/h5>\n\n\n\n<p>Gli Dei e i Seguaci egiziani sono la terza e la pi\u00f9 antica fazione di tutti i civili. Sono profondamente radicati nella tradizione e hanno un'aura misteriosa che risale alle origini di ogni civile ENA. Venerano gli dei dell'antico Egitto e hanno un profondo rispetto per la loro cultura e la loro antica saggezza. Credono fortemente nella reincarnazione e nell'aldil\u00e0. Sono spesso considerati mistici e spirituali e molti di loro possiedono capacit\u00e0 psichiche.<\/p>\n\n\n\n<p>Nonostante le differenze, tutte queste fazioni hanno una cosa in comune: l'amore per l'Essenza di Terra2 $$$. Si stanno tutti impegnando per un futuro migliore e pi\u00f9 prospero su Terra2, e tutti i Terrestri sanno che tutti noi prosperiamo e prosperiamo o ci rallegriamo della lenta morte della speranza.<\/p>\n\n\n\n<p>I civili e i terrestri di Earth2 possono avere le loro differenze, ma sono tutti uniti da un obiettivo comune: fare pi\u00f9 soldi $$$, no, rendere il mondo un posto migliore. Che sia attraverso la tecnologia, la creativit\u00e0 o la tradizione, tutti contribuiscono alla crescita e allo sviluppo del Metaverso di Terra2.<\/p>","protected":false},"excerpt":{"rendered":"<p>Earth2 is one of the newest and most exciting developments in the world of crypto mining, providing investors with the opportunity to invest in virtual plots of land and earn profits through a variety of methods, including gaming, eCommerce, and virtual real estate. With the recent announcement of the Civilians feature, it is now possible [&hellip;]<\/p>\n","protected":false},"author":1,"featured_media":0,"parent":0,"menu_order":0,"comment_status":"closed","ping_status":"closed","template":"","meta":{"footnotes":""},"_links":{"self":[{"href":"https:\/\/earth2.wiki\/it\/wp-json\/wp\/v2\/pages\/146"}],"collection":[{"href":"https:\/\/earth2.wiki\/it\/wp-json\/wp\/v2\/pages"}],"about":[{"href":"https:\/\/earth2.wiki\/it\/wp-json\/wp\/v2\/types\/page"}],"author":[{"embeddable":true,"href":"https:\/\/earth2.wiki\/it\/wp-json\/wp\/v2\/users\/1"}],"replies":[{"embeddable":true,"href":"https:\/\/earth2.wiki\/it\/wp-json\/wp\/v2\/comments?post=146"}],"version-history":[{"count":5,"href":"https:\/\/earth2.wiki\/it\/wp-json\/wp\/v2\/pages\/146\/revisions"}],"predecessor-version":[{"id":309,"href":"https:\/\/earth2.wiki\/it\/wp-json\/wp\/v2\/pages\/146\/revisions\/309"}],"wp:attachment":[{"href":"https:\/\/earth2.wiki\/it\/wp-json\/wp\/v2\/media?parent=146"}],"curies":[{"name":"wp","href":"https:\/\/api.w.org\/{rel}","templated":true}]}}