{"id":619,"date":"2024-04-17T13:56:02","date_gmt":"2024-04-17T12:56:02","guid":{"rendered":"https:\/\/earth2.wiki\/?page_id=619"},"modified":"2024-04-17T14:30:46","modified_gmt":"2024-04-17T13:30:46","slug":"all-languages","status":"publish","type":"page","link":"https:\/\/earth2.wiki\/hu\/all-languages\/","title":{"rendered":"Minden nyelv"},"content":{"rendered":"<p>Az Earth2 wiki vil\u00e1gszerte 28 nyelven van jelen, \u00e9s seg\u00edt a k\u00f6z\u00f6ss\u00e9g\u00e9p\u00edt\u00e9sben, valamint abban, hogy t\u00f6bbet tudj meg az Earth2 Metaverse \u00e1ltal k\u00edn\u00e1lt hatalmas lehet\u0151s\u00e9gekr\u0151l.<\/p>\n\n\n\n<p>\u00datmutat\u00f3kat \u00e9s \u00fatmutat\u00f3kat k\u00edn\u00e1lunk a platformon val\u00f3 navig\u00e1l\u00e1shoz \u00e9s a k\u00fcl\u00f6nb\u00f6z\u0151 k\u00f6z\u00f6ss\u00e9gekhez val\u00f3 \u00e9rdemi hozz\u00e1j\u00e1rul\u00e1shoz. Szak\u00e9rt\u0151i csapatunk mindig rendelkez\u00e9sre \u00e1ll, hogy v\u00e1laszoljon az esetlegesen felmer\u00fcl\u0151 k\u00e9rd\u00e9sekre, \u00e9s elk\u00f6telezettek vagyunk amellett, hogy t\u00e1mogassuk felhaszn\u00e1l\u00f3inkat a Metaverse felfedez\u00e9s\u00e9ben.<\/p>\n\n\n\n<figure class=\"wp-block-table\"><table><thead><tr><th><strong>Nyelv<\/strong><\/th><th><strong>URL<\/strong><\/th><\/tr><\/thead><tbody><tr><td>Koreai (\ud55c\uad6d\uc5b4)<\/td><td><a href=\"https:\/\/earth2.wiki\/ko\">earth2.wiki\/ko<\/a><\/td><\/tr><tr><td>Sv\u00e9d (Svenska)<\/td><td><a href=\"https:\/\/earth2.wiki\/sv\">earth2.wiki\/sv<\/a><\/td><\/tr><tr><td>szlov\u00e9n (Sloven\u0161\u010dina)<\/td><td><a href=\"https:\/\/earth2.wiki\/sl\">earth2.wiki\/sl<\/a><\/td><\/tr><tr><td>szlov\u00e1k (Sloven\u010dina)<\/td><td><a href=\"https:\/\/earth2.wiki\/sk\">earth2.wiki\/sk<\/a><\/td><\/tr><tr><td>Rom\u00e1n (Rom\u00e2n\u0103)<\/td><td><a href=\"https:\/\/earth2.wiki\/ro\">earth2.wiki\/ro<\/a><\/td><\/tr><tr><td>Norv\u00e9g Bokm\u00e5l (Norsk Bokm\u00e5l)<\/td><td><a href=\"https:\/\/earth2.wiki\/nb\">earth2.wiki\/nb<\/a><\/td><\/tr><tr><td>litv\u00e1n (Lietuvi\u0173)<\/td><td><a href=\"https:\/\/earth2.wiki\/lt\">earth2.wiki\/lt<\/a><\/td><\/tr><tr><td>Lett (Latvie\u0161u)<\/td><td><a href=\"https:\/\/earth2.wiki\/lv\">earth2.wiki\/lv<\/a><\/td><\/tr><tr><td>Magyar (Magyar)<\/td><td><a href=\"https:\/\/earth2.wiki\/hu\">earth2.wiki\/hu<\/a><\/td><\/tr><tr><td>finn (Suomi)<\/td><td><a href=\"https:\/\/earth2.wiki\/fi\">earth2.wiki\/fi<\/a><\/td><\/tr><tr><td>\u00c9szt (Eesti)<\/td><td><a href=\"https:\/\/earth2.wiki\/et\">earth2.wiki\/et<\/a><\/td><\/tr><tr><td>Cseh (\u010ce\u0161tina)<\/td><td><a href=\"https:\/\/earth2.wiki\/cs\">earth2.wiki\/cs<\/a><\/td><\/tr><tr><td>Bolg\u00e1r (\u0411\u044a\u043b\u0433\u0430\u0440\u0441\u043a\u0438)<\/td><td><a href=\"https:\/\/earth2.wiki\/bg\">earth2.wiki\/bg<\/a><\/td><\/tr><tr><td>Ukr\u00e1n (\u0423\u043a\u0440\u0430\u0457\u043d\u0441\u044c\u043a\u0430)<\/td><td><a href=\"https:\/\/earth2.wiki\/uk\">earth2.wiki\/uk<\/a><\/td><\/tr><tr><td>G\u00f6r\u00f6g (\u0395\u03bb\u03bb\u03b7\u03bd\u03b9\u03ba\u03ac)<\/td><td><a href=\"https:\/\/earth2.wiki\/el\">earth2.wiki\/el<\/a><\/td><\/tr><tr><td>Indon\u00e9z (Bahasa Indonesia)<\/td><td><a href=\"https:\/\/earth2.wiki\/id\">earth2.wiki\/id<\/a><\/td><\/tr><tr><td>holland (Nederlands)<\/td><td><a href=\"https:\/\/earth2.wiki\/nl\">earth2.wiki\/nl<\/a><\/td><\/tr><tr><td>T\u00f6r\u00f6k (T\u00fcrk\u00e7e)<\/td><td><a href=\"https:\/\/earth2.wiki\/tr\">earth2.wiki\/tr<\/a><\/td><\/tr><tr><td>Lengyel (Polski)<\/td><td><a href=\"https:\/\/earth2.wiki\/pl\">earth2.wiki\/pl<\/a><\/td><\/tr><tr><td>Olasz (Italiano)<\/td><td><a href=\"https:\/\/earth2.wiki\/it\">earth2.wiki\/it<\/a><\/td><\/tr><tr><td>Portug\u00e1l (Portugu\u00eas)<\/td><td><a href=\"https:\/\/earth2.wiki\/pt\">earth2.wiki\/pt<\/a><\/td><\/tr><tr><td>K\u00ednai (\u4e2d\u6587)<\/td><td><a href=\"https:\/\/earth2.wiki\/zh\">earth2.wiki\/zh<\/a><\/td><\/tr><tr><td>Francia (Fran\u00e7ais)<\/td><td><a href=\"https:\/\/earth2.wiki\/fr\">earth2.wiki\/fr<\/a><\/td><\/tr><tr><td>Spanyol (Espa\u00f1ol)<\/td><td><a href=\"https:\/\/earth2.wiki\/es\">earth2.wiki\/es<\/a><\/td><\/tr><tr><td>Jap\u00e1n (\u65e5\u672c\u8a9e)<\/td><td><a href=\"https:\/\/earth2.wiki\/ja\">earth2.wiki\/ja<\/a><\/td><\/tr><tr><td>N\u00e9met (Deutsch)<\/td><td><a href=\"https:\/\/earth2.wiki\/de\">earth2.wiki\/de<\/a><\/td><\/tr><tr><td>orosz (\u0420\u0443\u0441\u0441\u043a\u0438\u0439)<\/td><td><a href=\"https:\/\/earth2.wiki\/ru\">earth2.wiki\/ru<\/a><\/td><\/tr><\/tbody><\/table><\/figure>","protected":false},"excerpt":{"rendered":"<p>With its presence across 28 languages worldwide, Earth2 wiki helps you build your community and learn more about the vast opportunities offered by Earth2 Metaverse. We offer guides and tutorials on how to navigate the platform and make meaningful contributions to its diverse communities. Our team of experts is always available to answer any questions [&hellip;]<\/p>\n","protected":false},"author":1,"featured_media":0,"parent":0,"menu_order":0,"comment_status":"closed","ping_status":"closed","template":"","meta":{"footnotes":""},"_links":{"self":[{"href":"https:\/\/earth2.wiki\/hu\/wp-json\/wp\/v2\/pages\/619"}],"collection":[{"href":"https:\/\/earth2.wiki\/hu\/wp-json\/wp\/v2\/pages"}],"about":[{"href":"https:\/\/earth2.wiki\/hu\/wp-json\/wp\/v2\/types\/page"}],"author":[{"embeddable":true,"href":"https:\/\/earth2.wiki\/hu\/wp-json\/wp\/v2\/users\/1"}],"replies":[{"embeddable":true,"href":"https:\/\/earth2.wiki\/hu\/wp-json\/wp\/v2\/comments?post=619"}],"version-history":[{"count":4,"href":"https:\/\/earth2.wiki\/hu\/wp-json\/wp\/v2\/pages\/619\/revisions"}],"predecessor-version":[{"id":627,"href":"https:\/\/earth2.wiki\/hu\/wp-json\/wp\/v2\/pages\/619\/revisions\/627"}],"wp:attachment":[{"href":"https:\/\/earth2.wiki\/hu\/wp-json\/wp\/v2\/media?parent=619"}],"curies":[{"name":"wp","href":"https:\/\/api.w.org\/{rel}","templated":true}]}}