{"id":181,"date":"2024-04-14T19:16:26","date_gmt":"2024-04-14T18:16:26","guid":{"rendered":"https:\/\/earth2.wiki\/?page_id=181"},"modified":"2024-04-15T08:29:56","modified_gmt":"2024-04-15T07:29:56","slug":"trending-regions-earth2","status":"publish","type":"page","link":"https:\/\/earth2.wiki\/hu\/trending-regions-earth2\/","title":{"rendered":"Trendben l\u00e9v\u0151 r\u00e9gi\u00f3k az Earth2-ben"},"content":{"rendered":"<p>Az Earth2 Wiki hetente elemzi az Earth2 Metaversumban tal\u00e1lhat\u00f3 Trending Regions (trend r\u00e9gi\u00f3k) helyzet\u00e9t. Az Earth2 r\u00e9gi\u00f3k havi trendjeinek vizsg\u00e1lata nagyban seg\u00edti a H\u00e1z tagjait abban, hogy azonos\u00edts\u00e1k a virtu\u00e1lis vagyont\u00e1rgyaik ir\u00e1nti kereslet hossz\u00fa t\u00e1v\u00fa alakul\u00e1s\u00e1t az Earth2-ben.<\/p>\n\n\n\n<p>Az Earth2 Metaverse egy leny\u0171g\u00f6z\u0151 virtu\u00e1lis vil\u00e1g, ahol a val\u00f3s helysz\u00edneken alapul\u00f3 f\u00f6ldter\u00fcleteket birtokolhatsz, \u00e9s a leg\u00fajabb trendek szerint az Earth 2 egyes r\u00e9gi\u00f3i jelenleg jobban mennek, mint m\u00e1sok. Ebben a cikkben elemz\u0151 \u00e1ttekint\u00e9st ny\u00fajtunk az Earth 2 legtrendibb r\u00e9gi\u00f3ir\u00f3l \u00e9s azok befektet\u00e9si kil\u00e1t\u00e1sair\u00f3l.<\/p>\n\n\n\n<p>A F\u00f6ld 2-ben a legtrendibb r\u00e9gi\u00f3k k\u00e9t kateg\u00f3ri\u00e1ba vannak sorolva - Tier 2 \u00e9s Tier 3 - n\u00e9pszer\u0171s\u00e9g\u00fck \u00e9s a r\u00e9gi\u00f3kban elfoglalt lapok sz\u00e1ma alapj\u00e1n.<\/p>\n\n\n\n<h2 class=\"wp-block-heading\">Trending Earth2 Tier2 (T2) csemp\u00e9k<\/h2>\n\n\n\n<p><strong>Trinidad \u00e9s Tobago<\/strong> Ez egy n\u00e9pszer\u0171 helysz\u00edn az Earth2-ben, gy\u00f6ny\u00f6r\u0171 karibi tengerpartjaival \u00e9s gazdag kult\u00far\u00e1j\u00e1val.<\/p>\n\n\n\n<p><strong>Kiribati <\/strong>\u00e1ra cser\u00e9penk\u00e9nt $0,23 E1 \u00e9s 11 687 csemp\u00e9re terjed ki. A Csendes-\u00f3ce\u00e1n k\u00f6z\u00e9ps\u0151 r\u00e9sz\u00e9n tal\u00e1lhat\u00f3, \u00e9s leny\u0171g\u00f6z\u0151 t\u00e1jai \u00e9s egyed\u00fcl\u00e1ll\u00f3 kult\u00far\u00e1ja miatt egyre n\u00e9pszer\u0171bb c\u00e9lpont az Earth 2-ben.<\/p>\n\n\n\n<p><strong>Eti\u00f3pia<\/strong> \u00e1ra cser\u00e9penk\u00e9nt $0,34 E1, \u00e9s 9 880 cser\u00e9pre terjed ki. Afrika szarv\u00e1n fekv\u0151, tengerparttal nem rendelkez\u0151 orsz\u00e1g, amely gazdag t\u00f6rt\u00e9nelm\u00e9r\u0151l, soksz\u00edn\u0171 kult\u00far\u00e1j\u00e1r\u00f3l \u00e9s leny\u0171g\u00f6z\u0151 t\u00e1jair\u00f3l ismert.<\/p>\n\n\n\n<p><strong>Cook-szigetek <\/strong>\u00e1ra cser\u00e9penk\u00e9nt $0,22 E1 \u00e9s 7 258 csemp\u00e9re terjed ki. Ez a leny\u0171g\u00f6z\u0151 szigetparadicsom a Csendes-\u00f3ce\u00e1n d\u00e9li r\u00e9sz\u00e9n tal\u00e1lhat\u00f3, \u00e9s term\u00e9szeti sz\u00e9ps\u00e9ge \u00e9s idilli strandjai miatt az Earth 2 egyik legkeresettebb helysz\u00edn\u00e9v\u00e9 v\u00e1lt.CopySaveRemove<\/p>\n\n\n\n<p><strong>Zimbabwe <\/strong>\u00e1ra csemp\u00e9nk\u00e9nt E$0,58 E1, \u00e9s 5 911 csemp\u00e9re terjed ki. Ez a gy\u00f6ny\u00f6r\u0171 afrikai orsz\u00e1g gazdag kult\u00far\u00e1j\u00e1r\u00f3l, leny\u0171g\u00f6z\u0151 term\u00e9szeti t\u00e1jair\u00f3l \u00e9s b\u0151s\u00e9ges vadvil\u00e1g\u00e1r\u00f3l ismert.<\/p>\n\n\n\n<h2 class=\"wp-block-heading\">Trending Earth2 Tier3 (T3) csemp\u00e9k<\/h2>\n\n\n\n<p><strong>Jeju-do<\/strong> \u00e1ra E$0,22 E$0,22 csemp\u00e9nk\u00e9nt, \u00e9s 116,197 csemp\u00e9t foglal el. Ez a sziget D\u00e9l-Kore\u00e1ban tal\u00e1lhat\u00f3, \u00e9s egyre n\u00e9pszer\u0171bb helysz\u00edn az Earth 2-ben a leny\u0171g\u00f6z\u0151 term\u00e9szeti l\u00e1tv\u00e1nya miatt, bele\u00e9rtve a gy\u00f6ny\u00f6r\u0171 strandokat, vulkanikus t\u00e1jakat \u00e9s term\u00e9szetes forr\u00f3 forr\u00e1sokat.CopySaveRemove<\/p>\n\n\n\n<p><strong>Nevada<\/strong> \u00e1ra cser\u00e9penk\u00e9nt $0,19 E1 \u00e9s 95 532 csemp\u00e9re terjed ki. A leny\u0171g\u00f6z\u0151 term\u00e9szeti t\u00e1jai \u00e9s vil\u00e1gh\u00edr\u0171 l\u00e1tv\u00e1nyoss\u00e1gai, mint p\u00e9ld\u00e1ul a Las Vegas Strip \u00e9s a Grand Canyon miatt n\u00e9pszer\u0171 c\u00e9lpont az Earth 2-ben.CopySaveRemove<\/p>\n\n\n\n<p><strong>Abu Dhabi<\/strong> \u00e1ra cser\u00e9penk\u00e9nt E$0,17 E$0,17, \u00e9s 83 273 csemp\u00e9re terjed ki. Az Egyes\u00fclt Arab Em\u00edrs\u00e9gekben tal\u00e1lhat\u00f3 gy\u00f6ny\u00f6r\u0171 v\u00e1ros leny\u0171g\u00f6z\u0151 \u00e9p\u00edt\u00e9szet\u00e9r\u0151l, luxussz\u00e1llod\u00e1ir\u00f3l \u00e9s v\u00e9gtelen sz\u00f3rakoz\u00e1si lehet\u0151s\u00e9geir\u0151l ismert.<\/p>\n\n\n\n<p><strong>Nyugati-fok<\/strong> \u00e1ra cser\u00e9penk\u00e9nt $0,16 E1, \u00e9s 73 414 cser\u00e9pre terjed ki. Ez a d\u00e9l-afrikai r\u00e9gi\u00f3 l\u00e9legzetel\u00e1ll\u00edt\u00f3 term\u00e9szeti t\u00e1jai, gy\u00f6ny\u00f6r\u0171 strandjai \u00e9s gazdag kultur\u00e1lis \u00f6r\u00f6ks\u00e9ge miatt egyre keresettebb helysz\u00edn az Earth 2-ben.<\/p>\n\n\n\n<p><strong>Attica<\/strong> \u00e1ra cser\u00e9penk\u00e9nt $0,16 E1, \u00e9s 67 222 csemp\u00e9re terjed ki. Ez a g\u00f6r\u00f6gorsz\u00e1gi r\u00e9gi\u00f3 gazdag kultur\u00e1lis \u00f6r\u00f6ks\u00e9ge, \u00f3kori romjai \u00e9s leny\u0171g\u00f6z\u0151 term\u00e9szeti sz\u00e9ps\u00e9ge miatt egyre n\u00e9pszer\u0171bb c\u00e9lpont az Earth 2-ben.<\/p>\n\n\n\n<h2 class=\"wp-block-heading\">Befektet\u00e9si perspekt\u00edva<\/h2>\n\n\n\n<p>Befektet\u00e9si szempontb\u00f3l a F\u00f6ld 2 kisebb \u00e1rc\u00e9dul\u00e1val rendelkez\u0151 r\u00e9gi\u00f3it \u00e9rdemes megfontolni. P\u00e9ld\u00e1ul, <strong>Trinidad Tobago<\/strong> \u00e9s <strong>Kiribati <\/strong>a  oldalon. <strong>Tier2 <\/strong>\u00e9s <strong>Nyugati-fok <\/strong>\u00e9s <strong>Attica <\/strong>a  oldalon. <strong>Tier3 <\/strong>mindannyian <strong>alacsonyabb csemp\u00e9nk\u00e9nti \u00e1rc\u00e9dula. <\/strong>Ez\u00e1ltal potenci\u00e1lisan megfizethet\u0151bb beruh\u00e1z\u00e1sokk\u00e1 v\u00e1lhatnak, \u00e9s hossz\u00fa t\u00e1von nagyobb megt\u00e9r\u00fcl\u00e9st biztos\u00edthatnak. Fontos azonban megjegyezni, hogy a virtu\u00e1lis f\u00f6ldbe val\u00f3 befektet\u00e9s egy <strong>spekulat\u00edv befektet\u00e9s,<\/strong> \u00e9s kritikus fontoss\u00e1g\u00fa, hogy alapos kutat\u00e1st v\u00e9gezzen, miel\u0151tt b\u00e1rmilyen \u00f6sszeget befektetne.<\/p>\n\n\n\n<p>Tov\u00e1bb\u00e1, ha a legolcs\u00f3bb \u00faj f\u00f6ldter\u00fcleteket keresi, fontolja meg a b\u00e1ny\u00e1szatot. <strong>Essence in \u00c9szak-Pjongan, Korea (Koreai N\u00e9pi Demokratikus K\u00f6zt\u00e1rsas\u00e1g) \u00e9s Grenadine-szigetek, Saint Vincent \u00e9s a Grenadine-szigetek. <\/strong>Ezek a ter\u00fcletek \u00f3ri\u00e1si n\u00e9pszer\u0171s\u00e9gre tettek szert a befektet\u0151k k\u00f6r\u00e9ben, mivel <strong>\u00e1sv\u00e1nyi potenci\u00e1l <\/strong>\u00e9s a kapott szavazatok sz\u00e1m\u00e1t tekintve jelenleg \u0151k vezetnek.<\/p>","protected":false},"excerpt":{"rendered":"<p>Earth2 Wiki provides weekly Analysis of the Trending Regions in Earth2 Metaverse. Examining the monthly trends of Earth2 Regions, tremendously help our House Members identify the long-term patterns in demand of their virtual assets in Earth2. The Earth2 Metaverse is a fascinating virtual world where you can own land locations that are based on real-world [&hellip;]<\/p>\n","protected":false},"author":1,"featured_media":0,"parent":0,"menu_order":0,"comment_status":"closed","ping_status":"closed","template":"","meta":{"footnotes":""},"_links":{"self":[{"href":"https:\/\/earth2.wiki\/hu\/wp-json\/wp\/v2\/pages\/181"}],"collection":[{"href":"https:\/\/earth2.wiki\/hu\/wp-json\/wp\/v2\/pages"}],"about":[{"href":"https:\/\/earth2.wiki\/hu\/wp-json\/wp\/v2\/types\/page"}],"author":[{"embeddable":true,"href":"https:\/\/earth2.wiki\/hu\/wp-json\/wp\/v2\/users\/1"}],"replies":[{"embeddable":true,"href":"https:\/\/earth2.wiki\/hu\/wp-json\/wp\/v2\/comments?post=181"}],"version-history":[{"count":6,"href":"https:\/\/earth2.wiki\/hu\/wp-json\/wp\/v2\/pages\/181\/revisions"}],"predecessor-version":[{"id":412,"href":"https:\/\/earth2.wiki\/hu\/wp-json\/wp\/v2\/pages\/181\/revisions\/412"}],"wp:attachment":[{"href":"https:\/\/earth2.wiki\/hu\/wp-json\/wp\/v2\/media?parent=181"}],"curies":[{"name":"wp","href":"https:\/\/api.w.org\/{rel}","templated":true}]}}