{"id":178,"date":"2024-04-14T19:15:38","date_gmt":"2024-04-14T18:15:38","guid":{"rendered":"https:\/\/earth2.wiki\/?page_id=178"},"modified":"2024-04-15T08:29:26","modified_gmt":"2024-04-15T07:29:26","slug":"trending-players-earth2","status":"publish","type":"page","link":"https:\/\/earth2.wiki\/hu\/trending-players-earth2\/","title":{"rendered":"H\u00edress\u00e9gek &amp; Trending j\u00e1t\u00e9kosok az Earth2-ben"},"content":{"rendered":"<p>T\u00f6bb h\u00edress\u00e9g is kifejezte \u00e9rdekl\u0151d\u00e9s\u00e9t a virtu\u00e1lis f\u00f6ldi metaversus j\u00e1t\u00e9k ir\u00e1nt <strong>Earth2<\/strong>. \u00cdme n\u00e9h\u00e1ny figyelemre m\u00e9lt\u00f3 n\u00e9v:<\/p>\n\n\n\n<p><strong>Snoop Dogg<\/strong>: A neves rapper \u00e9s NFT-rajong\u00f3 nem csak az Earth 2-be fektetett be, hanem elind\u00edtotta saj\u00e1t digit\u00e1lis eszk\u00f6zgy\u0171jtem\u00e9ny\u00e9t is \"The Doggies\" n\u00e9ven. M\u00e9g a kast\u00e9ly\u00e1t is \u00fajj\u00e1\u00e9p\u00edtette a metaversen bel\u00fcl.<\/p>\n\n\n\n<p><strong>Justin Bieber<\/strong>: A popszenz\u00e1ci\u00f3 virtu\u00e1lis koncerteket adott a metaversen bel\u00fcl, egyed\u00fcl\u00e1ll\u00f3 m\u00f3don bevonva a rajong\u00f3kat.<\/p>\n\n\n\n<p><strong>Harry herceg \u00e9s Meghan Markle<\/strong>: A kir\u00e1lyi p\u00e1r a h\u00edrek szerint saj\u00e1t metaverse platformot ind\u00edt, amely \u00fczleti tal\u00e1lkoz\u00f3k \u00e9s nyilv\u00e1nos megjelen\u00e9sek helysz\u00edn\u00e9\u00fcl szolg\u00e1l majd.<\/p>\n\n\n\n<p><strong>Daler Mehndi<\/strong>: Az indiai \u00e9nekesn\u0151 v\u00e1s\u00e1rolt egy darab virtu\u00e1lis f\u00f6ldet a F\u00f6ld 2-ben, \u00e9s elnevezte \"Balle Balle Land\"-nek. Ezen a virtu\u00e1lis ingatlanon tervezi elhelyezni a \"Daler Mehndi Store\"-t.<\/p>\n\n\n\n<p><strong>Tech We Want<\/strong>: Ez a YouTube-csatorna magyar\u00e1zatokat \u00e9s betekint\u00e9st ny\u00fajt az Earth 2-r\u0151l, megvitatva annak koncepci\u00f3j\u00e1t, j\u00e1t\u00e9kmenet\u00e9t \u00e9s fejl\u0151d\u00e9s\u00e9t. Bemutatj\u00e1k a j\u00e1t\u00e9k fejleszt\u00e9s\u00e9t, \u00e9s megosztj\u00e1k a k\u00f6z\u00f6ss\u00e9ggel az ideol\u00f3gi\u00e1kat \u00e9s a felhaszn\u00e1l\u00e1si eseteket.<\/p>\n\n\n\n<p><strong>F\u00f6ld 2 (Hivatalos csatorna)<\/strong>: Az Earth 2 YouTube-csatorna maga is megosztja a friss\u00edt\u00e9seket, technikai dem\u00f3kat, \u00e9s bemutatja az 1:1 m\u00e9retar\u00e1ny\u00fa F\u00f6ld bolyg\u00f3 \u00e9p\u00edt\u00e9s\u00e9nek el\u0151rehalad\u00e1s\u00e1t a metaversen bel\u00fcl. Vide\u00f3ik bepillant\u00e1st ny\u00fajtanak a kiterjedt virtu\u00e1lis vil\u00e1gba \u00e9s annak lehet\u0151s\u00e9geibe.<\/p>\n\n\n\n<p><strong>Pacey<\/strong>: Pacey csatorn\u00e1j\u00e1n Earth 2 tartalmak tal\u00e1lhat\u00f3k, t\u00f6bbek k\u00f6z\u00f6tt trailerek, prom\u00f3k \u00e9s a fejleszt\u00e9s alatt \u00e1ll\u00f3 rendszerekr\u0151l k\u00e9sz\u00fclt pihentet\u0151 felv\u00e9telek. Ez egy remek hely, ahol t\u00e1j\u00e9koz\u00f3dhatsz a j\u00e1t\u00e9k leg\u00fajabb fejlem\u00e9nyeir\u0151l.<\/p>\n\n\n\n<p><strong>Arya Realty<\/strong>: Arya Realty megosztja az Earth2-vel kapcsolatos megl\u00e1t\u00e1sait, tippjeit \u00e9s vit\u00e1it. Vide\u00f3ik a metaversum k\u00fcl\u00f6nb\u00f6z\u0151 aspektusait fedik le, \u00edgy \u00e9rt\u00e9kes forr\u00e1st jelentenek a j\u00e1t\u00e9kosok \u00e9s a rajong\u00f3k sz\u00e1m\u00e1ra.<\/p>\n\n\n\n<p><strong>Cydroid Art<\/strong>: Earth2 leny\u0171g\u00f6z\u0151 m\u0171v\u00e9szeti terveket l\u00e1tott, bele\u00e9rtve a legjobb j\u00e1t\u00e9kosok \u00e1ltal k\u00e9sz\u00edtetteket is. N\u00e9h\u00e1ny ilyen alkot\u00e1s t\u00f6bb ezer csemp\u00e9n \u00e1t\u00edvel\u0151, \u00e9s az Earth2 k\u00f6z\u00f6ss\u00e9gen bel\u00fcl ikonikuss\u00e1 v\u00e1lt.<\/p>\n\n\n\n<p>Ezek a h\u00edress\u00e9gek \u00e9s akt\u00edv sz\u00f3sz\u00f3l\u00f3k felismert\u00e9k a metaversumban rejl\u0151 lehet\u0151s\u00e9geket, \u00e9s akt\u00edvan r\u00e9szt vesznek a j\u00f6v\u0151j\u00e9nek alak\u00edt\u00e1s\u00e1ban.<\/p>\n\n\n\n<h1 class=\"wp-block-heading\"><strong>Logan Paul \u00e9s virtu\u00e1lis ingatlanjai<\/strong><\/h1>\n\n\n\n<p>A k\u00f6vetkez\u0151 id\u0151pontt\u00f3l <strong>febru\u00e1r 21, 2021<\/strong>, <strong>Logan Paul<\/strong> befektetett <strong>18 k\u00fcl\u00f6nb\u00f6z\u0151 tulajdons\u00e1g<\/strong> a <strong>Earth2<\/strong> metaverse. A virtu\u00e1lis ingatlanokra ford\u00edtott \u00f6sszes kiad\u00e1sa <strong>$5,857.21<\/strong>. Ezek az akviz\u00edci\u00f3k egy <strong>24 \u00f3r\u00e1s id\u0151szak<\/strong> janu\u00e1r 6. \u00e9s 2021. janu\u00e1r 7. k\u00f6z\u00f6tt. N\u00e9zz\u00fck meg k\u00f6zelebbr\u0151l a konkr\u00e9t helysz\u00edneket, amelyek az \u0151 tulajdon\u00e1ban vannak:<\/p>\n\n\n\n<ol>\n<li><strong>Nyugati-fok<\/strong>: K\u00f6lts\u00e9gsz\u00e1m\u00edt\u00e1s <strong>$872.92<\/strong>, ez a tulajdons\u00e1g kiterjed <strong>748 csempe<\/strong>.<\/li>\n\n\n\n<li><strong>Kri\u017e, Z\u00e1gr\u00e1b<\/strong>: Megszerezt\u00e9k a <strong>$18.24<\/strong>, a k\u00f6vetkez\u0151kre terjed ki <strong>40 csempe<\/strong>.<\/li>\n\n\n\n<li><strong>Encino, Kalifornia (1 ingatlan)<\/strong>: \u00c1ra <strong>$239.40<\/strong>, ez a tulajdons\u00e1g a k\u00f6vetkez\u0151kb\u0151l \u00e1ll <strong>9 csempe<\/strong>.<\/li>\n\n\n\n<li><strong>Encino, Kalifornia (2 ingatlan)<\/strong>: Egy nagyobb csomag, amelynek \u00e1ra <strong>$1,276.80<\/strong>, a <strong>48 csempe<\/strong>.<\/li>\n\n\n\n<li><strong>Penebel, Tabanan<\/strong>: \u00c9rt\u00e9kelve <strong>$140.92<\/strong>, mag\u00e1ban foglalja <strong>196 csempe<\/strong>.<\/li>\n\n\n\n<li><strong>Santa Monica, Kalifornia<\/strong>: Ez az ingatlan, \u00e1ra <strong>$212.80<\/strong>, elfoglalja <strong>8 csempe<\/strong>.<\/li>\n\n\n\n<li><strong>Jackson, Wyoming<\/strong>: Fedezet <strong>18 csempe<\/strong>, azt a k\u00f6vetkez\u0151 \u00f6sszeg\u00e9rt szerezt\u00e9k meg <strong>$478.80<\/strong>.<\/li>\n\n\n\n<li><strong>D\u00e9l-\u00c9gei-tenger, G\u00f6r\u00f6gorsz\u00e1g<\/strong>: Egy kisebb ingatlan <strong>5 csempe<\/strong>, k\u00f6lts\u00e9gsz\u00e1m\u00edt\u00e1s <strong>$5.15<\/strong>.<\/li>\n\n\n\n<li><strong>Antarktisz<\/strong>: Logan Paul tulajdon\u00e1ban van <strong>129 csempe<\/strong> ezen a jeges ter\u00fcleten, ami a <strong>$41.41<\/strong>.<\/li>\n\n\n\n<li><strong>Alpes-Maritimes<\/strong>: Ez a francia helysz\u00edn a k\u00f6vetkez\u0151ket foglalja mag\u00e1ban <strong>10 csempe<\/strong> \u00e9s megv\u00e1s\u00e1rolt\u00e1k <strong>$29.19<\/strong>.<\/li>\n\n\n\n<li><strong>Amalfi, Salerno<\/strong>: Spanning <strong>28 csempe<\/strong>, az \u00e1ra <strong>$152.38<\/strong>.<\/li>\n\n\n\n<li><strong>North Rim, Arizona<\/strong>: A  c\u00edmen. <strong>9 csempe<\/strong>, ez az ingatlan \u00e1ra <strong>$239.40<\/strong>.<\/li>\n\n\n\n<li><strong>Tahua, Potos\u00ed<\/strong>: Jelent\u0151s beruh\u00e1z\u00e1s <strong>735 csempe<\/strong> a  oldalon. <strong>$260.19<\/strong>.<\/li>\n\n\n\n<li><strong>Tahua, Oruro<\/strong>: Logan Paul tulajdon\u00e1ban van <strong>180 csempe<\/strong> itt, a kiad\u00e1sok <strong>$63.72<\/strong>.<\/li>\n\n\n\n<li><strong>Yosemite Nemzeti Park (1. ingatlan)<\/strong>: Fedezet <strong>9 csempe<\/strong>, az \u00e1ra <strong>$239.40<\/strong>.<\/li>\n\n\n\n<li><strong>Yosemite Nemzeti Park (2 ingatlan)<\/strong>: Egy nagyobb r\u00e9sz a <strong>51 csempe<\/strong>, \u00e1ra <strong>$1,356.60<\/strong>.<\/li>\n\n\n\n<li><strong>Tingri Xian, Xigaze Shi<\/strong>: Ez a tibeti helysz\u00edn a k\u00f6vetkez\u0151kb\u0151l \u00e1ll <strong>48 csempe<\/strong>, amelyet a <strong>$129.89<\/strong>.<\/li>\n\n\n\n<li><strong>P\u00e1rizs 7. ker\u00fclete<\/strong>: Egy kisebb ingatlan <strong>4 lap<\/strong>, k\u00f6lts\u00e9gsz\u00e1m\u00edt\u00e1s <strong>$100.00<\/strong>.<\/li>\n<\/ol>\n\n\n\n<p>Logan Paul korai befektet\u00e9se az Earth2-be mutatja, hogy hisz a koncepci\u00f3ban rejl\u0151 lehet\u0151s\u00e9gekben. B\u00e1r janu\u00e1r \u00f3ta nem hajtott v\u00e9gre tov\u00e1bbi v\u00e1s\u00e1rl\u00e1sokat, figyelje a profilj\u00e1n a j\u00f6v\u0151beni v\u00e1s\u00e1rl\u00e1sokat!<\/p>","protected":false},"excerpt":{"rendered":"<p>Several celebrities have expressed interest in the virtual land metaverse game Earth2. Here are some notable names: Snoop Dogg: The renowned rapper and NFT enthusiast have not only invested in Earth 2 but also launched his own collection of digital assets called \u201cThe Doggies.\u201d He even recreated his mansion within the metaverse. Justin Bieber: The [&hellip;]<\/p>\n","protected":false},"author":1,"featured_media":0,"parent":0,"menu_order":0,"comment_status":"closed","ping_status":"closed","template":"","meta":{"footnotes":""},"_links":{"self":[{"href":"https:\/\/earth2.wiki\/hu\/wp-json\/wp\/v2\/pages\/178"}],"collection":[{"href":"https:\/\/earth2.wiki\/hu\/wp-json\/wp\/v2\/pages"}],"about":[{"href":"https:\/\/earth2.wiki\/hu\/wp-json\/wp\/v2\/types\/page"}],"author":[{"embeddable":true,"href":"https:\/\/earth2.wiki\/hu\/wp-json\/wp\/v2\/users\/1"}],"replies":[{"embeddable":true,"href":"https:\/\/earth2.wiki\/hu\/wp-json\/wp\/v2\/comments?post=178"}],"version-history":[{"count":10,"href":"https:\/\/earth2.wiki\/hu\/wp-json\/wp\/v2\/pages\/178\/revisions"}],"predecessor-version":[{"id":441,"href":"https:\/\/earth2.wiki\/hu\/wp-json\/wp\/v2\/pages\/178\/revisions\/441"}],"wp:attachment":[{"href":"https:\/\/earth2.wiki\/hu\/wp-json\/wp\/v2\/media?parent=178"}],"curies":[{"name":"wp","href":"https:\/\/api.w.org\/{rel}","templated":true}]}}