{"id":158,"date":"2024-04-14T19:04:14","date_gmt":"2024-04-14T18:04:14","guid":{"rendered":"https:\/\/earth2.wiki\/?page_id=158"},"modified":"2024-04-15T04:01:03","modified_gmt":"2024-04-15T03:01:03","slug":"earth2-red-yellow-energy-in-1-min","status":"publish","type":"page","link":"https:\/\/earth2.wiki\/hu\/earth2-red-yellow-energy-in-1-min\/","title":{"rendered":"Earth2 Red &amp; Yellow Energy 1 perc alatt"},"content":{"rendered":"<p>Az Earth2 egy virtu\u00e1lis vil\u00e1g, amelynek c\u00e9lja egy \u00faj t\u00edpus\u00fa, virtu\u00e1lis f\u00f6ldtulajdonon alapul\u00f3 gazdas\u00e1g l\u00e9trehoz\u00e1sa. A sz\u00e9lesk\u00f6r\u0171 j\u00e1t\u00e9kmechanika r\u00e9szek\u00e9nt az Earth2 k\u00e9tf\u00e9le energiat\u00edpust vezet be, a piros \u00e9s a s\u00e1rga energi\u00e1t. Ebben a cikkben megvizsg\u00e1ljuk, hogy mit jelent ez a k\u00e9t energia, \u00e9s hogyan hatnak a j\u00e1t\u00e9kvil\u00e1gra.<\/p>\n\n\n\n<h2 class=\"wp-block-heading\">V\u00f6r\u00f6s energia: A F\u00f6ld \u00e9ltet\u0151 ereje2<\/h2>\n\n\n\n<p>V\u00f6r\u00f6s energi\u00e1t csak m\u00e1s j\u00e1t\u00e9kosok ter\u00fcletein v\u00e9grehajtott sikeres rajta\u00fct\u00e9sekkel lehet gener\u00e1lni. Jelenleg nincs m\u00f3d arra, hogy a felhaszn\u00e1l\u00f3 megv\u00e1s\u00e1rolja vagy eladja \u0151ket. Ez egy alapvet\u0151 nyersanyag a j\u00e1t\u00e9kban, mivel a b\u00e1ny\u00e1szati automat\u00e1khoz sz\u00fcks\u00e9ges civilek szintetiz\u00e1l\u00e1s\u00e1ra haszn\u00e1lj\u00e1k. V\u00f6r\u00f6s energia n\u00e9lk\u00fcl a F\u00f6ld2 Civileket nem lehet l\u00e9trehozni, \u00e9s csak a Baz\u00e1rban lehet kereskedni a j\u00e1t\u00e9kosok k\u00f6z\u00f6tt. Min\u00e9l t\u00f6bb V\u00f6r\u00f6s Energi\u00e1t gy\u0171jt egy j\u00e1t\u00e9kos, ann\u00e1l t\u00f6bb Civileket tud el\u0151\u00e1ll\u00edtani, \u00edgy automatiz\u00e1lhatja a Raidingot \u00e9s szabads\u00e1gra mehet - passz\u00edv j\u00f6vedelemre tehet szert.<\/p>\n\n\n\n<h2 class=\"wp-block-heading\">S\u00e1rga energia: A j\u00f3 cselekedetek jutalma<\/h2>\n\n\n\n<p>A V\u00f6r\u00f6s Energi\u00e1val ellent\u00e9tben a S\u00e1rga Energia jutalom a F\u00f6ld2-ben v\u00e9gzett j\u00f3 cselekedetek\u00e9rt. Akkor keletkezik, ha a j\u00e1t\u00e9kos pozit\u00edvan j\u00e1rul hozz\u00e1 a j\u00e1t\u00e9k k\u00f6z\u00f6ss\u00e9g\u00e9hez. Ez egy bizonytalan, de \u00e1ld\u00e1sos er\u0151forr\u00e1s, ak\u00e1rcsak a szerencse. Ak\u00e1rcsak a Genesisben \u00e9s az \u00c9den-hegyen, Isten vagy Shine is meg\u00e1ldhat minket j\u00f3 szerencs\u00e9vel, ha mindannyian j\u00f3l viselked\u00fcnk.<\/p>\n\n\n\n<p>A t\u00f6bbi energiat\u00edpust\u00f3l elt\u00e9r\u0151en a s\u00e1rga energi\u00e1t nem lehet megv\u00e1s\u00e1rolni, hanem k\u00fcl\u00f6nb\u00f6z\u0151 m\u00f3don kell megszerezni, p\u00e9ld\u00e1ul k\u00fcldet\u00e9sek vagy teljes\u00edt\u00e9sek teljes\u00edt\u00e9s\u00e9vel. A s\u00e1rga energia korl\u00e1tozott, ami azt jelenti, hogy \u00e9rt\u00e9kes er\u0151forr\u00e1s a j\u00e1t\u00e9kban. A s\u00e1rga energia megszerz\u00e9s\u00e9hez a j\u00e1t\u00e9kosoknak hozz\u00e1 kell j\u00e1rulniuk tehets\u00e9g\u00fckkel \u00e9s er\u0151forr\u00e1saikkal az Earth2 Metaverse sz\u00e1m\u00e1ra.<\/p>\n\n\n\n<p><\/p>","protected":false},"excerpt":{"rendered":"<p>Earth2 is a virtual world that aims to create a new type of economy based on virtual land ownership. As part of its extensive gameplay mechanics, Earth2 introduces two types of energy, red and yellow energy. In this article, we explore what these two energies mean and how they impact the game world. Red Energy: [&hellip;]<\/p>\n","protected":false},"author":1,"featured_media":0,"parent":0,"menu_order":0,"comment_status":"closed","ping_status":"closed","template":"","meta":{"footnotes":""},"_links":{"self":[{"href":"https:\/\/earth2.wiki\/hu\/wp-json\/wp\/v2\/pages\/158"}],"collection":[{"href":"https:\/\/earth2.wiki\/hu\/wp-json\/wp\/v2\/pages"}],"about":[{"href":"https:\/\/earth2.wiki\/hu\/wp-json\/wp\/v2\/types\/page"}],"author":[{"embeddable":true,"href":"https:\/\/earth2.wiki\/hu\/wp-json\/wp\/v2\/users\/1"}],"replies":[{"embeddable":true,"href":"https:\/\/earth2.wiki\/hu\/wp-json\/wp\/v2\/comments?post=158"}],"version-history":[{"count":2,"href":"https:\/\/earth2.wiki\/hu\/wp-json\/wp\/v2\/pages\/158\/revisions"}],"predecessor-version":[{"id":311,"href":"https:\/\/earth2.wiki\/hu\/wp-json\/wp\/v2\/pages\/158\/revisions\/311"}],"wp:attachment":[{"href":"https:\/\/earth2.wiki\/hu\/wp-json\/wp\/v2\/media?parent=158"}],"curies":[{"name":"wp","href":"https:\/\/api.w.org\/{rel}","templated":true}]}}