{"id":148,"date":"2024-04-14T18:57:41","date_gmt":"2024-04-14T17:57:41","guid":{"rendered":"https:\/\/earth2.wiki\/?page_id=148"},"modified":"2024-04-15T02:09:06","modified_gmt":"2024-04-15T01:09:06","slug":"earth2-resource-in-1-min","status":"publish","type":"page","link":"https:\/\/earth2.wiki\/hu\/earth2-resource-in-1-min\/","title":{"rendered":"Kereskedelmi Earth2 Resource NFT, hogy n\u00e9mi p\u00e9nzt b\u00e1rhol a vil\u00e1gon."},"content":{"rendered":"<p>Az Earth2 innovat\u00edv EcoSym rendszere lehet\u0151v\u00e9 teszi a felhaszn\u00e1l\u00f3k sz\u00e1m\u00e1ra, hogy a vil\u00e1g minden t\u00e1j\u00e1r\u00f3l val\u00f3s id\u0151ben felt\u00e9rk\u00e9pezett er\u0151forr\u00e1sokhoz f\u00e9rjenek hozz\u00e1, \u00edgy lehet\u0151s\u00e9get ad arra, hogy komoly p\u00e9nzeket keressenek otthonr\u00f3l, vagy b\u00e1rhol m\u00e1shol a vil\u00e1gon!<\/p>\n\n\n\n<p>Az Earth2 a maga nem\u00e9ben egyed\u00fcl\u00e1ll\u00f3 metaversumk\u00e9nt lehet\u0151v\u00e9 teszi, hogy felfedezd \u00e9s megtapasztald a v\u00e9gtelen lehet\u0151s\u00e9gek teljesen \u00faj vil\u00e1g\u00e1t, val\u00f3di er\u0151forr\u00e1s-emul\u00e1ci\u00f3val az NFT-n kereszt\u00fcl. A platform blokkl\u00e1nc technol\u00f3gi\u00e1n alapul, \u00edgy biztons\u00e1gos \u00e9s k\u00e9nyelmes a haszn\u00e1lata. Minden tranzakci\u00f3 titkos\u00edtott \u00e9s \u00e1tl\u00e1that\u00f3 lesz, \u00edgy biztos lehetsz benne, hogy szem\u00e9lyes adataid mindig biztons\u00e1gban vannak.<\/p>\n\n\n\n<p>Az er\u0151forr\u00e1sok val\u00f3s hely\u00e9t gondosan felt\u00e9rk\u00e9pezt\u00e9k \u00e9s nyersanyag NFT-kre ford\u00edtott\u00e1k a Trade Earth2-en, ami rendk\u00edv\u00fcl j\u00f6vedelmez\u0151 lehet\u0151s\u00e9get biztos\u00edt a felhaszn\u00e1l\u00f3k sz\u00e1m\u00e1ra. A magasabb szint\u0171 f\u00f6ldek nyilv\u00e1nval\u00f3an t\u00f6bb nyersanyagot k\u00edn\u00e1lnak, mint az alacsonyabb szint\u0171 f\u00f6ldek, de a f\u00f6ldeket Essence seg\u00edts\u00e9g\u00e9vel magasabb szintre fejlesztheted. Meg fogsz lep\u0151dni, hogy mennyire megn\u00f6velheted nyersanyaghozamodat a kiv\u00e1l\u00f3 min\u0151s\u00e9g\u0171 \u00e9kk\u00f6vekkel, ez\u00e9rt cselekedj gyorsan, hogy elkapd \u0151ket, miel\u0151tt az \u00e1ruk felsz\u00e1ll!<\/p>\n\n\n\n<p>Az Eearth2 platform folyamatosan b\u0151v\u00edti az emul\u00e1l\u00f3 er\u0151forr\u00e1sok v\u00e1laszt\u00e9k\u00e1t, \u00edgy \u00d6n soha nem marad le a nyeres\u00e9ges lehet\u0151s\u00e9gekr\u0151l, k\u00fcl\u00f6n\u00f6sen a leg\u00fajabb er\u0151forr\u00e1sok eset\u00e9ben.<\/p>","protected":false},"excerpt":{"rendered":"<p>Earth2&#8217;s Innovative EcoSym allows users to access resources from all over the world mapped out in real-time, giving you the opportunity to make some serious cash from the comfort of your own home, or anywhere else in the world! As one of its kind Metaverse, Earth2 allows you to explore and experience a whole new [&hellip;]<\/p>\n","protected":false},"author":1,"featured_media":0,"parent":0,"menu_order":0,"comment_status":"closed","ping_status":"closed","template":"","meta":{"footnotes":""},"_links":{"self":[{"href":"https:\/\/earth2.wiki\/hu\/wp-json\/wp\/v2\/pages\/148"}],"collection":[{"href":"https:\/\/earth2.wiki\/hu\/wp-json\/wp\/v2\/pages"}],"about":[{"href":"https:\/\/earth2.wiki\/hu\/wp-json\/wp\/v2\/types\/page"}],"author":[{"embeddable":true,"href":"https:\/\/earth2.wiki\/hu\/wp-json\/wp\/v2\/users\/1"}],"replies":[{"embeddable":true,"href":"https:\/\/earth2.wiki\/hu\/wp-json\/wp\/v2\/comments?post=148"}],"version-history":[{"count":6,"href":"https:\/\/earth2.wiki\/hu\/wp-json\/wp\/v2\/pages\/148\/revisions"}],"predecessor-version":[{"id":301,"href":"https:\/\/earth2.wiki\/hu\/wp-json\/wp\/v2\/pages\/148\/revisions\/301"}],"wp:attachment":[{"href":"https:\/\/earth2.wiki\/hu\/wp-json\/wp\/v2\/media?parent=148"}],"curies":[{"name":"wp","href":"https:\/\/api.w.org\/{rel}","templated":true}]}}