{"id":142,"date":"2024-04-14T18:56:33","date_gmt":"2024-04-14T17:56:33","guid":{"rendered":"https:\/\/earth2.wiki\/?page_id=142"},"modified":"2024-04-16T20:28:57","modified_gmt":"2024-04-16T19:28:57","slug":"earth2-essence-raid-cydroid-in-1-min","status":"publish","type":"page","link":"https:\/\/earth2.wiki\/hu\/earth2-essence-raid-cydroid-in-1-min\/","title":{"rendered":"Essence Mining - Earth2 Raid System &amp; Cydroid tanul\u00e1sa 1 percben"},"content":{"rendered":"<p>Ha \u00e9rdekli a kriptop\u00e9nz \u00e9s az Earth2 metaversus platform, akkor tal\u00e1n m\u00e1r hallott az Essence Miningr\u00f3l. Ez az \u00faj kriptop\u00e9nz abban innovat\u00edv, hogy bevezeti a geo-\u00e9rdekelts\u00e9g-k\u00f6z\u00f6ss\u00e9g \u00e1ltal vez\u00e9relt \u00f6nk\u00e9ntes decentraliz\u00e1ci\u00f3t.<\/p>\n\n\n\n<p>De mi is pontosan az Essence Mining, \u00e9s hogyan m\u0171k\u00f6dik? \u00cdme egy gyors \u00e1ttekint\u00e9s 1 percben.<\/p>\n\n\n\n<p>Az Essence Mining mag\u00e1ban foglalja a Cydroidok \u00e9p\u00edt\u00e9s\u00e9t, amelyek olyan dr\u00f3nok, amelyek k\u00e9pesek rajta\u00fctni a k\u00f6zeli ingatlanokon. A rajta\u00fct\u00e9sekb\u0151l sz\u00e1rmaz\u00f3 fejp\u00e9nzek azt\u00e1n \u00faj kriptop\u00e9nzz\u00e9 - Essence - alak\u00edthat\u00f3k \u00e1t.<\/p>\n\n\n\n<p>Az esszenciab\u00e1ny\u00e1szat csak olyan felhaszn\u00e1l\u00f3k sz\u00e1m\u00e1ra el\u00e9rhet\u0151, akiknek Tier1 (T1) \u00e9s Tier2 (T2) f\u00f6ldjei legal\u00e1bb 4 csempe nagys\u00e1g\u00faak. Ha a felt\u00e9telek teljes\u00fclnek, a felhaszn\u00e1l\u00f3 \u00e9p\u00edthet egy Cydroidot. A Cydroid azonban nem \u00e9p\u00edthet\u0151 Tier3-as f\u00f6ldekre.<\/p>\n\n\n\n<p>A hidrideknek energi\u00e1ra van sz\u00fcks\u00e9g\u00fck a megfelel\u0151 m\u0171k\u00f6d\u00e9shez, ez\u00e9rt akkumul\u00e1torokra van sz\u00fcks\u00e9g\u00fck a m\u0171k\u00f6d\u00e9shez. Az akkumul\u00e1torokat azt\u00e1n a civilek automatikusan felt\u00f6lthetik, \u00edgy a porty\u00e1z\u00e1s \u00e9s az adagol\u00e1s.<\/p>\n\n\n\n<p>A Cydroiddal kapcsolatos r\u00e9szletesebb inform\u00e1ci\u00f3k\u00e9rt n\u00e9zze meg ezt a cikket: <a href=\"https:\/\/earth2.wiki\/hu\/everything-you-need-to-know-about-cydroid-in-earth2-metaverse\/\">Minden, amit a Cydroidr\u00f3l tudni kell az Earth2 Metaverse-ben - Earth2 Wiki<\/a><\/p>\n\n\n\n<p>Az Earth2 Essence Mining egy \u00faj \u00e9s izgalmas, valamint k\u00f6rnyezetbar\u00e1t sz\u00f3rakoztat\u00f3 fejleszt\u00e9s a kriptop\u00e9nzek sz\u00e1m\u00e1ra, amelynek \u00fatt\u00f6r\u0151je az Earth2. Egyed\u00fcl\u00e1ll\u00f3 m\u00f3dot biztos\u00edt a felhaszn\u00e1l\u00f3k sz\u00e1m\u00e1ra, hogy kriptop\u00e9nzt keressenek a f\u00f6ldj\u00fck \u00e9s a Cydroid NFT-k felhaszn\u00e1l\u00e1s\u00e1val, tov\u00e1bb\u00e1 el\u0151seg\u00edti a k\u00f6z\u00f6ss\u00e9g \u00e1ltal vez\u00e9relt decentraliz\u00e1ci\u00f3 \u00e9s a felhaszn\u00e1l\u00f3k k\u00f6z\u00f6tti egy\u00fcttm\u0171k\u00f6d\u00e9st.<\/p>\n\n\n\n<p>Ha t\u00f6bbet szeretne megtudni az Essence Miningr\u00f3l, mindenk\u00e9ppen n\u00e9zze meg az Earth2 platformot, \u00e9s fedezze fel a benne rejl\u0151 lehet\u0151s\u00e9geket!<\/p>","protected":false},"excerpt":{"rendered":"<p>If you&#8217;re interested in cryptocurrency and the Earth2 metaverse platform, you may have heard of Essence Mining. This new cryptocurrency is innovative in that it introduces geo-interest-community driven voluntary decentralization. But what exactly is Essence Mining, and how does it work? Here&#8217;s a quick overview in 1 min. Essence Mining involves building Cydroids which are [&hellip;]<\/p>\n","protected":false},"author":1,"featured_media":0,"parent":0,"menu_order":0,"comment_status":"closed","ping_status":"closed","template":"","meta":{"footnotes":""},"_links":{"self":[{"href":"https:\/\/earth2.wiki\/hu\/wp-json\/wp\/v2\/pages\/142"}],"collection":[{"href":"https:\/\/earth2.wiki\/hu\/wp-json\/wp\/v2\/pages"}],"about":[{"href":"https:\/\/earth2.wiki\/hu\/wp-json\/wp\/v2\/types\/page"}],"author":[{"embeddable":true,"href":"https:\/\/earth2.wiki\/hu\/wp-json\/wp\/v2\/users\/1"}],"replies":[{"embeddable":true,"href":"https:\/\/earth2.wiki\/hu\/wp-json\/wp\/v2\/comments?post=142"}],"version-history":[{"count":5,"href":"https:\/\/earth2.wiki\/hu\/wp-json\/wp\/v2\/pages\/142\/revisions"}],"predecessor-version":[{"id":509,"href":"https:\/\/earth2.wiki\/hu\/wp-json\/wp\/v2\/pages\/142\/revisions\/509"}],"wp:attachment":[{"href":"https:\/\/earth2.wiki\/hu\/wp-json\/wp\/v2\/media?parent=142"}],"curies":[{"name":"wp","href":"https:\/\/api.w.org\/{rel}","templated":true}]}}