{"id":619,"date":"2024-04-17T13:56:02","date_gmt":"2024-04-17T12:56:02","guid":{"rendered":"https:\/\/earth2.wiki\/?page_id=619"},"modified":"2024-04-17T14:30:46","modified_gmt":"2024-04-17T13:30:46","slug":"all-languages","status":"publish","type":"page","link":"https:\/\/earth2.wiki\/fr\/toutes-les-langues\/","title":{"rendered":"Toutes les langues"},"content":{"rendered":"<p>Pr\u00e9sent dans 28 langues \u00e0 travers le monde, Earth2 wiki vous aide \u00e0 construire votre communaut\u00e9 et \u00e0 en savoir plus sur les vastes opportunit\u00e9s offertes par Earth2 Metaverse.<\/p>\n\n\n\n<p>Nous proposons des guides et des tutoriels sur la mani\u00e8re de naviguer sur la plateforme et d'apporter des contributions significatives \u00e0 ses diverses communaut\u00e9s. Notre \u00e9quipe d'experts est toujours disponible pour r\u00e9pondre \u00e0 vos questions, et nous nous engageons \u00e0 soutenir nos utilisateurs dans leur qu\u00eate d'exploration du Metaverse.<\/p>\n\n\n\n<figure class=\"wp-block-table\"><table><thead><tr><th><strong>Langue<\/strong><\/th><th><strong>URL<\/strong><\/th><\/tr><\/thead><tbody><tr><td>Cor\u00e9en (\ud55c\uad6d\uc5b4)<\/td><td><a href=\"https:\/\/earth2.wiki\/ko\">earth2.wiki\/ko<\/a><\/td><\/tr><tr><td>Su\u00e9dois (Svenska)<\/td><td><a href=\"https:\/\/earth2.wiki\/sv\">earth2.wiki\/sv<\/a><\/td><\/tr><tr><td>Slov\u00e8ne (Sloven\u0161\u010dina)<\/td><td><a href=\"https:\/\/earth2.wiki\/sl\">earth2.wiki\/sl<\/a><\/td><\/tr><tr><td>Slovaque (Sloven\u010dina)<\/td><td><a href=\"https:\/\/earth2.wiki\/sk\">earth2.wiki\/sk<\/a><\/td><\/tr><tr><td>Roumain (Rom\u00e2n\u0103)<\/td><td><a href=\"https:\/\/earth2.wiki\/ro\">earth2.wiki\/ro<\/a><\/td><\/tr><tr><td>Bokm\u00e5l norv\u00e9gien (Norsk Bokm\u00e5l)<\/td><td><a href=\"https:\/\/earth2.wiki\/nb\">earth2.wiki\/nb<\/a><\/td><\/tr><tr><td>Lituanien (Lietuvi\u0173)<\/td><td><a href=\"https:\/\/earth2.wiki\/lt\">earth2.wiki\/lt<\/a><\/td><\/tr><tr><td>Letton (Latvie\u0161u)<\/td><td><a href=\"https:\/\/earth2.wiki\/lv\">earth2.wiki\/lv<\/a><\/td><\/tr><tr><td>Hongrois (Magyar)<\/td><td><a href=\"https:\/\/earth2.wiki\/hu\">earth2.wiki\/hu<\/a><\/td><\/tr><tr><td>Finlandais (Suomi)<\/td><td><a href=\"https:\/\/earth2.wiki\/fi\">earth2.wiki\/fi<\/a><\/td><\/tr><tr><td>Estonien (Eesti)<\/td><td><a href=\"https:\/\/earth2.wiki\/et\">earth2.wiki\/et<\/a><\/td><\/tr><tr><td>Tch\u00e8que (\u010ce\u0161tina)<\/td><td><a href=\"https:\/\/earth2.wiki\/cs\">earth2.wiki\/cs<\/a><\/td><\/tr><tr><td>Bulgare (\u0411\u044a\u043b\u0433\u0430\u0440\u0441\u043a\u0438)<\/td><td><a href=\"https:\/\/earth2.wiki\/bg\">earth2.wiki\/bg<\/a><\/td><\/tr><tr><td>Ukrainien (\u0423\u043a\u0440\u0430\u0457\u043d\u0441\u044c\u043a\u0430)<\/td><td><a href=\"https:\/\/earth2.wiki\/uk\">earth2.wiki\/uk<\/a><\/td><\/tr><tr><td>Grec (\u0395\u03bb\u03bb\u03b7\u03bd\u03b9\u03ba\u03ac)<\/td><td><a href=\"https:\/\/earth2.wiki\/el\">earth2.wiki\/el<\/a><\/td><\/tr><tr><td>Indon\u00e9sien (Bahasa Indonesia)<\/td><td><a href=\"https:\/\/earth2.wiki\/id\">earth2.wiki\/id<\/a><\/td><\/tr><tr><td>N\u00e9erlandais (Nederlands)<\/td><td><a href=\"https:\/\/earth2.wiki\/nl\">earth2.wiki\/nl<\/a><\/td><\/tr><tr><td>Turc (T\u00fcrk\u00e7e)<\/td><td><a href=\"https:\/\/earth2.wiki\/tr\">earth2.wiki\/tr<\/a><\/td><\/tr><tr><td>Polonais (Polski)<\/td><td><a href=\"https:\/\/earth2.wiki\/pl\">earth2.wiki\/pl<\/a><\/td><\/tr><tr><td>Italien (Italiano)<\/td><td><a href=\"https:\/\/earth2.wiki\/it\">earth2.wiki\/it<\/a><\/td><\/tr><tr><td>Portugais (Portugu\u00eas)<\/td><td><a href=\"https:\/\/earth2.wiki\/pt\">earth2.wiki\/pt<\/a><\/td><\/tr><tr><td>Chinois (\u4e2d\u6587)<\/td><td><a href=\"https:\/\/earth2.wiki\/zh\">earth2.wiki\/zh<\/a><\/td><\/tr><tr><td>Fran\u00e7ais (French)<\/td><td><a href=\"https:\/\/earth2.wiki\/fr\">earth2.wiki\/fr<\/a><\/td><\/tr><tr><td>Espagnol (Espa\u00f1ol)<\/td><td><a href=\"https:\/\/earth2.wiki\/es\">earth2.wiki\/es<\/a><\/td><\/tr><tr><td>Japonais (\u65e5\u672c\u8a9e)<\/td><td><a href=\"https:\/\/earth2.wiki\/ja\">earth2.wiki\/ja<\/a><\/td><\/tr><tr><td>Allemand (Deutsch)<\/td><td><a href=\"https:\/\/earth2.wiki\/de\">earth2.wiki\/de<\/a><\/td><\/tr><tr><td>Russe (\u0420\u0443\u0441\u0441\u043a\u0438\u0439)<\/td><td><a href=\"https:\/\/earth2.wiki\/ru\">earth2.wiki\/ru<\/a><\/td><\/tr><\/tbody><\/table><\/figure>","protected":false},"excerpt":{"rendered":"<p>With its presence across 28 languages worldwide, Earth2 wiki helps you build your community and learn more about the vast opportunities offered by Earth2 Metaverse. We offer guides and tutorials on how to navigate the platform and make meaningful contributions to its diverse communities. Our team of experts is always available to answer any questions [&hellip;]<\/p>\n","protected":false},"author":1,"featured_media":0,"parent":0,"menu_order":0,"comment_status":"closed","ping_status":"closed","template":"","meta":{"footnotes":""},"_links":{"self":[{"href":"https:\/\/earth2.wiki\/fr\/wp-json\/wp\/v2\/pages\/619"}],"collection":[{"href":"https:\/\/earth2.wiki\/fr\/wp-json\/wp\/v2\/pages"}],"about":[{"href":"https:\/\/earth2.wiki\/fr\/wp-json\/wp\/v2\/types\/page"}],"author":[{"embeddable":true,"href":"https:\/\/earth2.wiki\/fr\/wp-json\/wp\/v2\/users\/1"}],"replies":[{"embeddable":true,"href":"https:\/\/earth2.wiki\/fr\/wp-json\/wp\/v2\/comments?post=619"}],"version-history":[{"count":4,"href":"https:\/\/earth2.wiki\/fr\/wp-json\/wp\/v2\/pages\/619\/revisions"}],"predecessor-version":[{"id":627,"href":"https:\/\/earth2.wiki\/fr\/wp-json\/wp\/v2\/pages\/619\/revisions\/627"}],"wp:attachment":[{"href":"https:\/\/earth2.wiki\/fr\/wp-json\/wp\/v2\/media?parent=619"}],"curies":[{"name":"wp","href":"https:\/\/api.w.org\/{rel}","templated":true}]}}