{"id":169,"date":"2024-04-14T19:10:09","date_gmt":"2024-04-14T18:10:09","guid":{"rendered":"https:\/\/earth2.wiki\/?page_id=169"},"modified":"2024-04-15T08:12:14","modified_gmt":"2024-04-15T07:12:14","slug":"trending-megacities-earth2","status":"publish","type":"page","link":"https:\/\/earth2.wiki\/fr\/megapoles-en-vogue-earth2\/","title":{"rendered":"M\u00e9gapoles en vogue sur Earth2"},"content":{"rendered":"<p><strong>Ville de Shoon<\/strong><\/p>\n\n\n\n<p>Fond\u00e9e par Pacey, Shoon City est situ\u00e9e \u00e0 c\u00f4t\u00e9 de la ville E1 de Minsk, la capitale de la Bi\u00e9lorussie. C'est la seule m\u00e9galopole dont les routes entourent enti\u00e8rement la capitale. Shoon City est strat\u00e9giquement positionn\u00e9e pour d'\u00e9ventuelles fonctionnalit\u00e9s de r\u00e9alit\u00e9 augment\u00e9e (AR) \u00e0 l'avenir et sert d'espace id\u00e9al pour les raids sur les anciens spots C1.<\/p>\n\n\n\n<p><strong>Chevaliers de Malte<\/strong><\/p>\n\n\n\n<p>Cr\u00e9\u00e9 \u00e0 l'origine pour assurer une gouvernance et une domination globales, Resin, le fondateur, a \u00e9largi son r\u00f4le pour parrainer des capacit\u00e9s de RA et de publicit\u00e9 au sein de l'humble \u00eele de 316 km\u00b2 qu'est Malte.<\/p>\n\n\n\n<p><strong>L'\u0153il du Sahara<\/strong><\/p>\n\n\n\n<p>Cette m\u00e9galopole est situ\u00e9e sur l'une des rares formations naturelles visibles depuis l'espace. La rumeur veut que ce soit l'emplacement de la cit\u00e9 perdue de l'Atlantide.<\/p>\n\n\n\n<p><\/p>\n\n\n\n<p><strong>Valhalla<\/strong><\/p>\n\n\n\n<p>Une m\u00e9gapole sur le th\u00e8me des Vikings, avec une brasserie, un chantier naval, des docks et une armurerie.<\/p>\n\n\n\n<p><strong>L'h\u00e9ritage des Bermudes<\/strong><\/p>\n\n\n\n<p>Cr\u00e9\u00e9e en tant que plateforme communautaire au sein de Earth2.io, cette m\u00e9gapole est situ\u00e9e sur l'\u00eele des Bermudes. Son objectif est de fournir un espace de divertissement et d'assistance \u00e0 tous les joueurs.<\/p>\n\n\n\n<p><strong>Gibraltar<\/strong><\/p>\n\n\n\n<p>Dorkslayer vise \u00e0 construire une communaut\u00e9 prosp\u00e8re sur Earth2, en se concentrant principalement sur Gibraltar. La collaboration et l'unit\u00e9 sont les fondements du succ\u00e8s dans cette exp\u00e9rience \u00e9pique du Metaverse.<\/p>\n\n\n\n<p><strong>Cryptopolis<\/strong><\/p>\n\n\n\n<p>Ville n\u00e9e de la force et du pouvoir, Cryptopolis est le fruit d'une collaboration entre les principaux acteurs de la plateforme. Elle sert de plaque tournante pour la finance, le commerce et la croissance.<\/p>\n\n\n\n<p><strong>Hippoland<\/strong><\/p>\n\n\n\n<p>Con\u00e7u pour les groupes d'amis qui souhaitent profiter \u00e0 la fois des boissons et des bar\/minigames, Hippoland offre une exp\u00e9rience unique.<\/p>\n\n\n\n<p><strong>Grand chemin de fer africain<\/strong><\/p>\n\n\n\n<p>Snowpiercer ouvre la voie en essayant de relier les m\u00e9gapoles d'Afrique.<\/p>\n\n\n\n<p><strong>Wakanda<\/strong><\/p>\n\n\n\n<p>Seule m\u00e9galopole situ\u00e9e directement dans la vall\u00e9e du grand rift africain, le Wakanda se trouve \u00e0 l'endroit exact o\u00f9 il existe dans le Marvel Cinematic Universe. Il se trouve sur les rives du l\u00e9gendaire lac Turkana, souvent appel\u00e9 le \"berceau de l'humanit\u00e9\".<\/p>\n\n\n\n<p><strong>Zigurat<\/strong><\/p>\n\n\n\n<p>Zigurat City a \u00e9t\u00e9 cr\u00e9\u00e9e par un groupe d'artistes visuels talentueux qui partagent une vision de l'avenir de Earth2. Elle allie l'art et l'ambition.<\/p>\n\n\n\n<p><strong>Motor City<\/strong><\/p>\n\n\n\n<p>Une m\u00e9gapole Earth2 sur le th\u00e8me de la voiture et de la course, parfaite pour les passionn\u00e9s d'automobile.<\/p>\n\n\n\n<p><strong>\u00cele de Minde<\/strong><\/p>\n\n\n\n<p>Situ\u00e9e dans le magnifique lagon de Marovo, dans les \u00eeles Salomon (le plus grand lagon d'eau sal\u00e9e au monde), l'\u00eele de Minde compte des centaines d'investisseurs, plusieurs districts et une vision \u00e0 long terme de la r\u00e9ussite.<\/p>","protected":false},"excerpt":{"rendered":"<p>Shoon City Founded by Pacey, Shoon City is located alongside the E1 City of Minsk, which is the capital of Belarus. It stands out as the only megacity with roads completely surrounding an entire capital city.\u00a0Shoon City is strategically positioned for potential augmented reality (AR) features in the future and serves as an ideal space [&hellip;]<\/p>\n","protected":false},"author":1,"featured_media":0,"parent":0,"menu_order":0,"comment_status":"closed","ping_status":"closed","template":"","meta":{"footnotes":""},"_links":{"self":[{"href":"https:\/\/earth2.wiki\/fr\/wp-json\/wp\/v2\/pages\/169"}],"collection":[{"href":"https:\/\/earth2.wiki\/fr\/wp-json\/wp\/v2\/pages"}],"about":[{"href":"https:\/\/earth2.wiki\/fr\/wp-json\/wp\/v2\/types\/page"}],"author":[{"embeddable":true,"href":"https:\/\/earth2.wiki\/fr\/wp-json\/wp\/v2\/users\/1"}],"replies":[{"embeddable":true,"href":"https:\/\/earth2.wiki\/fr\/wp-json\/wp\/v2\/comments?post=169"}],"version-history":[{"count":9,"href":"https:\/\/earth2.wiki\/fr\/wp-json\/wp\/v2\/pages\/169\/revisions"}],"predecessor-version":[{"id":435,"href":"https:\/\/earth2.wiki\/fr\/wp-json\/wp\/v2\/pages\/169\/revisions\/435"}],"wp:attachment":[{"href":"https:\/\/earth2.wiki\/fr\/wp-json\/wp\/v2\/media?parent=169"}],"curies":[{"name":"wp","href":"https:\/\/api.w.org\/{rel}","templated":true}]}}