{"id":138,"date":"2024-04-14T18:51:17","date_gmt":"2024-04-14T17:51:17","guid":{"rendered":"https:\/\/earth2.wiki\/?page_id=138"},"modified":"2024-04-19T10:04:17","modified_gmt":"2024-04-19T09:04:17","slug":"earth2-tiles-in-1-min","status":"publish","type":"page","link":"https:\/\/earth2.wiki\/fr\/terre2-tuiles-en-1-min\/","title":{"rendered":"Apprenez \u00e0 conna\u00eetre Earth2 Lands (Tiles) en 1 min !"},"content":{"rendered":"<p>Les tuiles sont les unit\u00e9s d'achat de terres dans l'\u00e9cosyst\u00e8me Earth2, et elles g\u00e9n\u00e8rent diverses ressources. Earth2 est une plateforme m\u00e9tavers qui permet aux utilisateurs d'acheter, de poss\u00e9der, de vivre et d'\u00e9changer des terres virtuelles.<\/p>\n\n\n\n<p>Les tuiles sont les unit\u00e9s de base de la terre dans l'\u00e9cosyst\u00e8me Earth2. Elles sont \u00e9quivalentes \u00e0 un terrain de 10 m x 10 m dans le monde r\u00e9el. L'une des caract\u00e9ristiques uniques des tuiles est qu'elles \u00e9vaporent de l'\u00e9ther, un type de monnaie num\u00e9rique. Cet Ether est ensuite collect\u00e9 et transform\u00e9 en Essence, qui peut \u00eatre utilis\u00e9e \u00e0 diverses fins telles que l'achat de civilisations, de cydro\u00efdes et d'autres actifs virtuels.<\/p>\n\n\n\n<p>En plus de g\u00e9n\u00e9rer de l'\u00e9ther, les tuiles produisent \u00e9galement des ressources telles que le p\u00e9trole, l'or, l'argent, le bois, l'eau, etc. qui peuvent \u00eatre utilis\u00e9es pour construire des structures et cr\u00e9er des mat\u00e9riaux. Les utilisateurs n'ont donc pas besoin d'acheter ces ressources ailleurs, ce qui rend la propri\u00e9t\u00e9 fonci\u00e8re de Earth2 plus autonome.<\/p>\n\n\n\n<p>Lorsque vous achetez un terrain dans Earth2, il est trait\u00e9 comme un actif qui vous appartient, comme un relev\u00e9 bancaire. Vous pouvez ensuite vendre votre terrain sur le march\u00e9 \u00e0 toute personne int\u00e9ress\u00e9e par son acquisition. Certains terrains haut de gamme, comme la Statue de la Libert\u00e9 \u00e0 New York, ont d\u00e9j\u00e0 \u00e9t\u00e9 vendus pour plus de $50 000 USD.<\/p>\n\n\n\n<p>Les terres et les tuiles d'Earth2 sont plus que de simples biens immobiliers virtuels ; ce sont des actifs qui peuvent produire des flux de revenus et \u00eatre \u00e9chang\u00e9s contre des sommes d'argent substantielles. En poss\u00e9dant des terres Earth2, vous pouvez non seulement profiter des avantages financiers potentiels de l'immobilier virtuel, mais aussi participer \u00e0 la construction d'une nouvelle communaut\u00e9 mondiale sur cette plateforme m\u00e9tavers.<\/p>\n\n\n\n<figure class=\"wp-block-table\"><table><thead><tr><th>CARACT\u00c9RISTIQUES<\/th><th>TIER 1<\/th><th>TIER 2<\/th><\/tr><\/thead><tbody><tr><td>Moyens d'acheter la tuile<\/td><td>Place de march\u00e9 (joueur \u00e0 joueur) \/ Passage au niveau 2 (fonctionnalit\u00e9 future)<\/td><td>E2 \/ March\u00e9 (joueur \u00e0 joueur)<\/td><\/tr><tr><td>Prix du carrelage<\/td><td>La structure des prix reste inchang\u00e9e.<\/td><td>Une tuile de classe de base abordable avec des attributs limit\u00e9s \u00e0 partir de E$0.10.<\/td><\/tr><tr><td>Prix du carrelage<\/td><td>La structure des prix reste inchang\u00e9e.<\/td><td>Une tuile de classe de base abordable avec des attributs limit\u00e9s \u00e0 partir de E$0.10.<\/td><\/tr><tr><td>LIT (prime p\u00e9riodique)<\/td><td>Oui<\/td><td>Non<\/td><\/tr><tr><td>EPL<\/td><td>Oui<\/td><td>Non<\/td><\/tr><tr><td>Classe de terre<\/td><td>1-5<\/td><td>Non<\/td><\/tr><tr><td>Essence promise (EDC)<\/td><td>Uniquement pour les biens ORIGINAUX de niveau 1 attribu\u00e9s par Earth 2 (pas les biens de niveau 1 am\u00e9lior\u00e9s)<\/td><td>Non<\/td><\/tr><tr><td>Conversion Ether-Essence<\/td><td>Garantie<\/td><td>Impr\u00e9visible<\/td><\/tr><tr><td>G\u00e9n\u00e9ration d'essences<\/td><td>Garantie<\/td><td>Impr\u00e9visible<\/td><\/tr><tr><td>Ponte des bijoux<\/td><td>Place de march\u00e9 (joueur \u00e0 joueur) \/ Passage au niveau 2 (fonctionnalit\u00e9 future)<\/td><td>E2 \/ March\u00e9 (joueur \u00e0 joueur)<\/td><\/tr><tr><td>Machines \u00e0 sous Jewel<\/td><td>5 ou plus<\/td><td>3<\/td><\/tr><tr><td>Bonus du code de r\u00e9f\u00e9rence<\/td><td>7.5%<\/td><td>5%<\/td><\/tr><tr><td>Nom du code de r\u00e9f\u00e9rence<\/td><td>Personnalisable<\/td><td>G\u00e9n\u00e9ralement G\u00e9n\u00e9r\u00e9<\/td><\/tr><tr><td>EcoSim Building Cap* (en anglais)<\/td><td>Non<\/td><td>Oui<\/td><\/tr><tr><td>Ressources \u00e0 d\u00e9couvrir*<\/td><td>Complet<\/td><td>Restreint<\/td><\/tr><tr><td>Saturation des ressources*<\/td><td>Normal<\/td><td>Restreint<\/td><\/tr><tr><td>Gouvernance*<\/td><td>Complet<\/td><td>Dilu\u00e9<\/td><\/tr><tr><td>Pourra prendre en charge les annonces*.<\/td><td>Oui<\/td><td>Non<\/td><\/tr><tr><td>Des bonus suppl\u00e9mentaires seront progressivement mis en place*<\/td><td>Oui<\/td><td>Limit\u00e9e<\/td><\/tr><\/tbody><\/table><\/figure>\n\n\n\n<p>* = bient\u00f4t \/ sera r\u00e9v\u00e9l\u00e9 \u00e0 une date ult\u00e9rieure<\/p>","protected":false},"excerpt":{"rendered":"<p>Tile is the purchase units of land in Earth2 ecosystem, and they generate various resources. Earth2 is a metaverse platform that allows users to purchase, own, live and trade virtual land. Tiles are the basic units of land in the Earth2 ecosystem. They are equivalent to a 10m x 10m plot of land in the [&hellip;]<\/p>\n","protected":false},"author":1,"featured_media":0,"parent":0,"menu_order":0,"comment_status":"closed","ping_status":"closed","template":"","meta":{"footnotes":""},"_links":{"self":[{"href":"https:\/\/earth2.wiki\/fr\/wp-json\/wp\/v2\/pages\/138"}],"collection":[{"href":"https:\/\/earth2.wiki\/fr\/wp-json\/wp\/v2\/pages"}],"about":[{"href":"https:\/\/earth2.wiki\/fr\/wp-json\/wp\/v2\/types\/page"}],"author":[{"embeddable":true,"href":"https:\/\/earth2.wiki\/fr\/wp-json\/wp\/v2\/users\/1"}],"replies":[{"embeddable":true,"href":"https:\/\/earth2.wiki\/fr\/wp-json\/wp\/v2\/comments?post=138"}],"version-history":[{"count":5,"href":"https:\/\/earth2.wiki\/fr\/wp-json\/wp\/v2\/pages\/138\/revisions"}],"predecessor-version":[{"id":632,"href":"https:\/\/earth2.wiki\/fr\/wp-json\/wp\/v2\/pages\/138\/revisions\/632"}],"wp:attachment":[{"href":"https:\/\/earth2.wiki\/fr\/wp-json\/wp\/v2\/media?parent=138"}],"curies":[{"name":"wp","href":"https:\/\/api.w.org\/{rel}","templated":true}]}}