{"id":181,"date":"2024-04-14T19:16:26","date_gmt":"2024-04-14T18:16:26","guid":{"rendered":"https:\/\/earth2.wiki\/?page_id=181"},"modified":"2024-04-15T08:29:56","modified_gmt":"2024-04-15T07:29:56","slug":"trending-regions-earth2","status":"publish","type":"page","link":"https:\/\/earth2.wiki\/fi\/trending-regions-earth2\/","title":{"rendered":"Kehittyv\u00e4t alueet Earth2:ssa"},"content":{"rendered":"<p>Earth2 Wiki tarjoaa viikoittaisen analyysin Earth2 Metaversen trenditietoisista alueista. Earth2-alueiden kuukausittaisten trendien tarkastelu auttaa parlamentin j\u00e4seni\u00e4 suuresti tunnistamaan virtuaalivarojensa kysynn\u00e4n pitk\u00e4n aikav\u00e4lin mallit Earth2:ssa.<\/p>\n\n\n\n<p>Earth2 Metaverse on kiehtova virtuaalimaailma, jossa voit omistaa maa-alueita, jotka perustuvat reaalimaailman paikkoihin, ja viimeisimpien trendien mukaan jotkin alueet Earth 2:ssa ovat t\u00e4ll\u00e4 hetkell\u00e4 trendikk\u00e4\u00e4mpi\u00e4 kuin toiset. T\u00e4ss\u00e4 artikkelissa tarjoamme analyyttisen yleiskatsauksen Earth 2:n trendikk\u00e4immist\u00e4 alueista ja niiden investointin\u00e4kymist\u00e4.<\/p>\n\n\n\n<p>Earth 2:ssa trendikk\u00e4imm\u00e4t alueet luokitellaan kahteen luokkaan - Tier 2 ja Tier 3 - niiden suosion ja alueilla k\u00e4yt\u00f6ss\u00e4 olevien laattojen m\u00e4\u00e4r\u00e4n perusteella.<\/p>\n\n\n\n<h2 class=\"wp-block-heading\">Trending Earth2 Tier2 (T2) laatat<\/h2>\n\n\n\n<p><strong>Trinidad ja Tobago<\/strong> hinta on E$0,28 E\/laatta, ja sen pinta-ala on 11 988 laattaa. Se on suosittu paikka Earth2:ssa kauniiden Karibian rantojensa ja rikkaan kulttuurinsa vuoksi.<\/p>\n\n\n\n<p><strong>Kiribati <\/strong>hinta on E$0,23 E\/laatta, ja se kattaa 11 687 laattaa. Se sijaitsee Tyynen valtameren keskiosassa, ja siit\u00e4 on tulossa suosittu kohde Earth 2:ssa sen upeiden maisemien ja ainutlaatuisen kulttuurin vuoksi.<\/p>\n\n\n\n<p><strong>Etiopia<\/strong> hinta on E$0,34 E\/laatta, ja se k\u00e4sitt\u00e4\u00e4 9 880 laattaa. Se on Afrikan sarvessa sijaitseva sis\u00e4maavaltio, joka tunnetaan rikkaasta historiastaan, monipuolisesta kulttuuristaan ja upeista maisemistaan.<\/p>\n\n\n\n<p><strong>Cookinsaaret <\/strong>hinta on E$0,22 E\/laatta, ja se kattaa 7 258 laattaa. T\u00e4m\u00e4 upea paratiisisaari sijaitsee etel\u00e4isell\u00e4 Tyynell\u00e4merell\u00e4, ja siit\u00e4 on tulossa eritt\u00e4in haluttu paikka Earth 2:ssa luonnonkauneutensa ja idyllisten rantojensa vuoksi.CopySaveRemove<\/p>\n\n\n\n<p><strong>Zimbabwe <\/strong>hinta on E$0,58 E\/laatta, ja se kattaa 5 911 laattaa. T\u00e4m\u00e4 kaunis Afrikan maa tunnetaan rikkaasta kulttuuristaan, upeista luonnonmaisemistaan ja runsaasta villiel\u00e4imist\u00f6st\u00e4\u00e4n.<\/p>\n\n\n\n<h2 class=\"wp-block-heading\">Trending Earth2 Tier3 (T3) -laatat<\/h2>\n\n\n\n<p><strong>Jeju-do<\/strong> hinta on E$0,22 E$0,22 per laatta, ja sen pinta-ala on huikeat 116 197 laattaa. Se on Etel\u00e4-Koreassa sijaitseva saari, josta on tulossa suosittu paikka Earth 2:ssa sen upeiden luonnonmaisemien, kuten kauniiden rantojen, tulivuorimaisemien ja kuumien luonnonl\u00e4hteiden vuoksi.CopySaveRemove<\/p>\n\n\n\n<p><strong>Nevada<\/strong> hinta on E$0,19 E\/laatta, ja se kattaa 95 532 laattaa. Se on suosittu kohde Earth 2:ssa sen upeiden luonnonmaisemien ja maailmankuulujen n\u00e4ht\u00e4vyyksien, kuten Las Vegas Stripin ja Grand Canyonin, vuoksi.CopySaveRemove<\/p>\n\n\n\n<p><strong>Abu Dhabi<\/strong> hinta on E$0,17 E$0,17\/laatta, ja se kattaa 83 273 laattaa. T\u00e4m\u00e4 kaunis kaupunki Yhdistyneiss\u00e4 arabiemiirikunnissa on tunnettu upeasta arkkitehtuuristaan, ylellisist\u00e4 hotelleistaan ja loputtomista viihdemahdollisuuksista.<\/p>\n\n\n\n<p><strong>L\u00e4nsi-Kap<\/strong> hinta on E$0,16 E\/laatta, ja se k\u00e4sitt\u00e4\u00e4 73 414 laattaa. T\u00e4st\u00e4 Etel\u00e4-Afrikan alueesta on tulossa eritt\u00e4in haluttu paikka Earth 2:ssa sen henke\u00e4salpaavien luonnonmaisemien, kauniiden rantojen ja rikkaan kulttuuriperinn\u00f6n vuoksi.<\/p>\n\n\n\n<p><strong>Attica<\/strong> hinta on E$0,16 E\/laatta, ja se kattaa 67 222 laattaa. T\u00e4st\u00e4 Kreikan alueesta on tulossa suosittu kohde Earth 2:ssa sen rikkaan kulttuuriperinn\u00f6n, muinaisten raunioiden ja upean luonnonkauneuden vuoksi.<\/p>\n\n\n\n<h2 class=\"wp-block-heading\">Sijoitusn\u00e4kym\u00e4t<\/h2>\n\n\n\n<p>Sijoittamisen kannalta Earth 2:n alueet, joilla on pienemm\u00e4t hintalaput, ovat harkitsemisen arvoisia. Esimerkiksi, <strong>Trinidad Tobago<\/strong> ja <strong>Kiribati <\/strong>osoitteessa <strong>Tier2 <\/strong>ja <strong>L\u00e4nsi-Kap <\/strong>ja <strong>Attica <\/strong>osoitteessa <strong>Tier3 <\/strong>kaikilla on <strong>alhaisempi laattahinta. <\/strong>T\u00e4m\u00e4 saattaa tehd\u00e4 niist\u00e4 edullisempia investointeja, ja pitk\u00e4ll\u00e4 aikav\u00e4lill\u00e4 ne voivat tarjota suuremman tuoton. On kuitenkin t\u00e4rke\u00e4\u00e4 huomata, ett\u00e4 virtuaalimaahan sijoittaminen on kuitenkin <strong>spekulatiivinen investointi,<\/strong> ja on t\u00e4rke\u00e4\u00e4 tehd\u00e4 perusteellinen tutkimus ennen kuin sijoittaa mit\u00e4\u00e4n summaa.<\/p>\n\n\n\n<p>Lis\u00e4ksi, jos etsit halvimpia uusia maa-alueita, harkitse kaivostoimintaa. <strong>Essence Pohjois-Pyonganissa, Korean demokraattinen kansantasavalta ja Grenadiinit, Saint Vincent ja Grenadiinit. <\/strong>N\u00e4m\u00e4 alueet ovat saavuttaneet valtavan suosion sijoittajien keskuudessa, koska niiden <strong>mineraalipotentiaali <\/strong>ja ne ovat t\u00e4ll\u00e4 hetkell\u00e4 johtavassa asemassa saamiensa \u00e4\u00e4nten m\u00e4\u00e4r\u00e4n perusteella.<\/p>","protected":false},"excerpt":{"rendered":"<p>Earth2 Wiki provides weekly Analysis of the Trending Regions in Earth2 Metaverse. Examining the monthly trends of Earth2 Regions, tremendously help our House Members identify the long-term patterns in demand of their virtual assets in Earth2. The Earth2 Metaverse is a fascinating virtual world where you can own land locations that are based on real-world [&hellip;]<\/p>\n","protected":false},"author":1,"featured_media":0,"parent":0,"menu_order":0,"comment_status":"closed","ping_status":"closed","template":"","meta":{"footnotes":""},"_links":{"self":[{"href":"https:\/\/earth2.wiki\/fi\/wp-json\/wp\/v2\/pages\/181"}],"collection":[{"href":"https:\/\/earth2.wiki\/fi\/wp-json\/wp\/v2\/pages"}],"about":[{"href":"https:\/\/earth2.wiki\/fi\/wp-json\/wp\/v2\/types\/page"}],"author":[{"embeddable":true,"href":"https:\/\/earth2.wiki\/fi\/wp-json\/wp\/v2\/users\/1"}],"replies":[{"embeddable":true,"href":"https:\/\/earth2.wiki\/fi\/wp-json\/wp\/v2\/comments?post=181"}],"version-history":[{"count":6,"href":"https:\/\/earth2.wiki\/fi\/wp-json\/wp\/v2\/pages\/181\/revisions"}],"predecessor-version":[{"id":412,"href":"https:\/\/earth2.wiki\/fi\/wp-json\/wp\/v2\/pages\/181\/revisions\/412"}],"wp:attachment":[{"href":"https:\/\/earth2.wiki\/fi\/wp-json\/wp\/v2\/media?parent=181"}],"curies":[{"name":"wp","href":"https:\/\/api.w.org\/{rel}","templated":true}]}}