{"id":156,"date":"2024-04-14T19:03:26","date_gmt":"2024-04-14T18:03:26","guid":{"rendered":"https:\/\/earth2.wiki\/?page_id=156"},"modified":"2024-04-15T01:09:54","modified_gmt":"2024-04-15T00:09:54","slug":"earth2-holo-builidng-in-1-min","status":"publish","type":"page","link":"https:\/\/earth2.wiki\/fi\/earth2-holo-builidng-in-1-min\/","title":{"rendered":"Earth2 Holo-Builidng 1 minuutissa"},"content":{"rendered":"<p>Tervetuloa luovuuden ja taiteen tulevaisuuteen, Metaversioon. Kun maailma on yh\u00e4 riippuvaisempi teknologiasta, Metaversiosta on tulossa luojien ja innovaattoreiden \u00e4\u00e4rimm\u00e4inen leikkikentt\u00e4. Earth2 johtaa Metaverse-arkkitehtuuria holorakennusten alkuvaiheessa ja luo pohjan uudelle rajattoman luovuuden aikakaudelle.<\/p>\n\n\n\n<p>Metaversio on ratkaisu taiteilijoiden todellisessa maailmassa kohtaamiin tilarajoitteisiin. Vuokrat ovat nousseet pilviin suurkaupungeissa, ja suurimmalla osalla maailman v\u00e4est\u00f6st\u00e4 ei ole varaa maksaa kalliita hintoja fyysisest\u00e4 tilasta, jossa he voivat ilmaista taiteellisia kykyj\u00e4\u00e4n. Metaversiossa sinulla on rajattomat mahdollisuudet luoda mestariteoksesi helpommin saatavilla olevalla tavalla. Puhelin, tietokone, internet, \u00e4lypuhelin ja sosiaalinen media ovat mullistaneet el\u00e4m\u00e4mme, ja Metaversio tuo maailmankaikkeuden aivan sormenp\u00e4ihisi ja antaa sinulle mahdollisuuden p\u00e4\u00e4st\u00e4 luovuuden aivan uudelle tasolle.<\/p>\n\n\n\n<p>Earth2:n Holo-Buildings-rakennusten avulla taiteilijan n\u00e4kemykselle on rajana taivas. Metaversumin rajattoman mittakaavan avulla voi tulla maailman suurimmaksi kuvanveist\u00e4j\u00e4ksi, arkkitehdiksi tai 3D-suunnittelijaksi ja ansaita passiivista tuloa myym\u00e4ll\u00e4 ainutlaatuisia piirustuksiaan. Vaikka Holobuilding-teknologia on viel\u00e4 alkeellista, sen avulla kuka tahansa voi luoda ja kehitt\u00e4\u00e4 oman r\u00e4\u00e4t\u00e4l\u00f6it\u00e4v\u00e4n ja immersiivisen ymp\u00e4rist\u00f6ns\u00e4 - p\u00e4\u00e4st\u00e4 mielikuvituksesi valloilleen!<\/p>\n\n\n\n<p>\u00c4l\u00e4 missaa t\u00e4t\u00e4 tilaisuutta osallistua yhteen tulevaisuuden j\u00e4nnitt\u00e4vimmist\u00e4 osa-alueista, Metaversioon. Tutustu Earth2:n holorakennuksiin, jotka ovat t\u00e4ydellinen paikka, jossa kuka tahansa taiteilija voi ilmaista ja luoda villeimpi\u00e4 unelmiaan helposti. Tule mukaan muokkaamaan Metaverse-multiversumia, jossa mahdollisuudet ovat rajattomat.<\/p>","protected":false},"excerpt":{"rendered":"<p>Welcome to the future of creativity and art, the Metaverse. As the world becomes more and more reliant on technology, the Metaverse is becoming the ultimate playground for creators and innovators. Earth2 is leading the way in Metaverse architecture with the early phase of Holo-Buildings and setting the stage for a new era of limitless [&hellip;]<\/p>\n","protected":false},"author":1,"featured_media":0,"parent":0,"menu_order":0,"comment_status":"closed","ping_status":"closed","template":"","meta":{"footnotes":""},"_links":{"self":[{"href":"https:\/\/earth2.wiki\/fi\/wp-json\/wp\/v2\/pages\/156"}],"collection":[{"href":"https:\/\/earth2.wiki\/fi\/wp-json\/wp\/v2\/pages"}],"about":[{"href":"https:\/\/earth2.wiki\/fi\/wp-json\/wp\/v2\/types\/page"}],"author":[{"embeddable":true,"href":"https:\/\/earth2.wiki\/fi\/wp-json\/wp\/v2\/users\/1"}],"replies":[{"embeddable":true,"href":"https:\/\/earth2.wiki\/fi\/wp-json\/wp\/v2\/comments?post=156"}],"version-history":[{"count":2,"href":"https:\/\/earth2.wiki\/fi\/wp-json\/wp\/v2\/pages\/156\/revisions"}],"predecessor-version":[{"id":292,"href":"https:\/\/earth2.wiki\/fi\/wp-json\/wp\/v2\/pages\/156\/revisions\/292"}],"wp:attachment":[{"href":"https:\/\/earth2.wiki\/fi\/wp-json\/wp\/v2\/media?parent=156"}],"curies":[{"name":"wp","href":"https:\/\/api.w.org\/{rel}","templated":true}]}}