{"id":146,"date":"2024-04-14T18:57:19","date_gmt":"2024-04-14T17:57:19","guid":{"rendered":"https:\/\/earth2.wiki\/?page_id=146"},"modified":"2024-04-15T03:38:04","modified_gmt":"2024-04-15T02:38:04","slug":"automate-earth2-mining-with-civilians-ai","status":"publish","type":"page","link":"https:\/\/earth2.wiki\/fi\/automate-earth2-mining-with-civilians-ai\/","title":{"rendered":"Automatisoi Earth2-kryptokaivostoiminta siviilien NFT:ll\u00e4 (feat. A.I.)"},"content":{"rendered":"<p>Earth2 on yksi kryptokaivostoiminnan uusimmista ja j\u00e4nnitt\u00e4vimmist\u00e4 kehityskohteista, ja se tarjoaa sijoittajille mahdollisuuden sijoittaa virtuaalisiin tontteihin ja ansaita voittoa erilaisilla menetelmill\u00e4, kuten pelaamisen, verkkokaupan ja virtuaalisten kiinteist\u00f6jen avulla. Civilians-ominaisuuden hiljattaisen julkistamisen my\u00f6t\u00e4 on nyt mahdollista automatisoida ja optimoida Earth2-kryptokaivosrutiinisi entisest\u00e4\u00e4n Civilians NFT:n avulla.<\/p>\n\n\n\n<p>Civilians-ominaisuus on tehokas uusi ty\u00f6kalu, joka tekee Earth2-tonttien ja investointien hallinnoinnista helpompaa ja tehokkaampaa kuin koskaan. Tulevaisuudessa Civilians kehittyy teko\u00e4lyll\u00e4 toimivaksi NPC:ksi Earth2 Metaversess\u00e4, joka t\u00e4ytt\u00e4\u00e4 Earth2 Metaversen valtavan ja rajoittamattoman mittakaavan.<\/p>\n\n\n\n<p>Civiliansin avulla sinun ei en\u00e4\u00e4 tarvitse turvautua loputtomiin klikkauksiin latauksen, hy\u00f6kk\u00e4yksen k\u00e4ynnist\u00e4misen tai palkintojen jakamisen suhteen. Civiliansin avulla voit hallita Earth2-sijoituksiasi helposti.<\/p>\n\n\n\n<p>Olitpa sitten aloitteleva sijoittaja tai kokenut ammattilainen, Civilians voi auttaa sinua optimoimaan Earth2-resurssisijoituksesi ja maksimoimaan voittosi. Tarjoamalla sinulle tietoon perustuvia oivalluksia ja suosituksia, geologi ja tuleva data-analyytikko Siviilit voivat auttaa sinua tekem\u00e4\u00e4n tietoon perustuvia p\u00e4\u00e4t\u00f6ksi\u00e4 siit\u00e4, mist\u00e4 ostaa ja milloin myyd\u00e4 virtuaalimaasi, perustuen markkinoiden suuntauksiin ja malleihin.<\/p>\n\n\n\n<h1 class=\"wp-block-heading\">Fraktiot, eli uskonto, uskonto Earth2:ssa<\/h1>\n\n\n\n<p>Aivan kuten Earth1:n ihmiskunta, my\u00f6s Earth2:n siviilit ovat hyvin monimuotoinen ryhm\u00e4 ihmisi\u00e4, joilla on omat uskomuksensa, arvonsa ja kulttuurinsa. Aivan kuten heid\u00e4n luojansa Earth1:ss\u00e4, Earth2:n siviilitkin p\u00e4\u00e4tyv\u00e4t konflikteihin ja erimielisyyksiin kolmen eri ryhmittym\u00e4n v\u00e4lill\u00e4: Avaruusjoukot, Kapinalliset ja Egyptin jumalat ja seuraajat.<\/p>\n\n\n\n<p>Tutustutaanpa tarkemmin kuhunkin n\u00e4ist\u00e4 ryhmittymist\u00e4, jotta ymm\u00e4rr\u00e4mme paremmin niiden uskomuksia ja arvoja.<\/p>\n\n\n\n<h2 class=\"wp-block-heading\">Space Force Empire<\/h2>\n\n\n\n<p>Tasainen ja hallitseva (MBTI J menestyy t\u00e4\u00e4ll\u00e4),<\/p>\n\n\n\n<h5 class=\"wp-block-heading\">TAG: #Gryffindor, #Demokraatit, #BlueTeam, #Biden2024, #\uc815\ud30c, #\uc815\ud30c, #<strong><strong>\u6b63\u6d3e<\/strong><\/strong>, #<strong><strong>\u305b\u3044\u3068\u3046<\/strong><\/strong>, <strong>\u0627\u0644\u0635\u0641\u0627\u0621<\/strong>,\u00a0<strong>ortodoksinen<\/strong>, &#8230;<\/h5>\n\n\n\n<p>T\u00e4m\u00e4 ryhm\u00e4 on enemmist\u00f6 ja hallitsee perinteisesti markkinoita. He uskovat vahvasti yhteiskunnan j\u00e4rjestyksen ja kurin yll\u00e4pit\u00e4miseen ja panostavat voimakkaasti avaruustutkimukseen ja teknologiaan. Monet heist\u00e4 ovat eritt\u00e4in p\u00e4tevi\u00e4 tieteen ja tekniikan alalla, ja he uskovat, ett\u00e4 teknologian avulla he voivat tehd\u00e4 Earth2:sta vauraan ja kukoistavan maailman.<\/p>\n\n\n\n<h2 class=\"wp-block-heading\">Kapinalliset palkkasoturit<\/h2>\n\n\n\n<p>Luovuus &amp; Breakout (MBTI 'N\/P' enemmist\u00f6)<\/p>\n\n\n\n<h5 class=\"wp-block-heading\">TAG: #Slytherin, #Republicans, #RedTeam, #Trump2024, #\uc0ac\ud30c, #\uc0ac\ud30c, #<strong>\u90aa\u6d3e<\/strong>, \u063a\u064a\u0631 \u062a\u0642\u0644\u064a\u062f\u064a, ep\u00e4sovinnainen, ...<\/h5>\n\n\n\n<p>Kapinalliset taas vastustavat avaruusvoimien imperiumin kauheaa yhdenmukaisuutta. He uskovat, ett\u00e4 Avaruusjoukot tukahduttavat heid\u00e4n vapautensa ja luovuutensa, ja haluavat luoda maailman, jossa kaikilla on vapaus ilmaista itse\u00e4\u00e4n ilman rajoituksia. Kapinallisia pidet\u00e4\u00e4n usein vastakkainasettelijoina ja kapinallisina, mutta he suhtautuvat vakaumukseensa ja arvoihinsa eritt\u00e4in intohimoisesti.<\/p>\n\n\n\n<h2 class=\"wp-block-heading\">Egyptin jumalat ja seuraajat<\/h2>\n\n\n\n<p>Perinne ja intuitio (MBTI 'S' enemmist\u00f6)<\/p>\n\n\n\n<h5 class=\"wp-block-heading\">TAG: #Primative, #Sigma, #NeutralNot, #ElvishDwarf, #Psycho, #RavenClaw, #\ub3c4\uc778, #\u5c0e\u5f15, #\u0633\u0627\u062d\u0631, #Magician<\/h5>\n\n\n\n<p>Egyptin jumalat ja seuraajat ovat kolmas ja kaikkien siviilien ikivanhin ryhmittym\u00e4. He ovat syv\u00e4lle perinteisiin juurtuneita ja heill\u00e4 on salaper\u00e4inen aura, joka juontaa juurensa jokaisen siviilin ENA:n alkuper\u00e4st\u00e4. He palvovat muinaisen Egyptin jumalia ja kunnioittavat syv\u00e4sti heid\u00e4n kulttuuriaan ja muinaista viisauttaan. He uskovat vahvasti j\u00e4lleensyntymiseen ja kuolemanj\u00e4lkeiseen el\u00e4m\u00e4\u00e4n. Heit\u00e4 pidet\u00e4\u00e4n usein mystisin\u00e4 ja hengellisin\u00e4, ja monilla heist\u00e4 on psyykkisi\u00e4 kykyj\u00e4.<\/p>\n\n\n\n<p>Erilaisuuksistaan huolimatta kaikilla n\u00e4ill\u00e4 ryhmittymill\u00e4 on yksi yhteinen asia: rakkaus Earth2 Essence $$$$:t\u00e4 kohtaan. He kaikki pyrkiv\u00e4t kohti parempaa ja vauraampaa tulevaisuutta Earth2:ssa, ja kaikki maan asukkaat tiet\u00e4v\u00e4t, ett\u00e4 me kaikki menestymme ja kukoistamme tai iloitsemme toivon hitaasta kuolemasta.<\/p>\n\n\n\n<p>Earth2 Civilians ja Earthlings voivat olla erilaisia, mutta heit\u00e4 kaikkia yhdist\u00e4\u00e4 yksi yhteinen tavoite: tehd\u00e4 enemm\u00e4n rahaa $$$$, ei, tehd\u00e4 maailmasta parempi paikka. Olipa kyse teknologiasta, luovuudesta tai perinteist\u00e4, he kaikki edist\u00e4v\u00e4t Earth2 Metaversen kasvua ja kehityst\u00e4.<\/p>","protected":false},"excerpt":{"rendered":"<p>Earth2 is one of the newest and most exciting developments in the world of crypto mining, providing investors with the opportunity to invest in virtual plots of land and earn profits through a variety of methods, including gaming, eCommerce, and virtual real estate. With the recent announcement of the Civilians feature, it is now possible [&hellip;]<\/p>\n","protected":false},"author":1,"featured_media":0,"parent":0,"menu_order":0,"comment_status":"closed","ping_status":"closed","template":"","meta":{"footnotes":""},"_links":{"self":[{"href":"https:\/\/earth2.wiki\/fi\/wp-json\/wp\/v2\/pages\/146"}],"collection":[{"href":"https:\/\/earth2.wiki\/fi\/wp-json\/wp\/v2\/pages"}],"about":[{"href":"https:\/\/earth2.wiki\/fi\/wp-json\/wp\/v2\/types\/page"}],"author":[{"embeddable":true,"href":"https:\/\/earth2.wiki\/fi\/wp-json\/wp\/v2\/users\/1"}],"replies":[{"embeddable":true,"href":"https:\/\/earth2.wiki\/fi\/wp-json\/wp\/v2\/comments?post=146"}],"version-history":[{"count":5,"href":"https:\/\/earth2.wiki\/fi\/wp-json\/wp\/v2\/pages\/146\/revisions"}],"predecessor-version":[{"id":309,"href":"https:\/\/earth2.wiki\/fi\/wp-json\/wp\/v2\/pages\/146\/revisions\/309"}],"wp:attachment":[{"href":"https:\/\/earth2.wiki\/fi\/wp-json\/wp\/v2\/media?parent=146"}],"curies":[{"name":"wp","href":"https:\/\/api.w.org\/{rel}","templated":true}]}}