{"id":133,"date":"2024-04-14T18:46:12","date_gmt":"2024-04-14T17:46:12","guid":{"rendered":"https:\/\/earth2.wiki\/?page_id=133"},"modified":"2024-04-17T02:11:31","modified_gmt":"2024-04-17T01:11:31","slug":"learn-earth2-in-1-min","status":"publish","type":"page","link":"https:\/\/earth2.wiki\/fi\/learn-earth2-in-1-min\/","title":{"rendered":"Opi Earth2 Metaverse 1 minuutissa!"},"content":{"rendered":"<p>Earth2 wiki on yhteis\u00f6llinen dokumenttitietokanta ja sosiaalinen portaali Earth2-harrastajille ja uusille maan asukkaille.<\/p>\n\n\n\n<p>Tervetuloa Earth2:een, vallankumoukselliseen uuteen metaversaaliin, jonka avulla k\u00e4ytt\u00e4j\u00e4t voivat tutkia, luoda ja luoda yhteyksi\u00e4 aivan uuteen maailmaan. Vain yhdess\u00e4 minuutissa annamme sinulle yleiskatsauksen siit\u00e4, mist\u00e4 Earth2-metaversiossa on kyse.<\/p>\n\n\n\n<figure class=\"wp-block-embed is-type-video is-provider-youtube wp-block-embed-youtube wp-embed-aspect-16-9 wp-has-aspect-ratio\"><div class=\"wp-block-embed__wrapper\">\n<iframe loading=\"lazy\" title=\"Maa 2 Alku - 2020\" width=\"1170\" height=\"658\" src=\"https:\/\/www.youtube.com\/embed\/fa4hHBP-kOw?feature=oembed\" frameborder=\"0\" allow=\"accelerometer; autoplay; clipboard-write; encrypted-media; gyroscope; picture-in-picture; web-share\" referrerpolicy=\"strict-origin-when-cross-origin\" allowfullscreen><\/iframe>\n<\/div><figcaption class=\"wp-element-caption\">Viralliselta earth2.io YouToube-kanavalta: <a href=\"https:\/\/www.youtube.com\/c\/Earth2\" target=\"_blank\" rel=\"noreferrer noopener\">Maa 2 - YouTube<\/a><\/figcaption><\/figure>\n\n\n\n<p>Aloitetaan selitt\u00e4m\u00e4ll\u00e4 Laattojen k\u00e4site. Yksinkertaisesti sanottuna laatat ovat virtuaalisia maapalstoja, jotka koostuvat miljoonista kuusikulmaisista soluista. Jokainen laatta edustaa ainutlaatuista sijaintia maailmassa, ja k\u00e4ytt\u00e4j\u00e4t voivat ostaa, myyd\u00e4 ja muokata sit\u00e4.<\/p>\n\n\n\n<p>Seuraavaksi on vuorossa Raid, j\u00e4nnitt\u00e4v\u00e4 uusi ominaisuus, jonka avulla pelaajat voivat liitty\u00e4 yhteen ja tutkia Earth2:ta yhdess\u00e4. Voit vastata haasteisiin ja ansaita palkintoja, ja samalla voit luoda yhteyksi\u00e4 eri puolilta maailmaa tulevien pelaajien kanssa.<\/p>\n\n\n\n<p>Cydroidit ovat henkil\u00f6kohtaisia avustajiasi Earth2:lla. N\u00e4m\u00e4 virtuaaliset robotit voidaan ohjelmoida suorittamaan tiettyj\u00e4 teht\u00e4vi\u00e4, mik\u00e4 tekee el\u00e4m\u00e4st\u00e4si Earth2:lla paljon helpompaa. T\u00e4ll\u00e4 hetkell\u00e4 \"Raiding\" on sen t\u00e4rkein ominaisuus, joka mahdollistaa Earth2 EcoSym - ekosysteemin raaka-aineen eetterin louhinnan. Voit sijoittaa jalokivi\u00e4 ja p\u00e4ivitt\u00e4\u00e4 cydroidia parempaa suorituskyky\u00e4 varten. Jotkut cydroidit, kuten legendaariset ja eeppiset, ovat eritt\u00e4in harvinaisia ja rajoitettuja, joten niiden arvo voi nousta Essence-merkkien hinnan noustessa.<\/p>\n\n\n\n<p>Holo-Building on tehokas ty\u00f6kalu, jonka avulla k\u00e4ytt\u00e4j\u00e4t voivat luoda virtuaalisia rakenteita helposti. Rakennatpa sitten talon, kaupan tai monumentin, Holo-Building tekee siit\u00e4 helppoa ja hauskaa.<\/p>\n\n\n\n<p>Jalokivet ovat harvinaisia ja arvokkaita esineit\u00e4, joita voi l\u00f6yt\u00e4\u00e4 ymp\u00e4ri Earth2:ta. Niiden ker\u00e4\u00e4minen on hauska ja palkitseva tapa tutkia Earth2:n laajaa maailmaa ja kartuttaa varallisuuttasi.<\/p>\n\n\n\n<p>Resurssit ovat maapallon elinehto2. Ne ovat raaka-aineita, joita tarvitset rakentaaksesi ja luodaksesi l\u00e4hes kaiken maailmassa. Luonnonvarat ovat olennainen osa el\u00e4m\u00e4\u00e4 Earth2:lla, aina ruoasta, jota sy\u00f6t, ja rakennuksista, joissa asut.<\/p>\n\n\n<div class=\"wp-block-image\">\n<figure class=\"aligncenter size-large\"><img loading=\"lazy\" decoding=\"async\" width=\"1024\" height=\"533\" src=\"https:\/\/earth2.wiki\/wp-content\/uploads\/2024\/04\/image-9-1-1024x533.jpg\" alt=\"\" class=\"wp-image-551\" srcset=\"https:\/\/earth2.wiki\/wp-content\/uploads\/2024\/04\/image-9-1-1024x533.jpg 1024w, https:\/\/earth2.wiki\/wp-content\/uploads\/2024\/04\/image-9-1-300x156.jpg 300w, https:\/\/earth2.wiki\/wp-content\/uploads\/2024\/04\/image-9-1-768x400.jpg 768w, https:\/\/earth2.wiki\/wp-content\/uploads\/2024\/04\/image-9-1.jpg 1184w\" sizes=\"(max-width: 1024px) 100vw, 1024px\" \/><figcaption class=\"wp-element-caption\">Eetteri\u00e4 ja resursseja p\u00e4\u00e4st\u00e4v\u00e4t kiinteist\u00f6t<\/figcaption><\/figure><\/div>\n\n\n<p>Siviilit ovat Earth2:n asukkaita. He el\u00e4v\u00e4t el\u00e4m\u00e4\u00e4ns\u00e4 aivan kuten me oikeassa maailmassa, mutta t\u00e4m\u00e4n j\u00e4nnitt\u00e4v\u00e4n uuden metaversumin puitteissa. Vuorovaikutus heid\u00e4n kanssaan voi olla sek\u00e4 viihdytt\u00e4v\u00e4\u00e4 ett\u00e4 palkitsevaa.<\/p>\n\n\n\n<p>Lopuksi puhutaan viel\u00e4 kahdesta eri energial\u00e4hteest\u00e4, jotka toimivat Earth2:n voimanl\u00e4hteen\u00e4: Punainen energia ja keltainen energia. Punainen energia on Earth2:ssa k\u00e4ytetty valuutta pelin sis\u00e4isiin tapahtumiin, kun taas Keltaista energiaa k\u00e4ytet\u00e4\u00e4n virtuaalimaailman k\u00e4ytt\u00f6voimana.<\/p>\n\n\n\n<p>Vain yhdess\u00e4 minuutissa olet oppinut Earth2-metaversioalustan perusteet. Rekister\u00f6idy jo t\u00e4n\u00e4\u00e4n ja aloita t\u00e4m\u00e4n j\u00e4nnitt\u00e4v\u00e4n uuden virtuaalimaailman tutkiminen!<\/p>","protected":false},"excerpt":{"rendered":"<p>Earth2 wiki is community document database and social portal for Earth2 enthusiasts and new Earthlings. Welcome to Earth2, the revolutionary new metaverse platform that allows users to explore, create, and connect in a whole new world. In just one minute, we&#8217;ll give you an overview of what Earth2 metaverse is all about. Let&#8217;s start by [&hellip;]<\/p>\n","protected":false},"author":1,"featured_media":0,"parent":0,"menu_order":0,"comment_status":"closed","ping_status":"closed","template":"","meta":{"footnotes":""},"_links":{"self":[{"href":"https:\/\/earth2.wiki\/fi\/wp-json\/wp\/v2\/pages\/133"}],"collection":[{"href":"https:\/\/earth2.wiki\/fi\/wp-json\/wp\/v2\/pages"}],"about":[{"href":"https:\/\/earth2.wiki\/fi\/wp-json\/wp\/v2\/types\/page"}],"author":[{"embeddable":true,"href":"https:\/\/earth2.wiki\/fi\/wp-json\/wp\/v2\/users\/1"}],"replies":[{"embeddable":true,"href":"https:\/\/earth2.wiki\/fi\/wp-json\/wp\/v2\/comments?post=133"}],"version-history":[{"count":18,"href":"https:\/\/earth2.wiki\/fi\/wp-json\/wp\/v2\/pages\/133\/revisions"}],"predecessor-version":[{"id":552,"href":"https:\/\/earth2.wiki\/fi\/wp-json\/wp\/v2\/pages\/133\/revisions\/552"}],"wp:attachment":[{"href":"https:\/\/earth2.wiki\/fi\/wp-json\/wp\/v2\/media?parent=133"}],"curies":[{"name":"wp","href":"https:\/\/api.w.org\/{rel}","templated":true}]}}