{"id":619,"date":"2024-04-17T13:56:02","date_gmt":"2024-04-17T12:56:02","guid":{"rendered":"https:\/\/earth2.wiki\/?page_id=619"},"modified":"2024-04-17T14:30:46","modified_gmt":"2024-04-17T13:30:46","slug":"all-languages","status":"publish","type":"page","link":"https:\/\/earth2.wiki\/et\/all-languages\/","title":{"rendered":"K\u00f5ik keeled"},"content":{"rendered":"<p>Earth2 wiki, mis on esindatud 28 keeles \u00fcle maailma, aitab teil luua oma kogukonda ja saada rohkem teavet Earth2 Metaversi pakutavate tohutute v\u00f5imaluste kohta.<\/p>\n\n\n\n<p>Pakume juhendeid ja \u00f5petusi, kuidas platvormil navigeerida ja anda sisukat panust selle erinevatesse kogukondadesse. Meie ekspertide meeskond on alati valmis vastama teie k\u00fcsimustele ja me oleme p\u00fchendunud sellele, et toetada meie kasutajaid Metaversiooni avastamisel.<\/p>\n\n\n\n<figure class=\"wp-block-table\"><table><thead><tr><th><strong>Keel<\/strong><\/th><th><strong>URL<\/strong><\/th><\/tr><\/thead><tbody><tr><td>Korea keel (\ud55c\uad6d\uc5b4)<\/td><td><a href=\"https:\/\/earth2.wiki\/ko\">earth2.wiki\/ko<\/a><\/td><\/tr><tr><td>Rootsi (Svenska)<\/td><td><a href=\"https:\/\/earth2.wiki\/sv\">earth2.wiki\/sv<\/a><\/td><\/tr><tr><td>Sloveenia (Sloven\u0161\u010dina)<\/td><td><a href=\"https:\/\/earth2.wiki\/sl\">earth2.wiki\/sl<\/a><\/td><\/tr><tr><td>Slovaki keel (Sloven\u010dina)<\/td><td><a href=\"https:\/\/earth2.wiki\/sk\">earth2.wiki\/sk<\/a><\/td><\/tr><tr><td>Rumeenia (Rom\u00e2n\u0103)<\/td><td><a href=\"https:\/\/earth2.wiki\/ro\">earth2.wiki\/ro<\/a><\/td><\/tr><tr><td>Norra bokm\u00e5l (Norsk Bokm\u00e5l)<\/td><td><a href=\"https:\/\/earth2.wiki\/nb\">earth2.wiki\/nb<\/a><\/td><\/tr><tr><td>Leedu (Lietuvi\u0173)<\/td><td><a href=\"https:\/\/earth2.wiki\/lt\">earth2.wiki\/lt<\/a><\/td><\/tr><tr><td>L\u00e4ti (Latvie\u0161u)<\/td><td><a href=\"https:\/\/earth2.wiki\/lv\">earth2.wiki\/lv<\/a><\/td><\/tr><tr><td>Ungari keel (Magyar)<\/td><td><a href=\"https:\/\/earth2.wiki\/hu\">earth2.wiki\/hu<\/a><\/td><\/tr><tr><td>Soome (Suomi)<\/td><td><a href=\"https:\/\/earth2.wiki\/fi\">earth2.wiki\/fi<\/a><\/td><\/tr><tr><td>Eesti keel (Eesti)<\/td><td><a href=\"https:\/\/earth2.wiki\/et\">earth2.wiki\/et<\/a><\/td><\/tr><tr><td>T\u0161ehhi (\u010ce\u0161tina)<\/td><td><a href=\"https:\/\/earth2.wiki\/cs\">earth2.wiki\/cs<\/a><\/td><\/tr><tr><td>Bulgaaria (\u0411\u044a\u043b\u0433\u0430\u0440\u0441\u043a\u0438)<\/td><td><a href=\"https:\/\/earth2.wiki\/bg\">earth2.wiki\/bg<\/a><\/td><\/tr><tr><td>Ukraina keel (\u0423\u043a\u0440\u0430\u0457\u043d\u0441\u044c\u043a\u0430)<\/td><td><a href=\"https:\/\/earth2.wiki\/uk\">earth2.wiki\/uk<\/a><\/td><\/tr><tr><td>Kreeka (\u0395\u03bb\u03bb\u03b7\u03bd\u03b9\u03ba\u03ac)<\/td><td><a href=\"https:\/\/earth2.wiki\/el\">earth2.wiki\/el<\/a><\/td><\/tr><tr><td>Indoneesia keel (Bahasa Indonesia)<\/td><td><a href=\"https:\/\/earth2.wiki\/id\">earth2.wiki\/id<\/a><\/td><\/tr><tr><td>Hollandi keel (Nederlands)<\/td><td><a href=\"https:\/\/earth2.wiki\/nl\">earth2.wiki\/nl<\/a><\/td><\/tr><tr><td>T\u00fcrgi keel (T\u00fcrk\u00e7e)<\/td><td><a href=\"https:\/\/earth2.wiki\/tr\">earth2.wiki\/tr<\/a><\/td><\/tr><tr><td>Poola (Polski)<\/td><td><a href=\"https:\/\/earth2.wiki\/pl\">earth2.wiki\/pl<\/a><\/td><\/tr><tr><td>Itaalia keel (Italiano)<\/td><td><a href=\"https:\/\/earth2.wiki\/it\">earth2.wiki\/it<\/a><\/td><\/tr><tr><td>Portugali keel (Portugu\u00eas)<\/td><td><a href=\"https:\/\/earth2.wiki\/pt\">earth2.wiki\/pt<\/a><\/td><\/tr><tr><td>Hiina (\u4e2d\u6587)<\/td><td><a href=\"https:\/\/earth2.wiki\/zh\">earth2.wiki\/zh<\/a><\/td><\/tr><tr><td>Prantsuse keel (Fran\u00e7ais)<\/td><td><a href=\"https:\/\/earth2.wiki\/fr\">earth2.wiki\/fr<\/a><\/td><\/tr><tr><td>Hispaania keel (Espa\u00f1ol)<\/td><td><a href=\"https:\/\/earth2.wiki\/es\">earth2.wiki\/es<\/a><\/td><\/tr><tr><td>Jaapani keel (\u65e5\u672c\u8a9e)<\/td><td><a href=\"https:\/\/earth2.wiki\/ja\">earth2.wiki\/ja<\/a><\/td><\/tr><tr><td>Saksa keel (Deutsch)<\/td><td><a href=\"https:\/\/earth2.wiki\/de\">earth2.wiki\/de<\/a><\/td><\/tr><tr><td>Vene (\u0420\u0443\u0441\u0441\u043a\u0438\u0439)<\/td><td><a href=\"https:\/\/earth2.wiki\/ru\">earth2.wiki\/ru<\/a><\/td><\/tr><\/tbody><\/table><\/figure>","protected":false},"excerpt":{"rendered":"<p>With its presence across 28 languages worldwide, Earth2 wiki helps you build your community and learn more about the vast opportunities offered by Earth2 Metaverse. We offer guides and tutorials on how to navigate the platform and make meaningful contributions to its diverse communities. Our team of experts is always available to answer any questions [&hellip;]<\/p>\n","protected":false},"author":1,"featured_media":0,"parent":0,"menu_order":0,"comment_status":"closed","ping_status":"closed","template":"","meta":{"footnotes":""},"_links":{"self":[{"href":"https:\/\/earth2.wiki\/et\/wp-json\/wp\/v2\/pages\/619"}],"collection":[{"href":"https:\/\/earth2.wiki\/et\/wp-json\/wp\/v2\/pages"}],"about":[{"href":"https:\/\/earth2.wiki\/et\/wp-json\/wp\/v2\/types\/page"}],"author":[{"embeddable":true,"href":"https:\/\/earth2.wiki\/et\/wp-json\/wp\/v2\/users\/1"}],"replies":[{"embeddable":true,"href":"https:\/\/earth2.wiki\/et\/wp-json\/wp\/v2\/comments?post=619"}],"version-history":[{"count":4,"href":"https:\/\/earth2.wiki\/et\/wp-json\/wp\/v2\/pages\/619\/revisions"}],"predecessor-version":[{"id":627,"href":"https:\/\/earth2.wiki\/et\/wp-json\/wp\/v2\/pages\/619\/revisions\/627"}],"wp:attachment":[{"href":"https:\/\/earth2.wiki\/et\/wp-json\/wp\/v2\/media?parent=619"}],"curies":[{"name":"wp","href":"https:\/\/api.w.org\/{rel}","templated":true}]}}