{"id":184,"date":"2024-04-14T19:19:02","date_gmt":"2024-04-14T18:19:02","guid":{"rendered":"https:\/\/earth2.wiki\/?page_id=184"},"modified":"2024-04-15T09:06:48","modified_gmt":"2024-04-15T08:06:48","slug":"trending-resources-earth2","status":"publish","type":"page","link":"https:\/\/earth2.wiki\/et\/trending-resources-earth2\/","title":{"rendered":"Tendentsed ressursid Earth2-s"},"content":{"rendered":"<p>Earth2 Wiki pakub igan\u00e4dalast anal\u00fc\u00fcsi Trending Resources in Earth2 Metaverse, kuid kahjuks t\u00e4nu j\u00f5upingutustele ja aega k\u00f5rgeima kvaliteediga, v\u00f5tame v\u00e4ikese tasu juurdep\u00e4\u00e4su eest. T\u00e4psemate \u00fcksikasjade saamiseks vt teenuseid.<\/p>\n\n\n\n<p>Earth2 Jewels'i igakuiste suundumuste uurimine aitab meie maja liikmetel tuvastada Earth2 \u00f6kos\u00fcsteemi erinevate varade n\u00f5udluse pikaajalisi mustreid ja saada paremat \u00fclevaadet kasutajate k\u00e4itumist m\u00f5jutavatest teguritest. Seda teavet saab kasutada Earth2 Enterprise'i ja Megacities'i ehitamise planeerimiseks \u00f5iges piirkonnas, \u00f5igete teemade valimiseks \u00f5igele publikule ning v\u00f5imaldab meil osta madalamalt ja m\u00fc\u00fca k\u00f5rgemalt.<\/p>\n\n\n\n<p>Me oleme uhked oma anal\u00fc\u00fcsi \u00fcle, t\u00e4ielik tagasimaksmine, kui aruanne ei ole rahul.<\/p>\n\n\n\n<figure class=\"wp-block-embed\"><div class=\"wp-block-embed__wrapper\">\nhttps:\/\/earth2.wiki\/sign-up\n<\/div><\/figure>","protected":false},"excerpt":{"rendered":"<p>Earth2 Wiki provides weekly Analysis of the Trending Resources in Earth2 Metaverse but unfortunately due to the efforts and time for the highest quality, we take small fees for the access. See services for more details. Examining the monthly trends of Earth2 Jewels, helps our House Members identify the long-term patterns in demand of various [&hellip;]<\/p>\n","protected":false},"author":1,"featured_media":0,"parent":0,"menu_order":0,"comment_status":"closed","ping_status":"closed","template":"","meta":{"footnotes":""},"_links":{"self":[{"href":"https:\/\/earth2.wiki\/et\/wp-json\/wp\/v2\/pages\/184"}],"collection":[{"href":"https:\/\/earth2.wiki\/et\/wp-json\/wp\/v2\/pages"}],"about":[{"href":"https:\/\/earth2.wiki\/et\/wp-json\/wp\/v2\/types\/page"}],"author":[{"embeddable":true,"href":"https:\/\/earth2.wiki\/et\/wp-json\/wp\/v2\/users\/1"}],"replies":[{"embeddable":true,"href":"https:\/\/earth2.wiki\/et\/wp-json\/wp\/v2\/comments?post=184"}],"version-history":[{"count":10,"href":"https:\/\/earth2.wiki\/et\/wp-json\/wp\/v2\/pages\/184\/revisions"}],"predecessor-version":[{"id":445,"href":"https:\/\/earth2.wiki\/et\/wp-json\/wp\/v2\/pages\/184\/revisions\/445"}],"wp:attachment":[{"href":"https:\/\/earth2.wiki\/et\/wp-json\/wp\/v2\/media?parent=184"}],"curies":[{"name":"wp","href":"https:\/\/api.w.org\/{rel}","templated":true}]}}