{"id":181,"date":"2024-04-14T19:16:26","date_gmt":"2024-04-14T18:16:26","guid":{"rendered":"https:\/\/earth2.wiki\/?page_id=181"},"modified":"2024-04-15T08:29:56","modified_gmt":"2024-04-15T07:29:56","slug":"trending-regions-earth2","status":"publish","type":"page","link":"https:\/\/earth2.wiki\/et\/trending-regions-earth2\/","title":{"rendered":"Tendentsed piirkonnad Earth2-s"},"content":{"rendered":"<p>Earth2 Wiki pakub igan\u00e4dalast anal\u00fc\u00fcsi Earth2 Metaversiooni suunduvate piirkondade kohta. Earth2 piirkondade igakuiste suundumuste uurimine aitab meie maja liikmetel v\u00e4ga h\u00e4sti tuvastada nende virtuaalsete varade n\u00f5udluse pikaajalisi mustreid Earth2-s.<\/p>\n\n\n\n<p>Earth2 Metaverse on p\u00f5nev virtuaalne maailm, kus saab omada maad, mis p\u00f5hineb reaalsetel kohtadel, ja vastavalt viimastele suundumustele on m\u00f5ned piirkonnad Earth 2-s praegu rohkem trendikas kui teised. Selles artiklis anname anal\u00fc\u00fctilise \u00fclevaate Earth 2 k\u00f5ige populaarsematest piirkondadest ja nende investeerimisperspektiividest.<\/p>\n\n\n\n<p>Maal 2 on k\u00f5ige populaarsemad piirkonnad liigitatud kahte kategooriasse - 2. ja 3. tasandisse, mis p\u00f5hinevad nende populaarsusel ja piirkondades asuvate plaatide arvul.<\/p>\n\n\n\n<h2 class=\"wp-block-heading\">Trending Earth2 Tier2 (T2) plaadid<\/h2>\n\n\n\n<p><strong>Trinidad ja Tobago<\/strong> hind on E$0,28 plaadi kohta ja see h\u00f5lmab 11 988 plaati. See on Earth2 populaarne asukoht oma kaunite Kariibi mere randade ja rikkaliku kultuuriga.<\/p>\n\n\n\n<p><strong>Kiribati <\/strong>hind on E$0,23 plaadi kohta ja katab 11 687 plaati. See asub Vaikse ookeani keskosas ja on muutumas populaarseks sihtkohaks Earth 2-s t\u00e4nu oma uimastavatele maastikele ja ainulaadsele kultuurile.<\/p>\n\n\n\n<p><strong>Etioopia<\/strong> hind on E$0,34 plaadi kohta ja h\u00f5lmab 9 880 plaati. See on Aafrika Sarve piirkonnas asuv merepiirita riik, mis on tuntud oma rikkaliku ajaloo, mitmekesise kultuuri ja uimastavate maastike poolest.<\/p>\n\n\n\n<p><strong>Cooki saared <\/strong>hind on E$0,22 plaadi kohta ja katab 7,258 plaati. See vapustav saareparadiis asub Vaikse ookeani l\u00f5unaosas ja on oma loodusliku ilu ja id\u00fclliliste randade t\u00f5ttu muutumas v\u00e4ga n\u00f5utud asukohaks Earth 2-s. CopySaveRemove<\/p>\n\n\n\n<p><strong>Zimbabwe <\/strong>hind on E$0,58 \u00fche plaadi kohta ja see h\u00f5lmab 5 911 plaati. See kaunis Aafrika riik on tuntud oma rikkaliku kultuuri, uimastavate loodusmaastike ja rikkaliku eluslooduse poolest.<\/p>\n\n\n\n<h2 class=\"wp-block-heading\">Trending Earth2 Tier3 (T3) plaadid<\/h2>\n\n\n\n<p><strong>Jeju-do<\/strong> hind on E$0,22 plaadi kohta ja see h\u00f5lmab 116,197 plaati. See on saar, mis asub L\u00f5una-Koreas ja on muutumas populaarseks asukohaks Earth 2-s t\u00e4nu oma uimastavatele loodusmaastikele, sealhulgas kaunitele randadele, vulkaanilistele maastikele ja looduslikele kuumadele allikatele.CopySaveRemove<\/p>\n\n\n\n<p><strong>Nevada<\/strong> hind on E$0,19 plaadi kohta ja katab 95 532 plaati. See on populaarne sihtkoht Earth 2-s t\u00e4nu oma uimastavatele loodusmaastikele ja maailmakuulsatele vaatamisv\u00e4\u00e4rsustele, nagu Las Vegas Strip ja Grand Canyon.CopySaveRemove<\/p>\n\n\n\n<p><strong>Abu Dhabi<\/strong> hind on E$0,17 plaadi kohta ja see h\u00f5lmab 83 273 plaati. See kaunis linn Araabia \u00dchendemiraatides on tuntud oma vapustava arhitektuuri, luksushotellide ja l\u00f5putute meelelahutusv\u00f5imaluste poolest.<\/p>\n\n\n\n<p><strong>L\u00e4\u00e4ne-Kaap<\/strong> hind on E$0,16 plaadi kohta ja h\u00f5lmab 73 414 plaati. See piirkond L\u00f5una-Aafrikas on muutumas v\u00e4ga n\u00f5utud asukohaks Earth 2-s t\u00e4nu oma hingematvatele loodusmaastikele, kaunitele randadele ja rikkalikule kultuurip\u00e4randile.<\/p>\n\n\n\n<p><strong>Attica<\/strong> hind on E$0,16 plaadi kohta ja katab 67 222 plaati. See piirkond Kreekas on muutumas populaarseks sihtkohaks Earth 2-s t\u00e4nu oma rikkalikule kultuurip\u00e4randile, iidsetele varemetele ja vapustavale looduse ilule.<\/p>\n\n\n\n<h2 class=\"wp-block-heading\">Investeerimisperspektiiv<\/h2>\n\n\n\n<p>Investeeringute seisukohast tasub kaaluda v\u00e4iksema hinnasildiga piirkondi Earth 2-s. N\u00e4iteks, <strong>Trinidad Tobago<\/strong> ja <strong>Kiribati <\/strong>aadressil <strong>Tase2 <\/strong>ja <strong>L\u00e4\u00e4ne-Kaap <\/strong>ja <strong>Attica <\/strong>aadressil <strong>Tase3 <\/strong>k\u00f5igil on <strong>madalam hind plaadi kohta. <\/strong>See v\u00f5ib muuta need potentsiaalselt taskukohasemaks investeeringuks ja pakkuda pikemas perspektiivis suuremat investeeringutasuvust. Siiski on oluline m\u00e4rkida, et virtuaalsesse maasse investeerimine on <strong>spekulatiivne investeering,<\/strong> ja on v\u00e4ga oluline teha p\u00f5hjalikke uuringuid enne mis tahes summa investeerimist.<\/p>\n\n\n\n<p>Lisaks, kui otsite k\u00f5ige odavamaid uusi maa-alasid, kaaluge kaevandamist <strong>Olemus P\u00f5hja-Pjonganis, Korea (Korea Rahvademokraatlik Vabariik) ja Grenadiinid, Saint Vincent ja Grenadiinid. <\/strong>Need territooriumid on saavutanud investorite seas tohutu populaarsuse t\u00e4nu oma <strong>mineraalne potentsiaal <\/strong>ja on praegused liidrid saadud h\u00e4\u00e4lte arvu poolest.<\/p>","protected":false},"excerpt":{"rendered":"<p>Earth2 Wiki provides weekly Analysis of the Trending Regions in Earth2 Metaverse. Examining the monthly trends of Earth2 Regions, tremendously help our House Members identify the long-term patterns in demand of their virtual assets in Earth2. The Earth2 Metaverse is a fascinating virtual world where you can own land locations that are based on real-world [&hellip;]<\/p>\n","protected":false},"author":1,"featured_media":0,"parent":0,"menu_order":0,"comment_status":"closed","ping_status":"closed","template":"","meta":{"footnotes":""},"_links":{"self":[{"href":"https:\/\/earth2.wiki\/et\/wp-json\/wp\/v2\/pages\/181"}],"collection":[{"href":"https:\/\/earth2.wiki\/et\/wp-json\/wp\/v2\/pages"}],"about":[{"href":"https:\/\/earth2.wiki\/et\/wp-json\/wp\/v2\/types\/page"}],"author":[{"embeddable":true,"href":"https:\/\/earth2.wiki\/et\/wp-json\/wp\/v2\/users\/1"}],"replies":[{"embeddable":true,"href":"https:\/\/earth2.wiki\/et\/wp-json\/wp\/v2\/comments?post=181"}],"version-history":[{"count":6,"href":"https:\/\/earth2.wiki\/et\/wp-json\/wp\/v2\/pages\/181\/revisions"}],"predecessor-version":[{"id":412,"href":"https:\/\/earth2.wiki\/et\/wp-json\/wp\/v2\/pages\/181\/revisions\/412"}],"wp:attachment":[{"href":"https:\/\/earth2.wiki\/et\/wp-json\/wp\/v2\/media?parent=181"}],"curies":[{"name":"wp","href":"https:\/\/api.w.org\/{rel}","templated":true}]}}