{"id":178,"date":"2024-04-14T19:15:38","date_gmt":"2024-04-14T18:15:38","guid":{"rendered":"https:\/\/earth2.wiki\/?page_id=178"},"modified":"2024-04-15T08:29:26","modified_gmt":"2024-04-15T07:29:26","slug":"trending-players-earth2","status":"publish","type":"page","link":"https:\/\/earth2.wiki\/et\/trending-players-earth2\/","title":{"rendered":"Kuulsused ja trendid m\u00e4ngijad Earth2-s"},"content":{"rendered":"<p>Mitmed kuulsused on v\u00e4ljendanud huvi virtuaalse maa metaversiooni m\u00e4ngu vastu <strong>Earth2<\/strong>. Siin on m\u00f5ned m\u00e4rkimisv\u00e4\u00e4rsed nimed:<\/p>\n\n\n\n<p><strong>Snoop Dogg<\/strong>: Tuntud r\u00e4ppar ja NFT entusiast ei ole mitte ainult investeerinud Earth 2, vaid k\u00e4ivitas ka oma digitaalse varade kollektsiooni nimega \"The Doggies\". Ta isegi taastas oma m\u00f5isa metaversioonis.<\/p>\n\n\n\n<p><strong>Justin Bieber<\/strong>: Pop-sensatsioon on korraldanud virtuaalseid kontserte metaversioonis, kaasates f\u00e4nne ainulaadsel viisil.<\/p>\n\n\n\n<p><strong>Prints Harry ja Meghan Markle<\/strong>: Kuninglik paar on v\u00e4idetavalt k\u00e4ivitamas oma metaversiooni platvormi, mis on m\u00f5eldud \u00e4rikohtumiste ja avalike esinemiste jaoks.<\/p>\n\n\n\n<p><strong>Daler Mehndi<\/strong>: India laulja ostis Maa 2-s virtuaalse maat\u00fcki ja nimetas selle \"Balle Balle Land\". Ta plaanib sellel virtuaalsel kinnisvaral majutada \"Daler Mehndi poe\".<\/p>\n\n\n\n<p><strong>Tehnoloogia, mida me tahame<\/strong>: See YouTube'i kanal annab selgitusi ja \u00fclevaateid Earth 2 kohta, arutledes selle kontseptsiooni, m\u00e4ngu ja arengu \u00fcle. Nad tutvustavad m\u00e4ngu arengut ning jagavad kogukonnale ideoloogiaid ja kasutusviise.<\/p>\n\n\n\n<p><strong>Maa 2 (ametlik kanal)<\/strong>: Earth 2 YouTube'i kanal jagab uuendusi, tehnikademonstratsioone ja tutvustab 1:1 m\u00f5\u00f5tkavas planeedi Maa ehitamise edenemist metaversumis. Nende videod pakuvad pilguheitu avarasse virtuaalsesse maailma ja selle potentsiaali.<\/p>\n\n\n\n<p><strong>Pacey<\/strong>: Pacey kanalil on Earth 2 sisu, sealhulgas treilerid, reklaamklipid ja l\u00f5\u00f5gastavad \u00fclesv\u00f5tted v\u00e4ljat\u00f6\u00f6tamisel olevatest s\u00fcsteemidest. See on suurep\u00e4rane koht, et olla kursis m\u00e4ngu viimaste arengutega.<\/p>\n\n\n\n<p><strong>Arya kinnisvara<\/strong>: Arya Realty jagab teadmisi, n\u00e4pun\u00e4iteid ja arutelusid, mis on seotud Earth2-ga. Nende videod katavad metaversiooni erinevaid aspekte, mis teeb sellest v\u00e4\u00e4rtusliku ressursi m\u00e4ngijatele ja entusiastidele.<\/p>\n\n\n\n<p><strong>Cydroid Art<\/strong>: Earth2 on n\u00e4inud muljetavaldavaid kunstilisi kujundusi, sealhulgas tippm\u00e4ngijate poolt. M\u00f5ned neist kunstiteostest h\u00f5lmavad tuhandeid plaate ja on muutunud Earth2 kogukonnas ikooniks.<\/p>\n\n\n\n<p>Need kuulsused ja aktiivsed toetajad tunnistavad metaversiooni potentsiaali ja osalevad aktiivselt selle tuleviku kujundamises.<\/p>\n\n\n\n<h1 class=\"wp-block-heading\"><strong>Logan Paul ja tema virtuaalsed omadused<\/strong><\/h1>\n\n\n\n<p>Alates <strong>21. veebruar 2021<\/strong>, <strong>Logan Paul<\/strong> on investeerinud <strong>18 erinevat omadust<\/strong> jooksul <strong>Earth2<\/strong> metaversioon. Tema kogukulu nendele virtuaalsetele omadustele on <strong>$5,857.21<\/strong>. Need omandamised toimusid ajal, mil <strong>24-tunnine periood<\/strong> 6. ja 7. jaanuari 2021 vahel. Vaatame l\u00e4hemalt konkreetseid kohti, mis talle kuuluvad:<\/p>\n\n\n\n<ol>\n<li><strong>L\u00e4\u00e4ne-Kaap<\/strong>: Kulukalkulatsioon <strong>$872.92<\/strong>, see omadus ulatub <strong>748 plaati<\/strong>.<\/li>\n\n\n\n<li><strong>Kri\u017e, Zagreb<\/strong>: Soetatud selleks, et <strong>$18.24<\/strong>, see h\u00f5lmab <strong>40 plaati<\/strong>.<\/li>\n\n\n\n<li><strong>Encino, California (Kinnisvara 1)<\/strong>: Hind on <strong>$239.40<\/strong>, see omadus koosneb j\u00e4rgmistest osadest <strong>9 plaati<\/strong>.<\/li>\n\n\n\n<li><strong>Encino, California (Kinnisvara 2)<\/strong>: Suurem pakett, mis maksab <strong>$1,276.80<\/strong>, koos <strong>48 plaati<\/strong>.<\/li>\n\n\n\n<li><strong>Penebel, Tabanan<\/strong>: Hinnatud aadressil <strong>$140.92<\/strong>, see h\u00f5lmab <strong>196 plaati<\/strong>.<\/li>\n\n\n\n<li><strong>Santa Monica, California<\/strong>: See kinnisvara, mille hind on <strong>$212.80<\/strong>, h\u00f5ivab <strong>8 plaati<\/strong>.<\/li>\n\n\n\n<li><strong>Jackson, Wyoming<\/strong>: Katmine <strong>18 plaati<\/strong>, see omandati <strong>$478.80<\/strong>.<\/li>\n\n\n\n<li><strong>L\u00f5una-Egeuse meri, Kreeka<\/strong>: V\u00e4iksem kinnistu, millel on <strong>5 plaati<\/strong>, kuluarvestus <strong>$5.15<\/strong>.<\/li>\n\n\n\n<li><strong>Antarktika<\/strong>: Logan Paul omab <strong>129 plaati<\/strong> sellel j\u00e4isel alal, mis ulatub kuni <strong>$41.41<\/strong>.<\/li>\n\n\n\n<li><strong>Alpes-Maritimes<\/strong>: See Prantsuse asukoht h\u00f5lmab <strong>10 plaati<\/strong> ja see osteti <strong>$29.19<\/strong>.<\/li>\n\n\n\n<li><strong>Amalfi, Salerno<\/strong>: Spanning <strong>28 plaati<\/strong>, see maksab <strong>$152.38<\/strong>.<\/li>\n\n\n\n<li><strong>North Rim, Arizona<\/strong>: Koos <strong>9 plaati<\/strong>, selle kinnisvara hind oli <strong>$239.40<\/strong>.<\/li>\n\n\n\n<li><strong>Tahua, Potos\u00ed<\/strong>: Oluline investeering <strong>735 plaati<\/strong> . <strong>$260.19<\/strong>.<\/li>\n\n\n\n<li><strong>Tahua, Oruro<\/strong>: Logan Paul omab <strong>180 plaati<\/strong> siin, kulutades <strong>$63.72<\/strong>.<\/li>\n\n\n\n<li><strong>Yosemite'i rahvuspark (kinnistu 1)<\/strong>: Katmine <strong>9 plaati<\/strong>, see maksab <strong>$239.40<\/strong>.<\/li>\n\n\n\n<li><strong>Yosemite'i rahvuspark (Kinnisvara 2)<\/strong>: Suurem osa koos <strong>51 plaati<\/strong>, hinnaga <strong>$1,356.60<\/strong>.<\/li>\n\n\n\n<li><strong>Tingri Xian, Xigaze Shi<\/strong>: See Tiibeti asukoht koosneb <strong>48 plaati<\/strong>, mis on soetatud <strong>$129.89<\/strong>.<\/li>\n\n\n\n<li><strong>Pariisi 7. linnaosa<\/strong>: V\u00e4iksem kinnistu, millel on <strong>4 plaati<\/strong>, kuluarvestus <strong>$100.00<\/strong>.<\/li>\n<\/ol>\n\n\n\n<p>Logan Pauli varajane investeering Earth2-sse n\u00e4itab tema usku kontseptsiooni potentsiaali. Kuigi ta ei ole alates jaanuarist t\u00e4iendavaid oste teinud, j\u00e4lgige tema profiilil k\u00f5iki tulevasi omandamisi!<\/p>","protected":false},"excerpt":{"rendered":"<p>Several celebrities have expressed interest in the virtual land metaverse game Earth2. Here are some notable names: Snoop Dogg: The renowned rapper and NFT enthusiast have not only invested in Earth 2 but also launched his own collection of digital assets called \u201cThe Doggies.\u201d He even recreated his mansion within the metaverse. Justin Bieber: The [&hellip;]<\/p>\n","protected":false},"author":1,"featured_media":0,"parent":0,"menu_order":0,"comment_status":"closed","ping_status":"closed","template":"","meta":{"footnotes":""},"_links":{"self":[{"href":"https:\/\/earth2.wiki\/et\/wp-json\/wp\/v2\/pages\/178"}],"collection":[{"href":"https:\/\/earth2.wiki\/et\/wp-json\/wp\/v2\/pages"}],"about":[{"href":"https:\/\/earth2.wiki\/et\/wp-json\/wp\/v2\/types\/page"}],"author":[{"embeddable":true,"href":"https:\/\/earth2.wiki\/et\/wp-json\/wp\/v2\/users\/1"}],"replies":[{"embeddable":true,"href":"https:\/\/earth2.wiki\/et\/wp-json\/wp\/v2\/comments?post=178"}],"version-history":[{"count":10,"href":"https:\/\/earth2.wiki\/et\/wp-json\/wp\/v2\/pages\/178\/revisions"}],"predecessor-version":[{"id":441,"href":"https:\/\/earth2.wiki\/et\/wp-json\/wp\/v2\/pages\/178\/revisions\/441"}],"wp:attachment":[{"href":"https:\/\/earth2.wiki\/et\/wp-json\/wp\/v2\/media?parent=178"}],"curies":[{"name":"wp","href":"https:\/\/api.w.org\/{rel}","templated":true}]}}