{"id":169,"date":"2024-04-14T19:10:09","date_gmt":"2024-04-14T18:10:09","guid":{"rendered":"https:\/\/earth2.wiki\/?page_id=169"},"modified":"2024-04-15T08:12:14","modified_gmt":"2024-04-15T07:12:14","slug":"trending-megacities-earth2","status":"publish","type":"page","link":"https:\/\/earth2.wiki\/es\/tendencias-megaciudades-earth2\/","title":{"rendered":"Megaciudades de moda en la Tierra2"},"content":{"rendered":"<p><strong>Ciudad de Shoon<\/strong><\/p>\n\n\n\n<p>Fundada por Pacey, Shoon City est\u00e1 situada junto a la ciudad E1 de Minsk, que es la capital de Bielorrusia. Destaca por ser la \u00fanica megaciudad con carreteras que rodean completamente toda una capital. Shoon City est\u00e1 estrat\u00e9gicamente situada para posibles funciones de realidad aumentada (RA) en el futuro y sirve como espacio ideal para asaltar antiguos puntos C1.<\/p>\n\n\n\n<p><strong>Caballeros de Malta<\/strong><\/p>\n\n\n\n<p>Creada originalmente para la gobernanza y el dominio general, Resin, su fundadora, ha ampliado su papel para patrocinar la RA y las capacidades publicitarias dentro de la humilde isla de Malta, de 316 km\u00b2.<\/p>\n\n\n\n<p><strong>Ojo del S\u00e1hara<\/strong><\/p>\n\n\n\n<p>Esta megaciudad est\u00e1 situada en una de las pocas formaciones naturales visibles desde el espacio. Se rumorea que incluso podr\u00eda ser el emplazamiento de la Ciudad perdida de la Atl\u00e1ntida.<\/p>\n\n\n\n<p><\/p>\n\n\n\n<p><strong>Valhalla<\/strong><\/p>\n\n\n\n<p>Una megaciudad de tem\u00e1tica vikinga con cervecer\u00eda, astillero, muelles y armer\u00eda.<\/p>\n\n\n\n<p><strong>Legado de las Bermudas<\/strong><\/p>\n\n\n\n<p>Creada como plataforma comunitaria dentro de Earth2.io, esta megaciudad se encuentra en la isla de las Bermudas. Su objetivo es ofrecer un espacio de diversi\u00f3n y asistencia a todos los jugadores.<\/p>\n\n\n\n<p><strong>Gibraltar<\/strong><\/p>\n\n\n\n<p>Dorkslayer pretende construir una comunidad pr\u00f3spera en Earth2, centr\u00e1ndose principalmente en Gibraltar. La colaboraci\u00f3n y la unidad son las bases del \u00e9xito en esta \u00e9pica experiencia del Metaverso.<\/p>\n\n\n\n<p><strong>Cript\u00f3polis<\/strong><\/p>\n\n\n\n<p>Ciudad nacida de la fuerza y el poder, Cript\u00f3polis es una colaboraci\u00f3n de figuras clave de la plataforma. Sirve de eje central para las finanzas, el comercio y el crecimiento.<\/p>\n\n\n\n<p><strong>Hippoland<\/strong><\/p>\n\n\n\n<p>Dise\u00f1ado para grupos de amigos que quieren disfrutar tanto de las bebidas como del bar\/minijuegos, Hippoland ofrece una experiencia \u00fanica.<\/p>\n\n\n\n<p><strong>Gran Ferrocarril Africano<\/strong><\/p>\n\n\n\n<p>Snowpiercer a la cabeza, intentando conectar megaciudades de toda \u00c1frica.<\/p>\n\n\n\n<p><strong>Wakanda<\/strong><\/p>\n\n\n\n<p>Wakanda, la \u00fanica megaciudad situada directamente en el Gran Valle del Rift africano, se encuentra en el lugar exacto donde existe en el Universo Cinematogr\u00e1fico Marvel. Se asienta a orillas del legendario lago Turkana, a menudo llamado la \"cuna de la humanidad\".<\/p>\n\n\n\n<p><strong>Zigurat<\/strong><\/p>\n\n\n\n<p>Zigurat City ha sido creada por un grupo de talentosos artistas visuales que comparten una visi\u00f3n del futuro de Earth2. Combina arte y ambici\u00f3n.<\/p>\n\n\n\n<p><strong>Ciudad del Motor<\/strong><\/p>\n\n\n\n<p>Una megaciudad de Earth2 con tem\u00e1tica de coches y carreras, perfecta para los entusiastas del autom\u00f3vil.<\/p>\n\n\n\n<p><strong>Isla Minde<\/strong><\/p>\n\n\n\n<p>Situada en la hermosa laguna de Marovo, en las Islas Salom\u00f3n (la mayor laguna de agua salada del mundo), la isla de Minde cuenta con cientos de inversores, m\u00faltiples distritos y una visi\u00f3n de \u00e9xito a largo plazo.<\/p>","protected":false},"excerpt":{"rendered":"<p>Shoon City Founded by Pacey, Shoon City is located alongside the E1 City of Minsk, which is the capital of Belarus. It stands out as the only megacity with roads completely surrounding an entire capital city.\u00a0Shoon City is strategically positioned for potential augmented reality (AR) features in the future and serves as an ideal space [&hellip;]<\/p>\n","protected":false},"author":1,"featured_media":0,"parent":0,"menu_order":0,"comment_status":"closed","ping_status":"closed","template":"","meta":{"footnotes":""},"_links":{"self":[{"href":"https:\/\/earth2.wiki\/es\/wp-json\/wp\/v2\/pages\/169"}],"collection":[{"href":"https:\/\/earth2.wiki\/es\/wp-json\/wp\/v2\/pages"}],"about":[{"href":"https:\/\/earth2.wiki\/es\/wp-json\/wp\/v2\/types\/page"}],"author":[{"embeddable":true,"href":"https:\/\/earth2.wiki\/es\/wp-json\/wp\/v2\/users\/1"}],"replies":[{"embeddable":true,"href":"https:\/\/earth2.wiki\/es\/wp-json\/wp\/v2\/comments?post=169"}],"version-history":[{"count":9,"href":"https:\/\/earth2.wiki\/es\/wp-json\/wp\/v2\/pages\/169\/revisions"}],"predecessor-version":[{"id":435,"href":"https:\/\/earth2.wiki\/es\/wp-json\/wp\/v2\/pages\/169\/revisions\/435"}],"wp:attachment":[{"href":"https:\/\/earth2.wiki\/es\/wp-json\/wp\/v2\/media?parent=169"}],"curies":[{"name":"wp","href":"https:\/\/api.w.org\/{rel}","templated":true}]}}