{"id":158,"date":"2024-04-14T19:04:14","date_gmt":"2024-04-14T18:04:14","guid":{"rendered":"https:\/\/earth2.wiki\/?page_id=158"},"modified":"2024-04-15T04:01:03","modified_gmt":"2024-04-15T03:01:03","slug":"earth2-red-yellow-energy-in-1-min","status":"publish","type":"page","link":"https:\/\/earth2.wiki\/es\/earth2-rojo-amarillo-energia-en-1-min\/","title":{"rendered":"Earth2 Energ\u00eda roja y amarilla en 1 min"},"content":{"rendered":"<p>Earth2 es un mundo virtual que pretende crear un nuevo tipo de econom\u00eda basada en la propiedad virtual de la tierra. Como parte de su amplia mec\u00e1nica de juego, Earth2 introduce dos tipos de energ\u00eda, la roja y la amarilla. En este art\u00edculo, exploramos qu\u00e9 significan estas dos energ\u00edas y c\u00f3mo influyen en el mundo del juego.<\/p>\n\n\n\n<h2 class=\"wp-block-heading\">Energ\u00eda roja: La sangre vital de la Tierra2<\/h2>\n\n\n\n<p>La Energ\u00eda Roja se genera \u00fanicamente a trav\u00e9s de incursiones exitosas en territorios de otros jugadores. Actualmente no hay forma de que el usuario pueda comprarla o venderla. Es un recurso esencial en el juego, ya que se utiliza para sintetizar Civiles, que son necesarios para las automatizaciones mineras. Sin Energ\u00eda Roja, no se pueden crear Civiles de Tierra2 y s\u00f3lo se pueden intercambiar entre jugadores en el Bazar. Cuanta m\u00e1s Energ\u00eda Roja acumule un jugador, m\u00e1s Civiles podr\u00e1 producir, lo que le permitir\u00e1 automatizar sus Incursiones y tomarse vacaciones, obteniendo ingresos pasivos.<\/p>\n\n\n\n<h2 class=\"wp-block-heading\">Energ\u00eda amarilla: La recompensa de las buenas acciones<\/h2>\n\n\n\n<p>A diferencia de la Energ\u00eda Roja, la Energ\u00eda Amarilla es una recompensa por realizar buenas acciones en Earth2. Se genera cuando un jugador contribuye positivamente a la comunidad del juego. Es un recurso incierto pero bendito, como la suerte. Al igual que en el G\u00e9nesis y en Eden Hill, Dios o Shine pueden bendecirnos con buena fortuna si todos nos portamos bien.<\/p>\n\n\n\n<p>A diferencia de otros tipos de energ\u00eda, la Energ\u00eda Amarilla no puede comprarse y debe obtenerse por diversos medios, como completando misiones o logros. La Energ\u00eda Amarilla es limitada, lo que significa que es un recurso valioso en el juego. Para obtener Energ\u00eda Amarilla, los jugadores deben contribuir con su talento y recursos al Metaverso de Earth2.<\/p>\n\n\n\n<p><\/p>","protected":false},"excerpt":{"rendered":"<p>Earth2 is a virtual world that aims to create a new type of economy based on virtual land ownership. As part of its extensive gameplay mechanics, Earth2 introduces two types of energy, red and yellow energy. In this article, we explore what these two energies mean and how they impact the game world. Red Energy: [&hellip;]<\/p>\n","protected":false},"author":1,"featured_media":0,"parent":0,"menu_order":0,"comment_status":"closed","ping_status":"closed","template":"","meta":{"footnotes":""},"_links":{"self":[{"href":"https:\/\/earth2.wiki\/es\/wp-json\/wp\/v2\/pages\/158"}],"collection":[{"href":"https:\/\/earth2.wiki\/es\/wp-json\/wp\/v2\/pages"}],"about":[{"href":"https:\/\/earth2.wiki\/es\/wp-json\/wp\/v2\/types\/page"}],"author":[{"embeddable":true,"href":"https:\/\/earth2.wiki\/es\/wp-json\/wp\/v2\/users\/1"}],"replies":[{"embeddable":true,"href":"https:\/\/earth2.wiki\/es\/wp-json\/wp\/v2\/comments?post=158"}],"version-history":[{"count":2,"href":"https:\/\/earth2.wiki\/es\/wp-json\/wp\/v2\/pages\/158\/revisions"}],"predecessor-version":[{"id":311,"href":"https:\/\/earth2.wiki\/es\/wp-json\/wp\/v2\/pages\/158\/revisions\/311"}],"wp:attachment":[{"href":"https:\/\/earth2.wiki\/es\/wp-json\/wp\/v2\/media?parent=158"}],"curies":[{"name":"wp","href":"https:\/\/api.w.org\/{rel}","templated":true}]}}