{"id":148,"date":"2024-04-14T18:57:41","date_gmt":"2024-04-14T17:57:41","guid":{"rendered":"https:\/\/earth2.wiki\/?page_id=148"},"modified":"2024-04-15T02:09:06","modified_gmt":"2024-04-15T01:09:06","slug":"earth2-resource-in-1-min","status":"publish","type":"page","link":"https:\/\/earth2.wiki\/es\/earth2-resource-en-1-min\/","title":{"rendered":"Intercambia Earth2 Resource NFT para ganar dinero en cualquier parte del mundo."},"content":{"rendered":"<p>La innovadora EcoSym de Earth2 permite a los usuarios acceder a recursos de todo el mundo trazados en tiempo real, lo que le brinda la oportunidad de ganar mucho dinero desde la comodidad de su propia casa, \u00a1o desde cualquier otro lugar del mundo!<\/p>\n\n\n\n<p>Como Metaverso \u00fanico en su g\u00e9nero, Earth2 te permite explorar y experimentar un mundo completamente nuevo de infinitas posibilidades con emulaci\u00f3n de recursos reales a trav\u00e9s de NFT. La plataforma se basa en la tecnolog\u00eda blockchain, por lo que es segura y c\u00f3moda de usar. Todas las transacciones ser\u00e1n encriptadas y transparentes, por lo que puedes estar seguro de que tu informaci\u00f3n personal est\u00e1 siempre a salvo.<\/p>\n\n\n\n<p>Las ubicaciones de los recursos en el mundo real se han cartografiado cuidadosamente y traducido en NFT de materias primas en Trade Earth2, lo que supone una oportunidad extremadamente rentable para los usuarios. Las tierras de nivel superior ofrecen obviamente m\u00e1s recursos que las tierras de nivel inferior, pero puedes mejorar tu tierra a niveles superiores con Esencia. Te sorprender\u00e1 lo mucho que puede aumentar el rendimiento de tus recursos con joyas de alta calidad, \u00a1as\u00ed que act\u00faa r\u00e1pido para hacerte con ellas antes de que suban de precio!<\/p>\n\n\n\n<p>La plataforma Eearth2 sigue ampliando la gama de recursos de emulaci\u00f3n, por lo que nunca perder\u00e1 una oportunidad rentable, especialmente con los recursos m\u00e1s recientes.<\/p>","protected":false},"excerpt":{"rendered":"<p>Earth2&#8217;s Innovative EcoSym allows users to access resources from all over the world mapped out in real-time, giving you the opportunity to make some serious cash from the comfort of your own home, or anywhere else in the world! As one of its kind Metaverse, Earth2 allows you to explore and experience a whole new [&hellip;]<\/p>\n","protected":false},"author":1,"featured_media":0,"parent":0,"menu_order":0,"comment_status":"closed","ping_status":"closed","template":"","meta":{"footnotes":""},"_links":{"self":[{"href":"https:\/\/earth2.wiki\/es\/wp-json\/wp\/v2\/pages\/148"}],"collection":[{"href":"https:\/\/earth2.wiki\/es\/wp-json\/wp\/v2\/pages"}],"about":[{"href":"https:\/\/earth2.wiki\/es\/wp-json\/wp\/v2\/types\/page"}],"author":[{"embeddable":true,"href":"https:\/\/earth2.wiki\/es\/wp-json\/wp\/v2\/users\/1"}],"replies":[{"embeddable":true,"href":"https:\/\/earth2.wiki\/es\/wp-json\/wp\/v2\/comments?post=148"}],"version-history":[{"count":6,"href":"https:\/\/earth2.wiki\/es\/wp-json\/wp\/v2\/pages\/148\/revisions"}],"predecessor-version":[{"id":301,"href":"https:\/\/earth2.wiki\/es\/wp-json\/wp\/v2\/pages\/148\/revisions\/301"}],"wp:attachment":[{"href":"https:\/\/earth2.wiki\/es\/wp-json\/wp\/v2\/media?parent=148"}],"curies":[{"name":"wp","href":"https:\/\/api.w.org\/{rel}","templated":true}]}}