{"id":146,"date":"2024-04-14T18:57:19","date_gmt":"2024-04-14T17:57:19","guid":{"rendered":"https:\/\/earth2.wiki\/?page_id=146"},"modified":"2024-04-15T03:38:04","modified_gmt":"2024-04-15T02:38:04","slug":"automate-earth2-mining-with-civilians-ai","status":"publish","type":"page","link":"https:\/\/earth2.wiki\/es\/automatizar-la-mineria-de-earth2-con-ai-civil\/","title":{"rendered":"Automatizar la miner\u00eda de criptomonedas de Earth2 con civiles NFT (feat. A.I.)"},"content":{"rendered":"<p>Earth2 es uno de los desarrollos m\u00e1s nuevos y emocionantes en el mundo de la miner\u00eda de criptomonedas, proporcionando a los inversores la oportunidad de invertir en parcelas virtuales y obtener beneficios a trav\u00e9s de una variedad de m\u00e9todos, incluyendo juegos, comercio electr\u00f3nico y bienes ra\u00edces virtuales. Con el reciente anuncio de la funci\u00f3n Civilians, ahora es posible automatizar y optimizar a\u00fan m\u00e1s su rutina de miner\u00eda de criptomonedas en Earth2 con la ayuda de Civilians NFT.<\/p>\n\n\n\n<p>La funci\u00f3n Civiles es una nueva y potente herramienta que facilita y hace m\u00e1s eficiente que nunca la gesti\u00f3n de tus parcelas e inversiones en Earth2. En el futuro, los civiles se convertir\u00e1n en PNJ con IA en el Metaverso de Earth2, lo que llenar\u00e1 la vasta e ilimitada escala del Metaverso de Earth2.<\/p>\n\n\n\n<p>Con los Civiles, ya no tendr\u00e1s que depender de interminables clics para cargar, lanzar incursiones o dispensar recompensas. Los civiles te permiten gestionar tus inversiones en Earth2 con facilidad.<\/p>\n\n\n\n<p>Tanto si eres un inversor novato como un profesional experimentado, los civiles pueden ayudarte a optimizar tus inversiones en recursos de Earth2 y maximizar tus beneficios. Al ofrecerte ideas y recomendaciones basadas en datos, los civiles ge\u00f3logos y futuros analistas de datos pueden ayudarte a tomar decisiones informadas sobre d\u00f3nde comprar y cu\u00e1ndo vender tus terrenos virtuales, bas\u00e1ndose en las tendencias y patrones del mercado.<\/p>\n\n\n\n<h1 class=\"wp-block-heading\">Facciones, es decir, Fe, Religi\u00f3n en Tierra2<\/h1>\n\n\n\n<p>Al igual que la humanidad en Tierra1, los civiles de Tierra2 son un grupo muy diverso de personas con sus propias creencias, valores y culturas. Al igual que sus creadores en Tierra1, los civiles de Tierra2 acaban en conflictos y desacuerdos entre las tres facciones diferentes: Fuerza Espacial, Rebeldes y Dioses Egipcios y Seguidores.<\/p>\n\n\n\n<p>Echemos un vistazo m\u00e1s de cerca a cada una de estas facciones para comprender mejor sus creencias y valores.<\/p>\n\n\n\n<h2 class=\"wp-block-heading\">Imperio de las Fuerzas Espaciales<\/h2>\n\n\n\n<p>Firmeza y control (el MBTI 'J' prospera aqu\u00ed),<\/p>\n\n\n\n<h5 class=\"wp-block-heading\">TAG: #Gryffindor, #Democrats, #BlueTeam, #Biden2024, #\uc815\ud30c, #<strong><strong>\u6b63\u6d3e<\/strong><\/strong>, #<strong><strong>\u305b\u3044\u3068\u3046<\/strong><\/strong>, <strong>\u0627\u0644\u0635\u0641\u0627\u0621<\/strong>,\u00a0<strong>ortodoxo<\/strong>, &#8230;<\/h5>\n\n\n\n<p>Esta facci\u00f3n es mayoritaria y domina el mercado tradicionalmente. Creen firmemente en el mantenimiento del orden y la disciplina en la sociedad y est\u00e1n muy comprometidos con la exploraci\u00f3n espacial y la tecnolog\u00eda. Muchos de ellos est\u00e1n altamente cualificados en ciencia e ingenier\u00eda, y creen que mediante el uso de la tecnolog\u00eda pueden hacer de Tierra2 un mundo pr\u00f3spero y floreciente.<\/p>\n\n\n\n<h2 class=\"wp-block-heading\">Mercenarios rebeldes<\/h2>\n\n\n\n<p>Creatividad y Breakout (mayor\u00eda MBTI 'N\/P')<\/p>\n\n\n\n<h5 class=\"wp-block-heading\">TAG: #Slytherin, #Republicans, #RedTeam, #Trump2024, #\uc0ac\ud30c, #<strong>\u90aa\u6d3e<\/strong>, \u063a\u064a\u0631 \u062a\u0642\u0644\u064a\u062f\u064a, poco ortodoxo, ...<\/h5>\n\n\n\n<p>Los Rebeldes, por su parte, se oponen a la horrible uniformidad del Imperio de la Fuerza Espacial. Creen que la Fuerza Espacial est\u00e1 suprimiendo su libertad y creatividad, y quieren establecer un mundo en el que todos tengan la libertad de expresarse sin restricciones. Los rebeldes suelen ser vistos como conflictivos y rebeldes, pero son muy apasionados con sus creencias y valores.<\/p>\n\n\n\n<h2 class=\"wp-block-heading\">Dioses y seguidores egipcios<\/h2>\n\n\n\n<p>Tradici\u00f3n e intuici\u00f3n (mayor\u00eda \"S\" del MBTI)<\/p>\n\n\n\n<h5 class=\"wp-block-heading\">TAG: #Primative, #Sigma, #NeutralNot, #ElvishDwarf, #Psycho, #RavenClaw, #\ub3c4\uc778, #\u5c0e\u5f15, #\u0633\u0627\u062d\u0631, #Magician<\/h5>\n\n\n\n<p>Los Dioses y Seguidores Egipcios son la tercera facci\u00f3n y la m\u00e1s antigua de todos los Civiles. Est\u00e1n profundamente arraigados en la tradici\u00f3n y poseen un aura misteriosa que se remonta al origen de cada ENA de los Civiles. Adoran a los dioses del antiguo Egipto y sienten un profundo respeto por su cultura y su sabidur\u00eda ancestral. Creen firmemente en la reencarnaci\u00f3n y en la vida despu\u00e9s de la muerte. A menudo se les considera m\u00edsticos y espirituales, y muchos de ellos poseen habilidades ps\u00edquicas.<\/p>\n\n\n\n<p>A pesar de sus diferencias, todas estas facciones tienen algo en com\u00fan: su amor por la Esencia Tierra2 $$$. Todos se esfuerzan por conseguir un futuro mejor y m\u00e1s pr\u00f3spero en Tierra2, y todo terr\u00edcola sabe que todos prosperamos o nos alegramos de la lenta muerte de la esperanza.<\/p>\n\n\n\n<p>Los civiles y los terr\u00edcolas de Earth2 pueden tener sus diferencias, pero todos est\u00e1n unidos bajo un objetivo com\u00fan: Ganar m\u00e1s dinero $$$, no, hacer del mundo un lugar mejor. Ya sea a trav\u00e9s de la tecnolog\u00eda, la creatividad o la tradici\u00f3n, todos contribuyen al crecimiento y desarrollo del Metaverso de Tierra2.<\/p>","protected":false},"excerpt":{"rendered":"<p>Earth2 is one of the newest and most exciting developments in the world of crypto mining, providing investors with the opportunity to invest in virtual plots of land and earn profits through a variety of methods, including gaming, eCommerce, and virtual real estate. With the recent announcement of the Civilians feature, it is now possible [&hellip;]<\/p>\n","protected":false},"author":1,"featured_media":0,"parent":0,"menu_order":0,"comment_status":"closed","ping_status":"closed","template":"","meta":{"footnotes":""},"_links":{"self":[{"href":"https:\/\/earth2.wiki\/es\/wp-json\/wp\/v2\/pages\/146"}],"collection":[{"href":"https:\/\/earth2.wiki\/es\/wp-json\/wp\/v2\/pages"}],"about":[{"href":"https:\/\/earth2.wiki\/es\/wp-json\/wp\/v2\/types\/page"}],"author":[{"embeddable":true,"href":"https:\/\/earth2.wiki\/es\/wp-json\/wp\/v2\/users\/1"}],"replies":[{"embeddable":true,"href":"https:\/\/earth2.wiki\/es\/wp-json\/wp\/v2\/comments?post=146"}],"version-history":[{"count":5,"href":"https:\/\/earth2.wiki\/es\/wp-json\/wp\/v2\/pages\/146\/revisions"}],"predecessor-version":[{"id":309,"href":"https:\/\/earth2.wiki\/es\/wp-json\/wp\/v2\/pages\/146\/revisions\/309"}],"wp:attachment":[{"href":"https:\/\/earth2.wiki\/es\/wp-json\/wp\/v2\/media?parent=146"}],"curies":[{"name":"wp","href":"https:\/\/api.w.org\/{rel}","templated":true}]}}