{"id":138,"date":"2024-04-14T18:51:17","date_gmt":"2024-04-14T17:51:17","guid":{"rendered":"https:\/\/earth2.wiki\/?page_id=138"},"modified":"2024-04-19T10:04:17","modified_gmt":"2024-04-19T09:04:17","slug":"earth2-tiles-in-1-min","status":"publish","type":"page","link":"https:\/\/earth2.wiki\/es\/tierra2-baldosas-en-1-min\/","title":{"rendered":"\u00a1Conoce los terrenos de Earth2 (Tiles) en 1 min!"},"content":{"rendered":"<p>Las baldosas son las unidades de compra de terrenos en el ecosistema de Earth2, y generan diversos recursos. Earth2 es una plataforma metaversa que permite a los usuarios comprar, poseer, vivir y comerciar con terrenos virtuales.<\/p>\n\n\n\n<p>Las baldosas son las unidades b\u00e1sicas de terreno en el ecosistema de Earth2. Equivalen a una parcela de 10 x 10 metros en el mundo real. Una de las caracter\u00edsticas \u00fanicas de las baldosas es que evaporan \u00e9ter, un tipo de moneda digital. Este \u00c9ter se recoge y se transforma en Esencia, que puede utilizarse para diversos fines, como comprar civilizaciones, cidroides y otros activos virtuales.<\/p>\n\n\n\n<p>Adem\u00e1s de generar \u00c9ter, las Baldosas tambi\u00e9n producen recursos como petr\u00f3leo, oro, plata, madera, agua, etc., que pueden utilizarse para construir estructuras y crear materiales. Esto reduce la necesidad de que los usuarios adquieran estos recursos en otros lugares, lo que hace que la propiedad de tierras en Tierra2 sea m\u00e1s autosuficiente.<\/p>\n\n\n\n<p>Cuando compras un terreno en Earth2, se trata como un activo de tu propiedad, similar a un extracto bancario. Luego puedes vender tu terreno en el mercado a cualquiera que est\u00e9 interesado en adquirirlo. Algunos terrenos de primera calidad, como la Estatua de la Libertad de Nueva York, ya se han vendido por m\u00e1s de $50.000 USD.<\/p>\n\n\n\n<p>Los terrenos y las baldosas de Earth2 son algo m\u00e1s que bienes inmuebles virtuales: son activos que pueden producir flujos de ingresos y negociarse por importantes cantidades de dinero. Al poseer terrenos de Earth2, no solo puedes aprovechar los beneficios financieros potenciales de los bienes inmuebles virtuales, sino tambi\u00e9n participar en la construcci\u00f3n de una nueva comunidad global en esta plataforma metaversa.<\/p>\n\n\n\n<figure class=\"wp-block-table\"><table><thead><tr><th>CARACTER\u00cdSTICAS<\/th><th>NIVEL 1<\/th><th>NIVEL 2<\/th><\/tr><\/thead><tbody><tr><td>Formas de comprar el azulejo<\/td><td>Mercado (de jugador a jugador) \/ Mejora de nivel 2 (funci\u00f3n futura)<\/td><td>E2 \/ Mercado (Jugador a Jugador)<\/td><\/tr><tr><td>Precio de los azulejos<\/td><td>La estructura de precios se mantiene como est\u00e1.<\/td><td>Un Azulejo de Clase Base asequible con atributos limitados a partir de E$0.10.<\/td><\/tr><tr><td>Precio de los azulejos<\/td><td>La estructura de precios se mantiene como est\u00e1.<\/td><td>Un Azulejo de Clase Base asequible con atributos limitados a partir de E$0.10.<\/td><\/tr><tr><td>LIT (Bonificaci\u00f3n peri\u00f3dica)<\/td><td>S\u00ed<\/td><td>No<\/td><\/tr><tr><td>EPL<\/td><td>S\u00ed<\/td><td>No<\/td><\/tr><tr><td>Clase de terreno<\/td><td>1-5<\/td><td>No<\/td><\/tr><tr><td>Esencia prometida (EDC)<\/td><td>S\u00f3lo para propiedades de nivel 1 ORIGINALES asignadas por Tierra 2 (no propiedades de nivel 1 mejoradas)<\/td><td>No<\/td><\/tr><tr><td>Conversi\u00f3n \u00c9ter-Esencia<\/td><td>Garantizado<\/td><td>Imprevisible<\/td><\/tr><tr><td>Generaci\u00f3n de esencias<\/td><td>Garantizado<\/td><td>Imprevisible<\/td><\/tr><tr><td>Desove de joyas<\/td><td>Mercado (de jugador a jugador) \/ Mejora de nivel 2 (funci\u00f3n futura)<\/td><td>E2 \/ Mercado (Jugador a Jugador)<\/td><\/tr><tr><td>Ranuras Jewel<\/td><td>5 o m\u00e1s<\/td><td>3<\/td><\/tr><tr><td>Bonificaci\u00f3n por c\u00f3digo de referencia<\/td><td>7.5%<\/td><td>5%<\/td><\/tr><tr><td>C\u00f3digo de remisi\u00f3n Nombre<\/td><td>Personalizable<\/td><td>Generados gen\u00e9ricamente<\/td><\/tr><tr><td>EcoSim Cap* Edificio<\/td><td>No<\/td><td>S\u00ed<\/td><\/tr><tr><td>Recursos localizables*.<\/td><td>Completo<\/td><td>Restringido<\/td><\/tr><tr><td>Saturaci\u00f3n de recursos*.<\/td><td>Normal<\/td><td>Restringido<\/td><\/tr><tr><td>Gobernanza<\/td><td>Completo<\/td><td>Diluido<\/td><\/tr><tr><td>Podr\u00e1 soportar anuncios*.<\/td><td>S\u00ed<\/td><td>No<\/td><\/tr><tr><td>Bonificaciones adicionales que se liberar\u00e1n progresivamente*.<\/td><td>S\u00ed<\/td><td>Limitado<\/td><\/tr><\/tbody><\/table><\/figure>\n\n\n\n<p>* = pr\u00f3ximamente \/ se revelar\u00e1 m\u00e1s adelante<\/p>","protected":false},"excerpt":{"rendered":"<p>Tile is the purchase units of land in Earth2 ecosystem, and they generate various resources. Earth2 is a metaverse platform that allows users to purchase, own, live and trade virtual land. Tiles are the basic units of land in the Earth2 ecosystem. They are equivalent to a 10m x 10m plot of land in the [&hellip;]<\/p>\n","protected":false},"author":1,"featured_media":0,"parent":0,"menu_order":0,"comment_status":"closed","ping_status":"closed","template":"","meta":{"footnotes":""},"_links":{"self":[{"href":"https:\/\/earth2.wiki\/es\/wp-json\/wp\/v2\/pages\/138"}],"collection":[{"href":"https:\/\/earth2.wiki\/es\/wp-json\/wp\/v2\/pages"}],"about":[{"href":"https:\/\/earth2.wiki\/es\/wp-json\/wp\/v2\/types\/page"}],"author":[{"embeddable":true,"href":"https:\/\/earth2.wiki\/es\/wp-json\/wp\/v2\/users\/1"}],"replies":[{"embeddable":true,"href":"https:\/\/earth2.wiki\/es\/wp-json\/wp\/v2\/comments?post=138"}],"version-history":[{"count":5,"href":"https:\/\/earth2.wiki\/es\/wp-json\/wp\/v2\/pages\/138\/revisions"}],"predecessor-version":[{"id":632,"href":"https:\/\/earth2.wiki\/es\/wp-json\/wp\/v2\/pages\/138\/revisions\/632"}],"wp:attachment":[{"href":"https:\/\/earth2.wiki\/es\/wp-json\/wp\/v2\/media?parent=138"}],"curies":[{"name":"wp","href":"https:\/\/api.w.org\/{rel}","templated":true}]}}