{"id":181,"date":"2024-04-14T19:16:26","date_gmt":"2024-04-14T18:16:26","guid":{"rendered":"https:\/\/earth2.wiki\/?page_id=181"},"modified":"2024-04-15T08:29:56","modified_gmt":"2024-04-15T07:29:56","slug":"trending-regions-earth2","status":"publish","type":"page","link":"https:\/\/earth2.wiki\/de\/tendenzregionen-erde2\/","title":{"rendered":"Aktuelle Regionen in Earth2"},"content":{"rendered":"<p>Earth2 Wiki bietet w\u00f6chentliche Analysen der Trendregionen im Earth2 Metaverse. Die Untersuchung der monatlichen Trends der Earth2-Regionen hilft unseren Abgeordneten enorm, die langfristigen Muster der Nachfrage nach ihren virtuellen G\u00fctern in Earth2 zu erkennen.<\/p>\n\n\n\n<p>Das Earth2-Metaverse ist eine faszinierende virtuelle Welt, in der Sie Grundst\u00fccke besitzen k\u00f6nnen, die auf realen Orten basieren. Wie die neuesten Trends zeigen, liegen einige Regionen in Earth 2 derzeit mehr im Trend als andere. In diesem Artikel geben wir einen analytischen \u00dcberblick \u00fcber die Top-Trendregionen in Earth 2 und ihre Investitionsaussichten.<\/p>\n\n\n\n<p>In Earth 2 werden die Top-Trendregionen in zwei Kategorien eingeteilt - Tier 2 und Tier 3, basierend auf ihrer Popularit\u00e4t und der Anzahl der in den Regionen besetzten Kacheln.<\/p>\n\n\n\n<h2 class=\"wp-block-heading\">Trending Earth2 Tier2 (T2) Kacheln<\/h2>\n\n\n\n<p><strong>Trinidad und Tobago<\/strong> kostet E$0,28 pro Kachel und belegt 11.988 Kacheln. Mit seinen sch\u00f6nen karibischen Str\u00e4nden und seiner reichen Kultur ist es ein beliebter Ort in Earth2.<\/p>\n\n\n\n<p><strong>Kiribati <\/strong>kostet E$0,23 pro Kachel und umfasst 11.687 Kacheln. Sie liegt im zentralen Pazifischen Ozean und wird aufgrund ihrer atemberaubenden Landschaft und einzigartigen Kultur zu einem beliebten Reiseziel in Earth 2.<\/p>\n\n\n\n<p><strong>\u00c4thiopien<\/strong> liegt bei E$0,34 pro Kachel und umfasst 9.880 Kacheln. Es ist ein Binnenstaat am Horn von Afrika und bekannt f\u00fcr seine reiche Geschichte, vielf\u00e4ltige Kultur und atemberaubende Landschaft.<\/p>\n\n\n\n<p><strong>Cookinseln <\/strong>kostet E$0,22 pro Kachel und umfasst 7.258 Kacheln. Dieses atemberaubende Inselparadies liegt im S\u00fcdpazifik und entwickelt sich aufgrund seiner nat\u00fcrlichen Sch\u00f6nheit und idyllischen Str\u00e4nde zu einem sehr gefragten Standort in Earth 2.CopySaveRemove<\/p>\n\n\n\n<p><strong>Simbabwe <\/strong>kostet E$0,58 pro Kachel und erstreckt sich \u00fcber 5.911 Kacheln. Dieses wundersch\u00f6ne afrikanische Land ist bekannt f\u00fcr seine reiche Kultur, atemberaubende Naturlandschaften und eine reiche Tierwelt.<\/p>\n\n\n\n<h2 class=\"wp-block-heading\">Trending Earth2 Tier3 (T3) Kacheln<\/h2>\n\n\n\n<p><strong>Jeju-do<\/strong> kostet E$0,22 pro Kachel und nimmt satte 116.197 Kacheln ein. Die Insel liegt in S\u00fcdkorea und ist aufgrund ihrer atemberaubenden Naturkulisse, darunter wundersch\u00f6ne Str\u00e4nde, Vulkanlandschaften und nat\u00fcrliche hei\u00dfe Quellen, ein beliebter Ort in Earth 2. CopySaveRemove<\/p>\n\n\n\n<p><strong>Nevada<\/strong> kostet E$0,19 pro Kachel und umfasst 95.532 Kacheln. Es ist ein beliebtes Reiseziel in Earth 2 aufgrund seiner atemberaubenden Naturlandschaften und weltber\u00fchmten Attraktionen wie dem Las Vegas Strip und dem Grand Canyon.CopySaveRemove<\/p>\n\n\n\n<p><strong>Abu Dhabi<\/strong> kostet E$0,17 pro Kachel und erstreckt sich \u00fcber 83.273 Kacheln. Diese wundersch\u00f6ne Stadt in den Vereinigten Arabischen Emiraten ist bekannt f\u00fcr ihre atemberaubende Architektur, luxuri\u00f6se Hotels und unz\u00e4hlige Unterhaltungsm\u00f6glichkeiten.<\/p>\n\n\n\n<p><strong>Westkap<\/strong> hat einen Preis von E$0,16 pro Kachel und umfasst 73.414 Kacheln. Diese Region in S\u00fcdafrika wird aufgrund ihrer atemberaubenden Naturlandschaften, sch\u00f6nen Str\u00e4nde und ihres reichen kulturellen Erbes zu einem sehr begehrten Standort in Earth 2.<\/p>\n\n\n\n<p><strong>Attika<\/strong> kostet E$0,16 pro Kachel und umfasst 67.222 Kacheln. Diese Region in Griechenland wird aufgrund ihres reichen kulturellen Erbes, der antiken Ruinen und der atemberaubenden nat\u00fcrlichen Sch\u00f6nheit zu einem beliebten Ziel in Earth 2.<\/p>\n\n\n\n<h2 class=\"wp-block-heading\">Investitionsperspektive<\/h2>\n\n\n\n<p>Unter dem Gesichtspunkt der Investition sind die Regionen in Earth 2 mit kleineren Preisschildern eine \u00dcberlegung wert. Zum Beispiel, <strong>Trinidad und Tobago<\/strong> und <strong>Kiribati <\/strong>in <strong>Stufe2 <\/strong>und <strong>Westkap <\/strong>und <strong>Attika <\/strong>in <strong>Stufe3 <\/strong>alle haben <strong>einen niedrigeren Preis pro Fliese. <\/strong>Dies k\u00f6nnte sie zu erschwinglicheren Investitionen machen und langfristig eine h\u00f6here Rendite erm\u00f6glichen. Es ist jedoch wichtig zu beachten, dass die Investition in virtuelles Land eine <strong>spekulative Investitionen,<\/strong> und es ist wichtig, gr\u00fcndliche Recherchen durchzuf\u00fchren, bevor man einen Betrag investiert.<\/p>\n\n\n\n<p>Wenn Sie auf der Suche nach den g\u00fcnstigsten Standorten f\u00fcr neue Grundst\u00fccke sind, sollten Sie auch den Bergbau in Betracht ziehen <strong>Essence in Nordpyongan, Korea (Demokratische Volksrepublik) und Grenadinen, St. Vincent und die Grenadinen. <\/strong>Diese Gebiete erfreuen sich bei den Anlegern gro\u00dfer Beliebtheit, da sie <strong>mineralisches Potenzial <\/strong>und sind, gemessen an der Zahl der erhaltenen Stimmen, derzeit f\u00fchrend.<\/p>","protected":false},"excerpt":{"rendered":"<p>Earth2 Wiki provides weekly Analysis of the Trending Regions in Earth2 Metaverse. Examining the monthly trends of Earth2 Regions, tremendously help our House Members identify the long-term patterns in demand of their virtual assets in Earth2. The Earth2 Metaverse is a fascinating virtual world where you can own land locations that are based on real-world [&hellip;]<\/p>\n","protected":false},"author":1,"featured_media":0,"parent":0,"menu_order":0,"comment_status":"closed","ping_status":"closed","template":"","meta":{"footnotes":""},"_links":{"self":[{"href":"https:\/\/earth2.wiki\/de\/wp-json\/wp\/v2\/pages\/181"}],"collection":[{"href":"https:\/\/earth2.wiki\/de\/wp-json\/wp\/v2\/pages"}],"about":[{"href":"https:\/\/earth2.wiki\/de\/wp-json\/wp\/v2\/types\/page"}],"author":[{"embeddable":true,"href":"https:\/\/earth2.wiki\/de\/wp-json\/wp\/v2\/users\/1"}],"replies":[{"embeddable":true,"href":"https:\/\/earth2.wiki\/de\/wp-json\/wp\/v2\/comments?post=181"}],"version-history":[{"count":6,"href":"https:\/\/earth2.wiki\/de\/wp-json\/wp\/v2\/pages\/181\/revisions"}],"predecessor-version":[{"id":412,"href":"https:\/\/earth2.wiki\/de\/wp-json\/wp\/v2\/pages\/181\/revisions\/412"}],"wp:attachment":[{"href":"https:\/\/earth2.wiki\/de\/wp-json\/wp\/v2\/media?parent=181"}],"curies":[{"name":"wp","href":"https:\/\/api.w.org\/{rel}","templated":true}]}}