{"id":148,"date":"2024-04-14T18:57:41","date_gmt":"2024-04-14T17:57:41","guid":{"rendered":"https:\/\/earth2.wiki\/?page_id=148"},"modified":"2024-04-15T02:09:06","modified_gmt":"2024-04-15T01:09:06","slug":"earth2-resource-in-1-min","status":"publish","type":"page","link":"https:\/\/earth2.wiki\/de\/earth2-ressource-in-1-min\/","title":{"rendered":"Tauschen Sie Earth2 Resource NFT, um \u00fcberall auf der Welt etwas Geld zu verdienen."},"content":{"rendered":"<p>Earth2's innovatives EcoSym erm\u00f6glicht es den Nutzern, auf Ressourcen aus der ganzen Welt zuzugreifen, die in Echtzeit kartiert werden. Das gibt Ihnen die M\u00f6glichkeit, bequem von zu Hause oder von jedem anderen Ort der Welt aus Geld zu verdienen!<\/p>\n\n\n\n<p>Als einzigartiges Metaverse erm\u00f6glicht Earth2 die Erkundung und Erfahrung einer v\u00f6llig neuen Welt mit unendlichen M\u00f6glichkeiten durch die Emulation echter Ressourcen \u00fcber NFT. Die Plattform basiert auf der Blockchain-Technologie, wodurch sie sicher und bequem zu nutzen ist. Alle Transaktionen werden verschl\u00fcsselt und transparent sein, so dass Sie sicher sein k\u00f6nnen, dass Ihre pers\u00f6nlichen Daten stets gesch\u00fctzt sind.<\/p>\n\n\n\n<p>Die realen Standorte der Ressourcen wurden sorgf\u00e4ltig kartiert und in Rohstoff-NFTs auf Trade Earth2 umgewandelt, was den Nutzern eine \u00e4u\u00dferst profitable M\u00f6glichkeit bietet. Die L\u00e4ndereien der h\u00f6heren Stufen bieten nat\u00fcrlich mehr Ressourcen als die L\u00e4ndereien der niedrigeren Stufen, aber Sie k\u00f6nnen Ihr Land mit Essenz in h\u00f6here Stufen aufwerten. Sie werden erstaunt sein, wie sehr Ihre Rohstoffausbeute durch hochwertige Juwelen gesteigert werden kann, also handeln Sie schnell, bevor der Preis in die H\u00f6he geht!<\/p>\n\n\n\n<p>Die Eearth2-Plattform erweitert st\u00e4ndig die Palette der emulierenden Ressourcen, so dass Sie nie eine gewinnbringende Gelegenheit verpassen, insbesondere bei den neuesten Ressourcen.<\/p>","protected":false},"excerpt":{"rendered":"<p>Earth2&#8217;s Innovative EcoSym allows users to access resources from all over the world mapped out in real-time, giving you the opportunity to make some serious cash from the comfort of your own home, or anywhere else in the world! As one of its kind Metaverse, Earth2 allows you to explore and experience a whole new [&hellip;]<\/p>\n","protected":false},"author":1,"featured_media":0,"parent":0,"menu_order":0,"comment_status":"closed","ping_status":"closed","template":"","meta":{"footnotes":""},"_links":{"self":[{"href":"https:\/\/earth2.wiki\/de\/wp-json\/wp\/v2\/pages\/148"}],"collection":[{"href":"https:\/\/earth2.wiki\/de\/wp-json\/wp\/v2\/pages"}],"about":[{"href":"https:\/\/earth2.wiki\/de\/wp-json\/wp\/v2\/types\/page"}],"author":[{"embeddable":true,"href":"https:\/\/earth2.wiki\/de\/wp-json\/wp\/v2\/users\/1"}],"replies":[{"embeddable":true,"href":"https:\/\/earth2.wiki\/de\/wp-json\/wp\/v2\/comments?post=148"}],"version-history":[{"count":6,"href":"https:\/\/earth2.wiki\/de\/wp-json\/wp\/v2\/pages\/148\/revisions"}],"predecessor-version":[{"id":301,"href":"https:\/\/earth2.wiki\/de\/wp-json\/wp\/v2\/pages\/148\/revisions\/301"}],"wp:attachment":[{"href":"https:\/\/earth2.wiki\/de\/wp-json\/wp\/v2\/media?parent=148"}],"curies":[{"name":"wp","href":"https:\/\/api.w.org\/{rel}","templated":true}]}}