{"id":138,"date":"2024-04-14T18:51:17","date_gmt":"2024-04-14T17:51:17","guid":{"rendered":"https:\/\/earth2.wiki\/?page_id=138"},"modified":"2024-04-19T10:04:17","modified_gmt":"2024-04-19T09:04:17","slug":"earth2-tiles-in-1-min","status":"publish","type":"page","link":"https:\/\/earth2.wiki\/de\/earth2-fliesen-in-1-min\/","title":{"rendered":"Erfahre mehr \u00fcber Earth2 Lands (Tiles) in 1 Minute!"},"content":{"rendered":"<p>Kacheln sind die Kaufeinheiten von Land im Earth2-\u00d6kosystem, die verschiedene Ressourcen generieren. Earth2 ist eine Metaverse-Plattform, die es Nutzern erm\u00f6glicht, virtuelles Land zu kaufen, zu besitzen, zu leben und zu handeln.<\/p>\n\n\n\n<p>Kacheln sind die Grundeinheiten von Land im Earth2-\u00d6kosystem. Sie entsprechen einem 10m x 10m gro\u00dfen St\u00fcck Land in der realen Welt. Eine der einzigartigen Eigenschaften von Kacheln ist, dass sie Ether verdampfen - eine Art digitale W\u00e4hrung. Dieser Ether wird dann gesammelt und in Essenz umgewandelt, die f\u00fcr eine Vielzahl von Zwecken verwendet werden kann, z. B. f\u00fcr den Kauf von Zivilisationen, Cydroiden und anderen virtuellen Verm\u00f6genswerten.<\/p>\n\n\n\n<p>Neben der Erzeugung von \u00c4ther produzieren Fliesen auch Ressourcen wie \u00d6l, Gold, Silber, Holz, Wasser usw., die zum Bau von Strukturen und zur Herstellung von Materialien verwendet werden k\u00f6nnen. Dies reduziert die Notwendigkeit f\u00fcr die Nutzer, diese Ressourcen anderswo zu kaufen, und macht den Landbesitz in Earth2 autarker.<\/p>\n\n\n\n<p>Wenn Sie in Earth2 Land kaufen, wird es wie ein Verm\u00f6genswert behandelt, der Ihnen geh\u00f6rt, \u00e4hnlich wie ein Kontoauszug. Sie k\u00f6nnen Ihr Land dann auf dem Marktplatz an jeden verkaufen, der daran interessiert ist, es zu erwerben. Einige hochwertige Grundst\u00fccke wie die Freiheitsstatue in New York City wurden bereits f\u00fcr \u00fcber $50.000 USD verkauft.<\/p>\n\n\n\n<p>Earth2-L\u00e4ndereien und -Kacheln sind mehr als nur virtuelle Immobilien; sie sind Verm\u00f6genswerte, die Einkommensstr\u00f6me erzeugen und f\u00fcr erhebliche Geldbetr\u00e4ge gehandelt werden k\u00f6nnen. Durch den Besitz von Earth2-Land k\u00f6nnen Sie nicht nur die potenziellen finanziellen Vorteile virtueller Immobilien nutzen, sondern auch am Aufbau einer neuen globalen Gemeinschaft auf dieser Metaverse-Plattform teilnehmen.<\/p>\n\n\n\n<figure class=\"wp-block-table\"><table><thead><tr><th>FEATURES<\/th><th>TIER 1<\/th><th>TIER 2<\/th><\/tr><\/thead><tbody><tr><td>M\u00f6glichkeiten, die Fliese zu kaufen<\/td><td>Marktplatz (Spieler-zu-Spieler) \/ Upgrade von Tier 2 (zuk\u00fcnftiges Feature)<\/td><td>E2 \/ Marktplatz (Spieler-zu-Spieler)<\/td><\/tr><tr><td>Kachel Preis<\/td><td>Die Preisstruktur bleibt unver\u00e4ndert.<\/td><td>Eine erschwingliche Basisklasse mit begrenzten Attributen ab E$0.10.<\/td><\/tr><tr><td>Kachel Preis<\/td><td>Die Preisstruktur bleibt unver\u00e4ndert.<\/td><td>Eine erschwingliche Basisklasse mit begrenzten Attributen ab E$0.10.<\/td><\/tr><tr><td>LIT (Regelm\u00e4\u00dfiger Bonus)<\/td><td>Ja<\/td><td>Nein<\/td><\/tr><tr><td>EPL<\/td><td>Ja<\/td><td>Nein<\/td><\/tr><tr><td>Land Klasse<\/td><td>1-5<\/td><td>Nein<\/td><\/tr><tr><td>Verhei\u00dfungsvolle Essenz (EDC)<\/td><td>Nur f\u00fcr ORIGINAL-Eigenschaften der Stufe 1, die von Erde 2 zugewiesen wurden (nicht f\u00fcr aktualisierte Eigenschaften der Stufe 1)<\/td><td>Nein<\/td><\/tr><tr><td>\u00c4ther-Essenz-Umwandlung<\/td><td>Garantiert<\/td><td>Unvorhersehbar<\/td><\/tr><tr><td>Erzeugung von Essenzen<\/td><td>Garantiert<\/td><td>Unvorhersehbar<\/td><\/tr><tr><td>Juwelen-Laichen<\/td><td>Marktplatz (Spieler-zu-Spieler) \/ Upgrade von Tier 2 (zuk\u00fcnftiges Feature)<\/td><td>E2 \/ Marktplatz (Spieler-zu-Spieler)<\/td><\/tr><tr><td>Juwelenschlitze<\/td><td>5 oder mehr<\/td><td>3<\/td><\/tr><tr><td>Empfehlungscode-Bonus<\/td><td>7.5%<\/td><td>5%<\/td><\/tr><tr><td>Verweisungscode Name<\/td><td>Anpassbar<\/td><td>Generisch generiert<\/td><\/tr><tr><td>EcoSim Geb\u00e4udekappe*<\/td><td>Nein<\/td><td>Ja<\/td><\/tr><tr><td>Auffindbare Ressourcen*<\/td><td>Vollst\u00e4ndig<\/td><td>Eingeschr\u00e4nkt<\/td><\/tr><tr><td>S\u00e4ttigung der Ressourcen*<\/td><td>Normal<\/td><td>Eingeschr\u00e4nkt<\/td><\/tr><tr><td>Verwaltung*<\/td><td>Vollst\u00e4ndig<\/td><td>Verw\u00e4ssert<\/td><\/tr><tr><td>Wird Anzeigen unterst\u00fctzen k\u00f6nnen*<\/td><td>Ja<\/td><td>Nein<\/td><\/tr><tr><td>Zus\u00e4tzliche Boni, die nach und nach freigegeben werden*<\/td><td>Ja<\/td><td>Begrenzt<\/td><\/tr><\/tbody><\/table><\/figure>\n\n\n\n<p>* = in K\u00fcrze \/ wird zu einem sp\u00e4teren Zeitpunkt bekannt gegeben<\/p>","protected":false},"excerpt":{"rendered":"<p>Tile is the purchase units of land in Earth2 ecosystem, and they generate various resources. Earth2 is a metaverse platform that allows users to purchase, own, live and trade virtual land. Tiles are the basic units of land in the Earth2 ecosystem. They are equivalent to a 10m x 10m plot of land in the [&hellip;]<\/p>\n","protected":false},"author":1,"featured_media":0,"parent":0,"menu_order":0,"comment_status":"closed","ping_status":"closed","template":"","meta":{"footnotes":""},"_links":{"self":[{"href":"https:\/\/earth2.wiki\/de\/wp-json\/wp\/v2\/pages\/138"}],"collection":[{"href":"https:\/\/earth2.wiki\/de\/wp-json\/wp\/v2\/pages"}],"about":[{"href":"https:\/\/earth2.wiki\/de\/wp-json\/wp\/v2\/types\/page"}],"author":[{"embeddable":true,"href":"https:\/\/earth2.wiki\/de\/wp-json\/wp\/v2\/users\/1"}],"replies":[{"embeddable":true,"href":"https:\/\/earth2.wiki\/de\/wp-json\/wp\/v2\/comments?post=138"}],"version-history":[{"count":5,"href":"https:\/\/earth2.wiki\/de\/wp-json\/wp\/v2\/pages\/138\/revisions"}],"predecessor-version":[{"id":632,"href":"https:\/\/earth2.wiki\/de\/wp-json\/wp\/v2\/pages\/138\/revisions\/632"}],"wp:attachment":[{"href":"https:\/\/earth2.wiki\/de\/wp-json\/wp\/v2\/media?parent=138"}],"curies":[{"name":"wp","href":"https:\/\/api.w.org\/{rel}","templated":true}]}}