{"id":619,"date":"2024-04-17T13:56:02","date_gmt":"2024-04-17T12:56:02","guid":{"rendered":"https:\/\/earth2.wiki\/?page_id=619"},"modified":"2024-04-17T14:30:46","modified_gmt":"2024-04-17T13:30:46","slug":"all-languages","status":"publish","type":"page","link":"https:\/\/earth2.wiki\/cs\/all-languages\/","title":{"rendered":"V\u0161echny jazyky"},"content":{"rendered":"<p>Earth2 wiki, kter\u00e1 je dostupn\u00e1 ve 28 jazyc\u00edch po cel\u00e9m sv\u011bt\u011b, v\u00e1m pom\u00e1h\u00e1 budovat komunitu a dozv\u011bd\u011bt se v\u00edce o rozs\u00e1hl\u00fdch mo\u017enostech, kter\u00e9 nab\u00edz\u00ed Earth2 Metaverse.<\/p>\n\n\n\n<p>Nab\u00edz\u00edme pr\u016fvodce a n\u00e1vody, jak se v platform\u011b pohybovat a smyslupln\u011b p\u0159isp\u00edvat do jej\u00edch rozmanit\u00fdch komunit. N\u00e1\u0161 t\u00fdm odborn\u00edk\u016f je v\u017edy p\u0159ipraven zodpov\u011bd\u011bt v\u0161echny va\u0161e dotazy a sna\u017e\u00edme se podporovat na\u0161e u\u017eivatele v jejich snaze prozkoumat Metaverzi.<\/p>\n\n\n\n<figure class=\"wp-block-table\"><table><thead><tr><th><strong>Jazyk<\/strong><\/th><th><strong>ADRESA URL<\/strong><\/th><\/tr><\/thead><tbody><tr><td>Korej\u0161tina (\ud55c\uad6d\uc5b4)<\/td><td><a href=\"https:\/\/earth2.wiki\/ko\">earth2.wiki\/ko<\/a><\/td><\/tr><tr><td>\u0160v\u00e9d\u0161tina (Svenska)<\/td><td><a href=\"https:\/\/earth2.wiki\/sv\">earth2.wiki\/sv<\/a><\/td><\/tr><tr><td>Slovin\u0161tina (Sloven\u0161\u010dina)<\/td><td><a href=\"https:\/\/earth2.wiki\/sl\">earth2.wiki\/sl<\/a><\/td><\/tr><tr><td>Sloven\u010dina (Sloven\u010dina)<\/td><td><a href=\"https:\/\/earth2.wiki\/sk\">earth2.wiki\/sk<\/a><\/td><\/tr><tr><td>rumun\u0161tina (Rom\u00e2n\u0103)<\/td><td><a href=\"https:\/\/earth2.wiki\/ro\">earth2.wiki\/ro<\/a><\/td><\/tr><tr><td>Norsk\u00fd jazyk (Norsk Bokm\u00e5l)<\/td><td><a href=\"https:\/\/earth2.wiki\/nb\">earth2.wiki\/nb<\/a><\/td><\/tr><tr><td>Litev\u0161tina (Lietuvi\u0173)<\/td><td><a href=\"https:\/\/earth2.wiki\/lt\">earth2.wiki\/lt<\/a><\/td><\/tr><tr><td>Loty\u0161\u0161tina (Latvie\u0161u)<\/td><td><a href=\"https:\/\/earth2.wiki\/lv\">earth2.wiki\/lv<\/a><\/td><\/tr><tr><td>Ma\u010far\u0161tina (Magyar)<\/td><td><a href=\"https:\/\/earth2.wiki\/hu\">earth2.wiki\/hu<\/a><\/td><\/tr><tr><td>Fin\u0161tina (Suomi)<\/td><td><a href=\"https:\/\/earth2.wiki\/fi\">earth2.wiki\/fi<\/a><\/td><\/tr><tr><td>Eston\u0161tina (Eesti)<\/td><td><a href=\"https:\/\/earth2.wiki\/et\">earth2.wiki\/et<\/a><\/td><\/tr><tr><td>\u010ce\u0161tina (\u010ce\u0161tina)<\/td><td><a href=\"https:\/\/earth2.wiki\/cs\">earth2.wiki\/cs<\/a><\/td><\/tr><tr><td>Bulhar\u0161tina (\u0411\u044a\u043b\u0433\u0430\u0440\u0441\u043a\u0438)<\/td><td><a href=\"https:\/\/earth2.wiki\/bg\">earth2.wiki\/bg<\/a><\/td><\/tr><tr><td>Ukrajin\u0161tina (\u0423\u043a\u0440\u0430\u0457\u043d\u0441\u044c\u043a\u0430)<\/td><td><a href=\"https:\/\/earth2.wiki\/uk\">earth2.wiki\/uk<\/a><\/td><\/tr><tr><td>\u0159ecky (\u0395\u03bb\u03bb\u03b7\u03bd\u03b9\u03ba\u03ac)<\/td><td><a href=\"https:\/\/earth2.wiki\/el\">earth2.wiki\/el<\/a><\/td><\/tr><tr><td>Indon\u00e9\u0161tina (Bahasa Indonesia)<\/td><td><a href=\"https:\/\/earth2.wiki\/id\">earth2.wiki\/id<\/a><\/td><\/tr><tr><td>Nizozem\u0161tina (Nederlands)<\/td><td><a href=\"https:\/\/earth2.wiki\/nl\">earth2.wiki\/nl<\/a><\/td><\/tr><tr><td>Ture\u010dtina (T\u00fcrk\u00e7e)<\/td><td><a href=\"https:\/\/earth2.wiki\/tr\">earth2.wiki\/tr<\/a><\/td><\/tr><tr><td>Pol\u0161tina (Polski)<\/td><td><a href=\"https:\/\/earth2.wiki\/pl\">earth2.wiki\/pl<\/a><\/td><\/tr><tr><td>Ital\u0161tina (Italiano)<\/td><td><a href=\"https:\/\/earth2.wiki\/it\">earth2.wiki\/it<\/a><\/td><\/tr><tr><td>Portugal\u0161tina (Portugu\u00eas)<\/td><td><a href=\"https:\/\/earth2.wiki\/pt\">earth2.wiki\/pt<\/a><\/td><\/tr><tr><td>\u010c\u00edn\u0161tina (\u4e2d\u6587)<\/td><td><a href=\"https:\/\/earth2.wiki\/zh\">earth2.wiki\/zh<\/a><\/td><\/tr><tr><td>Francouz\u0161tina (Fran\u00e7ais)<\/td><td><a href=\"https:\/\/earth2.wiki\/fr\">earth2.wiki\/fr<\/a><\/td><\/tr><tr><td>\u0160pan\u011bl\u0161tina (Espa\u00f1ol)<\/td><td><a href=\"https:\/\/earth2.wiki\/es\">earth2.wiki\/es<\/a><\/td><\/tr><tr><td>Japon\u0161tina (\u65e5\u672c\u8a9e)<\/td><td><a href=\"https:\/\/earth2.wiki\/ja\">earth2.wiki\/ja<\/a><\/td><\/tr><tr><td>N\u011bm\u010dina (Deutsch)<\/td><td><a href=\"https:\/\/earth2.wiki\/de\">earth2.wiki\/de<\/a><\/td><\/tr><tr><td>Ru\u0161tina (rusky)<\/td><td><a href=\"https:\/\/earth2.wiki\/ru\">earth2.wiki\/ru<\/a><\/td><\/tr><\/tbody><\/table><\/figure>","protected":false},"excerpt":{"rendered":"<p>With its presence across 28 languages worldwide, Earth2 wiki helps you build your community and learn more about the vast opportunities offered by Earth2 Metaverse. We offer guides and tutorials on how to navigate the platform and make meaningful contributions to its diverse communities. Our team of experts is always available to answer any questions [&hellip;]<\/p>\n","protected":false},"author":1,"featured_media":0,"parent":0,"menu_order":0,"comment_status":"closed","ping_status":"closed","template":"","meta":{"footnotes":""},"_links":{"self":[{"href":"https:\/\/earth2.wiki\/cs\/wp-json\/wp\/v2\/pages\/619"}],"collection":[{"href":"https:\/\/earth2.wiki\/cs\/wp-json\/wp\/v2\/pages"}],"about":[{"href":"https:\/\/earth2.wiki\/cs\/wp-json\/wp\/v2\/types\/page"}],"author":[{"embeddable":true,"href":"https:\/\/earth2.wiki\/cs\/wp-json\/wp\/v2\/users\/1"}],"replies":[{"embeddable":true,"href":"https:\/\/earth2.wiki\/cs\/wp-json\/wp\/v2\/comments?post=619"}],"version-history":[{"count":4,"href":"https:\/\/earth2.wiki\/cs\/wp-json\/wp\/v2\/pages\/619\/revisions"}],"predecessor-version":[{"id":627,"href":"https:\/\/earth2.wiki\/cs\/wp-json\/wp\/v2\/pages\/619\/revisions\/627"}],"wp:attachment":[{"href":"https:\/\/earth2.wiki\/cs\/wp-json\/wp\/v2\/media?parent=619"}],"curies":[{"name":"wp","href":"https:\/\/api.w.org\/{rel}","templated":true}]}}