{"id":184,"date":"2024-04-14T19:19:02","date_gmt":"2024-04-14T18:19:02","guid":{"rendered":"https:\/\/earth2.wiki\/?page_id=184"},"modified":"2024-04-15T09:06:48","modified_gmt":"2024-04-15T08:06:48","slug":"trending-resources-earth2","status":"publish","type":"page","link":"https:\/\/earth2.wiki\/cs\/trending-resources-earth2\/","title":{"rendered":"Trendy zdroje v aplikaci Earth2"},"content":{"rendered":"<p>Earth2 Wiki poskytuje t\u00fddenn\u00ed anal\u00fdzu trendov\u00fdch zdroj\u016f v Earth2 Metaverse, ale bohu\u017eel vzhledem k \u00fasil\u00ed a \u010dasu v\u011bnovan\u00e9mu nejvy\u0161\u0161\u00ed kvalit\u011b, vyb\u00edr\u00e1me za p\u0159\u00edstup mal\u00e9 poplatky. Dal\u0161\u00ed podrobnosti naleznete v \u010d\u00e1sti Slu\u017eby.<\/p>\n\n\n\n<p>Zkoum\u00e1n\u00ed m\u011bs\u00ed\u010dn\u00edch trend\u016f u klenot\u016f Earth2 pom\u00e1h\u00e1 \u010dlen\u016fm na\u0161eho Domu identifikovat dlouhodob\u00e9 vzorce popt\u00e1vky po r\u016fzn\u00fdch aktivech v ekosyst\u00e9mu Earth2 a l\u00e9pe porozum\u011bt faktor\u016fm, kter\u00e9 ovliv\u0148uj\u00ed chov\u00e1n\u00ed u\u017eivatel\u016f. Tyto informace lze vyu\u017e\u00edt k pl\u00e1nov\u00e1n\u00ed budov\u00e1n\u00ed podnik\u016f a megam\u011bst Earth2 ve spr\u00e1vn\u00e9m regionu, k v\u00fdb\u011bru spr\u00e1vn\u00fdch t\u00e9mat pro spr\u00e1vn\u00e9 publikum a umo\u017e\u0148uj\u00ed n\u00e1m nakupovat n\u00ed\u017ee a prod\u00e1vat v\u00fd\u0161e.<\/p>\n\n\n\n<p>Jsme hrd\u00ed na na\u0161i anal\u00fdzu, v p\u0159\u00edpad\u011b nespokojenosti se zpr\u00e1vou vrac\u00edme plnou \u010d\u00e1stku.<\/p>\n\n\n\n<figure class=\"wp-block-embed\"><div class=\"wp-block-embed__wrapper\">\nhttps:\/\/earth2.wiki\/sign-up\n<\/div><\/figure>","protected":false},"excerpt":{"rendered":"<p>Earth2 Wiki provides weekly Analysis of the Trending Resources in Earth2 Metaverse but unfortunately due to the efforts and time for the highest quality, we take small fees for the access. See services for more details. Examining the monthly trends of Earth2 Jewels, helps our House Members identify the long-term patterns in demand of various [&hellip;]<\/p>\n","protected":false},"author":1,"featured_media":0,"parent":0,"menu_order":0,"comment_status":"closed","ping_status":"closed","template":"","meta":{"footnotes":""},"_links":{"self":[{"href":"https:\/\/earth2.wiki\/cs\/wp-json\/wp\/v2\/pages\/184"}],"collection":[{"href":"https:\/\/earth2.wiki\/cs\/wp-json\/wp\/v2\/pages"}],"about":[{"href":"https:\/\/earth2.wiki\/cs\/wp-json\/wp\/v2\/types\/page"}],"author":[{"embeddable":true,"href":"https:\/\/earth2.wiki\/cs\/wp-json\/wp\/v2\/users\/1"}],"replies":[{"embeddable":true,"href":"https:\/\/earth2.wiki\/cs\/wp-json\/wp\/v2\/comments?post=184"}],"version-history":[{"count":10,"href":"https:\/\/earth2.wiki\/cs\/wp-json\/wp\/v2\/pages\/184\/revisions"}],"predecessor-version":[{"id":445,"href":"https:\/\/earth2.wiki\/cs\/wp-json\/wp\/v2\/pages\/184\/revisions\/445"}],"wp:attachment":[{"href":"https:\/\/earth2.wiki\/cs\/wp-json\/wp\/v2\/media?parent=184"}],"curies":[{"name":"wp","href":"https:\/\/api.w.org\/{rel}","templated":true}]}}