{"id":181,"date":"2024-04-14T19:16:26","date_gmt":"2024-04-14T18:16:26","guid":{"rendered":"https:\/\/earth2.wiki\/?page_id=181"},"modified":"2024-04-15T08:29:56","modified_gmt":"2024-04-15T07:29:56","slug":"trending-regions-earth2","status":"publish","type":"page","link":"https:\/\/earth2.wiki\/cs\/trending-regions-earth2\/","title":{"rendered":"Trendov\u00e9 oblasti v Earth2"},"content":{"rendered":"<p>Earth2 Wiki poskytuje t\u00fddenn\u00ed anal\u00fdzu trendov\u00fdch region\u016f v metaverzu Earth2. Zkoum\u00e1n\u00ed m\u011bs\u00ed\u010dn\u00edch trend\u016f region\u016f Earth2 nesm\u00edrn\u011b pom\u00e1h\u00e1 \u010dlen\u016fm na\u0161eho Domu identifikovat dlouhodob\u00e9 vzorce popt\u00e1vky po jejich virtu\u00e1ln\u00edch aktivech v Earth2.<\/p>\n\n\n\n<p>Earth2 Metaverse je fascinuj\u00edc\u00ed virtu\u00e1ln\u00ed sv\u011bt, kde m\u016f\u017eete vlastnit pozemky, kter\u00e9 jsou zalo\u017eeny na skute\u010dn\u00fdch m\u00edstech, a podle nejnov\u011bj\u0161\u00edch trend\u016f jsou n\u011bkter\u00e9 regiony v Earth 2 v sou\u010dasn\u00e9 dob\u011b trendy v\u00edce ne\u017e jin\u00e9. V tomto \u010dl\u00e1nku v\u00e1m poskytneme analytick\u00fd p\u0159ehled nejtrendov\u011bj\u0161\u00edch region\u016f v Earth 2 a jejich investi\u010dn\u00edch vyhl\u00eddek.<\/p>\n\n\n\n<p>V aplikaci Earth 2 jsou nejpopul\u00e1rn\u011bj\u0161\u00ed regiony rozd\u011bleny do dvou \u00farovn\u00ed - Tier 2 a Tier 3 na z\u00e1klad\u011b jejich popularity a po\u010dtu dla\u017edic obsazen\u00fdch v regionech.<\/p>\n\n\n\n<h2 class=\"wp-block-heading\">Trendy dla\u017edice Earth2 Tier2 (T2)<\/h2>\n\n\n\n<p><strong>Trinidad a Tobago<\/strong> stoj\u00ed E$0,28 za dla\u017edici a zab\u00edr\u00e1 11 988 dla\u017edic. Jedn\u00e1 se o obl\u00edbenou lokalitu v Earth2 s kr\u00e1sn\u00fdmi karibsk\u00fdmi pl\u00e1\u017eemi a bohatou kulturou.<\/p>\n\n\n\n<p><strong>Kiribati <\/strong>stoj\u00ed E$0,23 za dla\u017edici a pokr\u00fdv\u00e1 11 687 dla\u017edic. Nach\u00e1z\u00ed se v centr\u00e1ln\u00ed \u010d\u00e1sti Tich\u00e9ho oce\u00e1nu a d\u00edky sv\u00e9 \u00fachvatn\u00e9 krajin\u011b a jedine\u010dn\u00e9 kultu\u0159e se st\u00e1v\u00e1 obl\u00edbenou destinac\u00ed v Earth 2.<\/p>\n\n\n\n<p><strong>Etiopie<\/strong> stoj\u00ed E$0,34 za dla\u017edici a zahrnuje 9 880 dla\u017edic. Jedn\u00e1 se o vnitrozemskou zemi v Africk\u00e9m rohu, kter\u00e1 je zn\u00e1m\u00e1 svou bohatou histori\u00ed, rozmanitou kulturou a \u00fachvatnou krajinou.<\/p>\n\n\n\n<p><strong>Cookovy ostrovy <\/strong>stoj\u00ed E$0,22 za dla\u017edici a pokr\u00fdv\u00e1 7 258 dla\u017edic. Tento \u00fa\u017easn\u00fd ostrovn\u00ed r\u00e1j se nach\u00e1z\u00ed v ji\u017en\u00edm Pacifiku a d\u00edky sv\u00fdm p\u0159\u00edrodn\u00edm kr\u00e1s\u00e1m a idylick\u00fdm pl\u00e1\u017e\u00edm se st\u00e1v\u00e1 velmi vyhled\u00e1vanou lokalitou v Earth 2. Kop\u00edrovatUlo\u017eitOdebrat<\/p>\n\n\n\n<p><strong>Zimbabwe <\/strong>stoj\u00ed E$0,58 za dla\u017edici a zahrnuje 5 911 dla\u017edic. Tato kr\u00e1sn\u00e1 africk\u00e1 zem\u011b je zn\u00e1m\u00e1 svou bohatou kulturou, \u00fachvatnou p\u0159\u00edrodou a bohatou divokou p\u0159\u00edrodou.<\/p>\n\n\n\n<h2 class=\"wp-block-heading\">Trending Earth2 dla\u017edice \u00farovn\u011b 3 (T3)<\/h2>\n\n\n\n<p><strong>Jeju-do<\/strong> stoj\u00ed E$0,22 za dla\u017edici a zab\u00edr\u00e1 neuv\u011b\u0159iteln\u00fdch 116 197 dla\u017edic. Jedn\u00e1 se o ostrov, kter\u00fd se nach\u00e1z\u00ed v Ji\u017en\u00ed Koreji a st\u00e1v\u00e1 se obl\u00edbenou lokac\u00ed ve h\u0159e Earth 2 d\u00edky sv\u00fdm n\u00e1dhern\u00fdm p\u0159\u00edrodn\u00edm scen\u00e9ri\u00edm, v\u010detn\u011b kr\u00e1sn\u00fdch pl\u00e1\u017e\u00ed, sope\u010dn\u00e9 krajiny a p\u0159\u00edrodn\u00edch hork\u00fdch pramen\u016f.Kop\u00edrovatUlo\u017eitOdebrat<\/p>\n\n\n\n<p><strong>Nevada<\/strong> stoj\u00ed E$0,19 za dla\u017edici a pokr\u00fdv\u00e1 95 532 dla\u017edic. Je to obl\u00edben\u00e1 destinace ve h\u0159e Earth 2 d\u00edky sv\u00e9 \u00fachvatn\u00e9 p\u0159\u00edrodn\u00ed krajin\u011b a sv\u011btozn\u00e1m\u00fdm atrakc\u00edm, jako je Las Vegas strip a Grand Canyon.Kop\u00edrovatUlo\u017eitOdebrat<\/p>\n\n\n\n<p><strong>Abu Dhabi<\/strong> stoj\u00ed E$0,17 za dla\u017edici a zahrnuje 83 273 dla\u017edic. Toto kr\u00e1sn\u00e9 m\u011bsto ve Spojen\u00fdch arabsk\u00fdch emir\u00e1tech je zn\u00e1m\u00e9 svou \u00fa\u017easnou architekturou, luxusn\u00edmi hotely a nekone\u010dn\u00fdmi mo\u017enostmi z\u00e1bavy.<\/p>\n\n\n\n<p><strong>Z\u00e1padn\u00ed Kapsko<\/strong> stoj\u00ed E$0,16 za dla\u017edici a zahrnuje 73 414 dla\u017edic. Tento region v Ji\u017en\u00ed Africe se st\u00e1v\u00e1 velmi vyhled\u00e1vanou lokalitou v Earth 2 d\u00edky sv\u00e9 \u00fachvatn\u00e9 p\u0159\u00edrod\u011b, kr\u00e1sn\u00fdm pl\u00e1\u017e\u00edm a bohat\u00e9mu kulturn\u00edmu d\u011bdictv\u00ed.<\/p>\n\n\n\n<p><strong>Attica<\/strong> stoj\u00ed E$0,16 za dla\u017edici a pokr\u00fdv\u00e1 67 222 dla\u017edic. Tento region v \u0158ecku se st\u00e1v\u00e1 obl\u00edbenou destinac\u00ed v Earth 2 d\u00edky sv\u00e9mu bohat\u00e9mu kulturn\u00edmu d\u011bdictv\u00ed, starov\u011bk\u00fdm ruin\u00e1m a \u00fachvatn\u00fdm p\u0159\u00edrodn\u00edm kr\u00e1s\u00e1m.<\/p>\n\n\n\n<h2 class=\"wp-block-heading\">Investi\u010dn\u00ed perspektiva<\/h2>\n\n\n\n<p>Z investi\u010dn\u00edho hlediska stoj\u00ed za zv\u00e1\u017een\u00ed regiony v Earth 2 s ni\u017e\u0161\u00ed cenou. Nap\u0159\u00edklad, <strong>Trinidad Tobago<\/strong> a <strong>Kiribati <\/strong>na adrese <strong>Tier2 <\/strong>a <strong>Z\u00e1padn\u00ed Kapsko <\/strong>a <strong>Attica <\/strong>na adrese <strong>Tier3 <\/strong>v\u0161echny maj\u00ed <strong>ni\u017e\u0161\u00ed cena za dla\u017edici. <\/strong>To by z nich mohlo u\u010dinit cenov\u011b dostupn\u011bj\u0161\u00ed investice, kter\u00e9 by mohly v dlouhodob\u00e9m horizontu p\u0159in\u00e9st vy\u0161\u0161\u00ed n\u00e1vratnost. Je v\u0161ak d\u016fle\u017eit\u00e9 si uv\u011bdomit, \u017ee investice do virtu\u00e1ln\u00ed p\u016fdy je <strong>spekulativn\u00ed investice,<\/strong> a p\u0159ed investov\u00e1n\u00edm jak\u00e9koli \u010d\u00e1stky je nutn\u00e9 prov\u00e9st d\u016fkladn\u00fd pr\u016fzkum.<\/p>\n\n\n\n<p>Pokud nav\u00edc hled\u00e1te nejlevn\u011bj\u0161\u00ed nov\u00e9 pozemky, zva\u017ete t\u011b\u017ebu. <strong>Esence v Severn\u00edm Pchjongjangu, Korejsk\u00e1 lidov\u011b demokratick\u00e1 republika a Grenadiny, Svat\u00fd Vincent a Grenadiny. <\/strong>Tato \u00fazem\u00ed si mezi investory z\u00edskala obrovskou oblibu d\u00edky sv\u00e9 <strong>nerostn\u00fd potenci\u00e1l <\/strong>a jsou aktu\u00e1ln\u00edmi l\u00eddry podle po\u010dtu z\u00edskan\u00fdch hlas\u016f.<\/p>","protected":false},"excerpt":{"rendered":"<p>Earth2 Wiki provides weekly Analysis of the Trending Regions in Earth2 Metaverse. Examining the monthly trends of Earth2 Regions, tremendously help our House Members identify the long-term patterns in demand of their virtual assets in Earth2. The Earth2 Metaverse is a fascinating virtual world where you can own land locations that are based on real-world [&hellip;]<\/p>\n","protected":false},"author":1,"featured_media":0,"parent":0,"menu_order":0,"comment_status":"closed","ping_status":"closed","template":"","meta":{"footnotes":""},"_links":{"self":[{"href":"https:\/\/earth2.wiki\/cs\/wp-json\/wp\/v2\/pages\/181"}],"collection":[{"href":"https:\/\/earth2.wiki\/cs\/wp-json\/wp\/v2\/pages"}],"about":[{"href":"https:\/\/earth2.wiki\/cs\/wp-json\/wp\/v2\/types\/page"}],"author":[{"embeddable":true,"href":"https:\/\/earth2.wiki\/cs\/wp-json\/wp\/v2\/users\/1"}],"replies":[{"embeddable":true,"href":"https:\/\/earth2.wiki\/cs\/wp-json\/wp\/v2\/comments?post=181"}],"version-history":[{"count":6,"href":"https:\/\/earth2.wiki\/cs\/wp-json\/wp\/v2\/pages\/181\/revisions"}],"predecessor-version":[{"id":412,"href":"https:\/\/earth2.wiki\/cs\/wp-json\/wp\/v2\/pages\/181\/revisions\/412"}],"wp:attachment":[{"href":"https:\/\/earth2.wiki\/cs\/wp-json\/wp\/v2\/media?parent=181"}],"curies":[{"name":"wp","href":"https:\/\/api.w.org\/{rel}","templated":true}]}}